{"id":1326,"date":"2021-01-12T17:15:50","date_gmt":"2021-01-12T15:15:50","guid":{"rendered":"https:\/\/samisiil.eu\/home\/"},"modified":"2021-01-13T19:33:39","modified_gmt":"2021-01-13T17:33:39","slug":"home","status":"publish","type":"page","link":"https:\/\/samisiil.eu\/en\/","title":{"rendered":"Home"},"content":{"rendered":"<div id='av_section_1'  class='avia-section main_color avia-section-default avia-no-border-styling  avia-bg-style-scroll  avia-builder-el-0  avia-builder-el-no-sibling   container_wrap sidebar_right' style='background-color: #ffffff;background-image: linear-gradient(#ffffff,rgba(176,198,139,0.14)); '  ><div class='container' ><main  role=\"main\" itemprop=\"mainContentOfPage\"  class='template-page content  av-content-small alpha units'><div class='post-entry post-entry-type-page post-entry-1326'><div class='entry-content-wrapper clearfix'>\n<div id='frontpage-masonry' class='av-masonry  noHover av-fixed-size av-large-gap av-hover-overlay-active av-masonry-animation-active av-masonry-col-3 av-caption-on-hover-hide av-caption-style-overlay    '  ><div class='av-masonry-container isotope av-js-disabled ' ><div class='av-masonry-entry isotope-item av-masonry-item-no-image '><\/div><a href=\"\/en\/activities-on-the-river\/\"  id='av-masonry-1-item-1551' data-av-masonry-item='1551' class='av-masonry-entry isotope-item post-1551 portfolio type-portfolio status-publish has-post-thumbnail hentry portfolio_entries-home  av-masonry-item-with-image av-grid-img' title=\"Kanuumatkad\"  itemscope=\"itemscope\" itemtype=\"https:\/\/schema.org\/CreativeWork\" ><div class='av-inner-masonry-sizer'><\/div><figure class='av-inner-masonry main_color'><div class=\"av-masonry-outerimage-container\"><div class=\"av-masonry-image-container\" style=\"background-image: url(https:\/\/samisiil.eu\/wp-content\/uploads\/2018\/11\/IMG_20190629_150715-705x529.jpg);\" title=\"Kanuumatkad\" ><\/div><\/div><figcaption class='av-inner-masonry-content site-background'><div class='av-inner-masonry-content-pos'><div class='av-inner-masonry-content-pos-content'><div class='avia-arrow'><\/div><h3 class='av-masonry-entry-title entry-title '  itemprop=\"headline\" >Canoe trips<\/h3><\/div><\/div><\/figcaption><\/figure><\/a><!--end av-masonry entry--><a href=\"\/en\/accommodation-2\/\"  id='av-masonry-1-item-1559' data-av-masonry-item='1559' class='av-masonry-entry isotope-item post-1559 portfolio type-portfolio status-publish has-post-thumbnail hentry portfolio_entries-home  av-masonry-item-with-image av-grid-img' title=\"majutus\"  itemscope=\"itemscope\" itemtype=\"https:\/\/schema.org\/CreativeWork\" ><div class='av-inner-masonry-sizer'><\/div><figure class='av-inner-masonry main_color'><div class=\"av-masonry-outerimage-container\"><div class=\"av-masonry-image-container\" style=\"background-image: url(https:\/\/samisiil.eu\/wp-content\/uploads\/2018\/11\/majutus-1-705x529.jpg);\" title=\"majutus\" ><\/div><\/div><figcaption class='av-inner-masonry-content site-background'><div class='av-inner-masonry-content-pos'><div class='av-inner-masonry-content-pos-content'><div class='avia-arrow'><\/div><h3 class='av-masonry-entry-title entry-title '  itemprop=\"headline\" >Accommodation<\/h3><\/div><\/div><\/figcaption><\/figure><\/a><!--end av-masonry entry--><a href=\"\/en\/paintball\/\"  id='av-masonry-1-item-1555' data-av-masonry-item='1555' class='av-masonry-entry isotope-item post-1555 portfolio type-portfolio status-publish has-post-thumbnail hentry portfolio_entries-home  av-masonry-item-with-image av-grid-img' title=\"Paintball\"  itemscope=\"itemscope\" itemtype=\"https:\/\/schema.org\/CreativeWork\" ><div class='av-inner-masonry-sizer'><\/div><figure class='av-inner-masonry main_color'><div class=\"av-masonry-outerimage-container\"><div class=\"av-masonry-image-container\" style=\"background-image: url(https:\/\/samisiil.eu\/wp-content\/uploads\/2020\/10\/0010580_paintball-adventure-vancouver.jpeg);\" title=\"Paintball\" ><\/div><\/div><figcaption class='av-inner-masonry-content site-background'><div class='av-inner-masonry-content-pos'><div class='av-inner-masonry-content-pos-content'><div class='avia-arrow'><\/div><h3 class='av-masonry-entry-title entry-title '  itemprop=\"headline\" >Paintball<\/h3><\/div><\/div><\/figcaption><\/figure><\/a><!--end av-masonry entry--><a href=\"\/en\/rent\/\"  id='av-masonry-1-item-1567' data-av-masonry-item='1567' class='av-masonry-entry isotope-item post-1567 portfolio type-portfolio status-publish has-post-thumbnail hentry portfolio_entries-home  av-masonry-item-with-image av-grid-img' title=\"Peotelk 5&#215;10 m\"  itemscope=\"itemscope\" itemtype=\"https:\/\/schema.org\/CreativeWork\" ><div class='av-inner-masonry-sizer'><\/div><figure class='av-inner-masonry main_color'><div class=\"av-masonry-outerimage-container\"><div class=\"av-masonry-image-container\" style=\"background-image: url(https:\/\/samisiil.eu\/wp-content\/uploads\/2019\/06\/DSC_0015-705x397.jpg);\" title=\"Peotelk 5&#215;10 m\" ><\/div><\/div><figcaption class='av-inner-masonry-content site-background'><div class='av-inner-masonry-content-pos'><div class='av-inner-masonry-content-pos-content'><div class='avia-arrow'><\/div><h3 class='av-masonry-entry-title entry-title '  itemprop=\"headline\" >Rent<\/h3><\/div><\/div><\/figcaption><\/figure><\/a><!--end av-masonry entry--><a href=\"\/en\/saunas\/\"  id='av-masonry-1-item-1563' data-av-masonry-item='1563' class='av-masonry-entry isotope-item post-1563 portfolio type-portfolio status-publish has-post-thumbnail hentry portfolio_entries-home  av-masonry-item-with-image av-grid-img' title=\"Saunasamaan\"  itemscope=\"itemscope\" itemtype=\"https:\/\/schema.org\/CreativeWork\" ><div class='av-inner-masonry-sizer'><\/div><figure class='av-inner-masonry main_color'><div class=\"av-masonry-outerimage-container\"><div class=\"av-masonry-image-container\" style=\"background-image: url(https:\/\/samisiil.eu\/wp-content\/uploads\/2019\/08\/68760084_433168010742004_5222356249667960832_n-705x470.jpg);\" title=\"Saunasamaan\" ><\/div><\/div><figcaption class='av-inner-masonry-content site-background'><div class='av-inner-masonry-content-pos'><div class='av-inner-masonry-content-pos-content'><div class='avia-arrow'><\/div><h3 class='av-masonry-entry-title entry-title '  itemprop=\"headline\" >Saunas<\/h3><\/div><\/div><\/figcaption><\/figure><\/a><!--end av-masonry entry--><a href=\"\/en\/gallery\/\"  id='av-masonry-1-item-1571' data-av-masonry-item='1571' class='av-masonry-entry isotope-item post-1571 portfolio type-portfolio status-publish has-post-thumbnail hentry portfolio_entries-home  av-masonry-item-with-image av-grid-img' title=\"Kanuumatkad\"  itemscope=\"itemscope\" itemtype=\"https:\/\/schema.org\/CreativeWork\" ><div class='av-inner-masonry-sizer'><\/div><figure class='av-inner-masonry main_color'><div class=\"av-masonry-outerimage-container\"><div class=\"av-masonry-image-container\" style=\"background-image: url(https:\/\/samisiil.eu\/wp-content\/uploads\/2019\/07\/IMG_20190629_143052-1-705x529.jpg);\" title=\"Kanuumatkad\" ><\/div><\/div><figcaption class='av-inner-masonry-content site-background'><div class='av-inner-masonry-content-pos'><div class='av-inner-masonry-content-pos-content'><div class='avia-arrow'><\/div><h3 class='av-masonry-entry-title entry-title '  itemprop=\"headline\" >Gallery<\/h3><\/div><\/div><\/figcaption><\/figure><\/a><!--end av-masonry entry--><\/div><\/div>\n<\/div><\/div><\/main><!-- close content main element --><\/div><\/div><div id='after_section_1'  class='main_color av_default_container_wrap container_wrap sidebar_right' style=' '  ><div class='container' ><div class='template-page content  av-content-small alpha units'><div class='post-entry post-entry-type-page post-entry-1326'><div class='entry-content-wrapper clearfix'>\n","protected":false},"excerpt":{"rendered":"","protected":false},"author":1,"featured_media":0,"parent":0,"menu_order":0,"comment_status":"closed","ping_status":"closed","template":"","meta":{"footnotes":""},"class_list":["post-1326","page","type-page","status-publish","hentry"],"yoast_head":"<!-- This site is optimized with the Yoast SEO plugin v24.9 - https:\/\/yoast.com\/wordpress\/plugins\/seo\/ -->\n<title>Home - S\u00e4mi Siil adventures<\/title>\n<meta name=\"description\" content=\"Active vacation in L\u00e4\u00e4ne-Virumaa. Canoe trips and equipment rental. Party tents and beer furniture rental. Accommodation and sauna.\" \/>\n<meta name=\"robots\" content=\"index, follow, max-snippet:-1, max-image-preview:large, max-video-preview:-1\" \/>\n<link rel=\"canonical\" href=\"https:\/\/samisiil.eu\/en\/\" \/>\n<meta property=\"og:locale\" content=\"en_US\" \/>\n<meta property=\"og:type\" content=\"article\" \/>\n<meta property=\"og:title\" content=\"Home - S\u00e4mi Siil adventures\" \/>\n<meta property=\"og:description\" content=\"Active vacation in L\u00e4\u00e4ne-Virumaa. Canoe trips and equipment rental. Party tents and beer furniture rental. Accommodation and sauna.\" \/>\n<meta property=\"og:url\" content=\"https:\/\/samisiil.eu\/en\/\" \/>\n<meta property=\"og:site_name\" content=\"S\u00c4MI SIIL SEIKLEB\" \/>\n<meta property=\"article:publisher\" content=\"https:\/\/www.facebook.com\/samisiil\" \/>\n<meta property=\"article:modified_time\" content=\"2021-01-13T17:33:39+00:00\" \/>\n<meta name=\"twitter:card\" content=\"summary_large_image\" \/>\n<meta name=\"twitter:label1\" content=\"Est. reading time\" \/>\n\t<meta name=\"twitter:data1\" content=\"1 minute\" \/>\n<script type=\"application\/ld+json\" class=\"yoast-schema-graph\">{\"@context\":\"https:\/\/schema.org\",\"@graph\":[{\"@type\":\"WebPage\",\"@id\":\"https:\/\/samisiil.eu\/en\/\",\"url\":\"https:\/\/samisiil.eu\/en\/\",\"name\":\"Home - S\u00e4mi Siil adventures\",\"isPartOf\":{\"@id\":\"https:\/\/samisiil.eu\/en\/#website\"},\"datePublished\":\"2021-01-12T15:15:50+00:00\",\"dateModified\":\"2021-01-13T17:33:39+00:00\",\"description\":\"Active vacation in L\u00e4\u00e4ne-Virumaa. Canoe trips and equipment rental. Party tents and beer furniture rental. Accommodation and sauna.\",\"breadcrumb\":{\"@id\":\"https:\/\/samisiil.eu\/en\/#breadcrumb\"},\"inLanguage\":\"en-US\",\"potentialAction\":[{\"@type\":\"ReadAction\",\"target\":[\"https:\/\/samisiil.eu\/en\/\"]}]},{\"@type\":\"BreadcrumbList\",\"@id\":\"https:\/\/samisiil.eu\/en\/#breadcrumb\",\"itemListElement\":[{\"@type\":\"ListItem\",\"position\":1,\"name\":\"Home\",\"item\":\"https:\/\/samisiil.eu\/en\/\"},{\"@type\":\"ListItem\",\"position\":2,\"name\":\"Home\"}]},{\"@type\":\"WebSite\",\"@id\":\"https:\/\/samisiil.eu\/en\/#website\",\"url\":\"https:\/\/samisiil.eu\/en\/\",\"name\":\"S\u00c4MI SIIL SEIKLEB\",\"description\":\"S\u00c4MI SIIL SEIKLEB\",\"publisher\":{\"@id\":\"https:\/\/samisiil.eu\/en\/#organization\"},\"potentialAction\":[{\"@type\":\"SearchAction\",\"target\":{\"@type\":\"EntryPoint\",\"urlTemplate\":\"https:\/\/samisiil.eu\/en\/?s={search_term_string}\"},\"query-input\":{\"@type\":\"PropertyValueSpecification\",\"valueRequired\":true,\"valueName\":\"search_term_string\"}}],\"inLanguage\":\"en-US\"},{\"@type\":\"Organization\",\"@id\":\"https:\/\/samisiil.eu\/en\/#organization\",\"name\":\"S\u00e4mi Siil\",\"url\":\"https:\/\/samisiil.eu\/en\/\",\"logo\":{\"@type\":\"ImageObject\",\"inLanguage\":\"en-US\",\"@id\":\"https:\/\/samisiil.eu\/en\/#\/schema\/logo\/image\/\",\"url\":\"https:\/\/samisiil.eu\/wp-content\/uploads\/2019\/07\/logo.png\",\"contentUrl\":\"https:\/\/samisiil.eu\/wp-content\/uploads\/2019\/07\/logo.png\",\"width\":500,\"height\":230,\"caption\":\"S\u00e4mi Siil\"},\"image\":{\"@id\":\"https:\/\/samisiil.eu\/en\/#\/schema\/logo\/image\/\"},\"sameAs\":[\"https:\/\/www.facebook.com\/samisiil\"]}]}<\/script>\n<!-- \/ Yoast SEO plugin. -->","yoast_head_json":{"title":"Home - S\u00e4mi Siil adventures","description":"Active vacation in L\u00e4\u00e4ne-Virumaa. Canoe trips and equipment rental. Party tents and beer furniture rental. Accommodation and sauna.","robots":{"index":"index","follow":"follow","max-snippet":"max-snippet:-1","max-image-preview":"max-image-preview:large","max-video-preview":"max-video-preview:-1"},"canonical":"https:\/\/samisiil.eu\/en\/","og_locale":"en_US","og_type":"article","og_title":"Home - S\u00e4mi Siil adventures","og_description":"Active vacation in L\u00e4\u00e4ne-Virumaa. Canoe trips and equipment rental. Party tents and beer furniture rental. Accommodation and sauna.","og_url":"https:\/\/samisiil.eu\/en\/","og_site_name":"S\u00c4MI SIIL SEIKLEB","article_publisher":"https:\/\/www.facebook.com\/samisiil","article_modified_time":"2021-01-13T17:33:39+00:00","twitter_card":"summary_large_image","twitter_misc":{"Est. reading time":"1 minute"},"schema":{"@context":"https:\/\/schema.org","@graph":[{"@type":"WebPage","@id":"https:\/\/samisiil.eu\/en\/","url":"https:\/\/samisiil.eu\/en\/","name":"Home - S\u00e4mi Siil adventures","isPartOf":{"@id":"https:\/\/samisiil.eu\/en\/#website"},"datePublished":"2021-01-12T15:15:50+00:00","dateModified":"2021-01-13T17:33:39+00:00","description":"Active vacation in L\u00e4\u00e4ne-Virumaa. Canoe trips and equipment rental. Party tents and beer furniture rental. Accommodation and sauna.","breadcrumb":{"@id":"https:\/\/samisiil.eu\/en\/#breadcrumb"},"inLanguage":"en-US","potentialAction":[{"@type":"ReadAction","target":["https:\/\/samisiil.eu\/en\/"]}]},{"@type":"BreadcrumbList","@id":"https:\/\/samisiil.eu\/en\/#breadcrumb","itemListElement":[{"@type":"ListItem","position":1,"name":"Home","item":"https:\/\/samisiil.eu\/en\/"},{"@type":"ListItem","position":2,"name":"Home"}]},{"@type":"WebSite","@id":"https:\/\/samisiil.eu\/en\/#website","url":"https:\/\/samisiil.eu\/en\/","name":"S\u00c4MI SIIL SEIKLEB","description":"S\u00c4MI SIIL SEIKLEB","publisher":{"@id":"https:\/\/samisiil.eu\/en\/#organization"},"potentialAction":[{"@type":"SearchAction","target":{"@type":"EntryPoint","urlTemplate":"https:\/\/samisiil.eu\/en\/?s={search_term_string}"},"query-input":{"@type":"PropertyValueSpecification","valueRequired":true,"valueName":"search_term_string"}}],"inLanguage":"en-US"},{"@type":"Organization","@id":"https:\/\/samisiil.eu\/en\/#organization","name":"S\u00e4mi Siil","url":"https:\/\/samisiil.eu\/en\/","logo":{"@type":"ImageObject","inLanguage":"en-US","@id":"https:\/\/samisiil.eu\/en\/#\/schema\/logo\/image\/","url":"https:\/\/samisiil.eu\/wp-content\/uploads\/2019\/07\/logo.png","contentUrl":"https:\/\/samisiil.eu\/wp-content\/uploads\/2019\/07\/logo.png","width":500,"height":230,"caption":"S\u00e4mi Siil"},"image":{"@id":"https:\/\/samisiil.eu\/en\/#\/schema\/logo\/image\/"},"sameAs":["https:\/\/www.facebook.com\/samisiil"]}]}},"_links":{"self":[{"href":"https:\/\/samisiil.eu\/en\/wp-json\/wp\/v2\/pages\/1326","targetHints":{"allow":["GET"]}}],"collection":[{"href":"https:\/\/samisiil.eu\/en\/wp-json\/wp\/v2\/pages"}],"about":[{"href":"https:\/\/samisiil.eu\/en\/wp-json\/wp\/v2\/types\/page"}],"author":[{"embeddable":true,"href":"https:\/\/samisiil.eu\/en\/wp-json\/wp\/v2\/users\/1"}],"replies":[{"embeddable":true,"href":"https:\/\/samisiil.eu\/en\/wp-json\/wp\/v2\/comments?post=1326"}],"version-history":[{"count":12,"href":"https:\/\/samisiil.eu\/en\/wp-json\/wp\/v2\/pages\/1326\/revisions"}],"predecessor-version":[{"id":1641,"href":"https:\/\/samisiil.eu\/en\/wp-json\/wp\/v2\/pages\/1326\/revisions\/1641"}],"wp:attachment":[{"href":"https:\/\/samisiil.eu\/en\/wp-json\/wp\/v2\/media?parent=1326"}],"curies":[{"name":"wp","href":"https:\/\/api.w.org\/{rel}","templated":true}]}}