{"id":1330,"date":"2021-01-13T11:04:31","date_gmt":"2021-01-13T09:04:31","guid":{"rendered":"https:\/\/samisiil.eu\/contact\/"},"modified":"2021-03-28T16:58:35","modified_gmt":"2021-03-28T13:58:35","slug":"contact","status":"publish","type":"page","link":"https:\/\/samisiil.eu\/en\/contact\/","title":{"rendered":"Contact"},"content":{"rendered":"<div id='contact-page'  class='av-layout-grid-container entry-content-wrapper main_color av-flex-cells     avia-builder-el-0  avia-builder-el-no-sibling  container_wrap sidebar_right' style=' '  >\n<div class=\"flex_cell no_margin av_one_full  avia-builder-el-1  avia-builder-el-no-sibling   av-zero-padding \"  style='vertical-align:top; padding:0px; ' ><div class='flex_cell_inner' ><div  class='av_gmaps_sc_main_wrap av_gmaps_main_wrap '><div id='av_gmap_0' class='avia-google-map-container avia-google-map-sc av_gmaps_show_unconditionally av-no-fallback-img ' data-mapid='av_gmap_0'  style='height: 700px;'><a class=\"av_gmaps_browser_disabled av_text_confirm_link av_text_confirm_link_visible\" href=\"https:\/\/www.google.com\/maps\/search\/?api=1&#038;query=J\u00f5ekalda,%20S\u00e4mi%20k\u00fcla,%20L\u00e4\u00e4ne-Virumaa\" target=\"_blank\" rel=\"noopener\">Maps were disabled by the visitor on this site. Click to open the map in a new window.<\/a><\/div><\/div>\n<\/div><\/div><\/div>\n","protected":false},"excerpt":{"rendered":"","protected":false},"author":1,"featured_media":0,"parent":0,"menu_order":0,"comment_status":"closed","ping_status":"closed","template":"","meta":{"footnotes":""},"class_list":["post-1330","page","type-page","status-publish","hentry"],"yoast_head":"<!-- This site is optimized with the Yoast SEO plugin v24.9 - https:\/\/yoast.com\/wordpress\/plugins\/seo\/ -->\n<title>Contact<\/title>\n<meta name=\"description\" content=\"Active vacation in L\u00e4\u00e4ne-Virumaa. Canoe trips and equipment rental. Party tents and beer furniture rental. Accommodation and sauna.\" \/>\n<meta name=\"robots\" content=\"index, follow, max-snippet:-1, max-image-preview:large, max-video-preview:-1\" \/>\n<link rel=\"canonical\" href=\"https:\/\/samisiil.eu\/en\/contact\/\" \/>\n<meta property=\"og:locale\" content=\"en_US\" \/>\n<meta property=\"og:type\" content=\"article\" \/>\n<meta property=\"og:title\" content=\"Contact\" \/>\n<meta property=\"og:description\" content=\"Active vacation in L\u00e4\u00e4ne-Virumaa. Canoe trips and equipment rental. Party tents and beer furniture rental. Accommodation and sauna.\" \/>\n<meta property=\"og:url\" content=\"https:\/\/samisiil.eu\/en\/contact\/\" \/>\n<meta property=\"og:site_name\" content=\"S\u00c4MI SIIL SEIKLEB\" \/>\n<meta property=\"article:publisher\" content=\"https:\/\/www.facebook.com\/samisiil\" \/>\n<meta property=\"article:modified_time\" content=\"2021-03-28T13:58:35+00:00\" \/>\n<meta name=\"twitter:card\" content=\"summary_large_image\" \/>\n<meta name=\"twitter:label1\" content=\"Est. reading time\" \/>\n\t<meta name=\"twitter:data1\" content=\"1 minute\" \/>\n<script type=\"application\/ld+json\" class=\"yoast-schema-graph\">{\"@context\":\"https:\/\/schema.org\",\"@graph\":[{\"@type\":\"WebPage\",\"@id\":\"https:\/\/samisiil.eu\/en\/contact\/\",\"url\":\"https:\/\/samisiil.eu\/en\/contact\/\",\"name\":\"Contact\",\"isPartOf\":{\"@id\":\"https:\/\/samisiil.eu\/en\/#website\"},\"datePublished\":\"2021-01-13T09:04:31+00:00\",\"dateModified\":\"2021-03-28T13:58:35+00:00\",\"description\":\"Active vacation in L\u00e4\u00e4ne-Virumaa. Canoe trips and equipment rental. Party tents and beer furniture rental. Accommodation and sauna.\",\"breadcrumb\":{\"@id\":\"https:\/\/samisiil.eu\/en\/contact\/#breadcrumb\"},\"inLanguage\":\"en-US\",\"potentialAction\":[{\"@type\":\"ReadAction\",\"target\":[\"https:\/\/samisiil.eu\/en\/contact\/\"]}]},{\"@type\":\"BreadcrumbList\",\"@id\":\"https:\/\/samisiil.eu\/en\/contact\/#breadcrumb\",\"itemListElement\":[{\"@type\":\"ListItem\",\"position\":1,\"name\":\"Home\",\"item\":\"https:\/\/samisiil.eu\/en\/\"},{\"@type\":\"ListItem\",\"position\":2,\"name\":\"Contact\"}]},{\"@type\":\"WebSite\",\"@id\":\"https:\/\/samisiil.eu\/en\/#website\",\"url\":\"https:\/\/samisiil.eu\/en\/\",\"name\":\"S\u00c4MI SIIL SEIKLEB\",\"description\":\"S\u00c4MI SIIL SEIKLEB\",\"publisher\":{\"@id\":\"https:\/\/samisiil.eu\/en\/#organization\"},\"potentialAction\":[{\"@type\":\"SearchAction\",\"target\":{\"@type\":\"EntryPoint\",\"urlTemplate\":\"https:\/\/samisiil.eu\/en\/?s={search_term_string}\"},\"query-input\":{\"@type\":\"PropertyValueSpecification\",\"valueRequired\":true,\"valueName\":\"search_term_string\"}}],\"inLanguage\":\"en-US\"},{\"@type\":\"Organization\",\"@id\":\"https:\/\/samisiil.eu\/en\/#organization\",\"name\":\"S\u00e4mi Siil\",\"url\":\"https:\/\/samisiil.eu\/en\/\",\"logo\":{\"@type\":\"ImageObject\",\"inLanguage\":\"en-US\",\"@id\":\"https:\/\/samisiil.eu\/en\/#\/schema\/logo\/image\/\",\"url\":\"https:\/\/samisiil.eu\/wp-content\/uploads\/2019\/07\/logo.png\",\"contentUrl\":\"https:\/\/samisiil.eu\/wp-content\/uploads\/2019\/07\/logo.png\",\"width\":500,\"height\":230,\"caption\":\"S\u00e4mi Siil\"},\"image\":{\"@id\":\"https:\/\/samisiil.eu\/en\/#\/schema\/logo\/image\/\"},\"sameAs\":[\"https:\/\/www.facebook.com\/samisiil\"]}]}<\/script>\n<!-- \/ Yoast SEO plugin. -->","yoast_head_json":{"title":"Contact","description":"Active vacation in L\u00e4\u00e4ne-Virumaa. Canoe trips and equipment rental. Party tents and beer furniture rental. Accommodation and sauna.","robots":{"index":"index","follow":"follow","max-snippet":"max-snippet:-1","max-image-preview":"max-image-preview:large","max-video-preview":"max-video-preview:-1"},"canonical":"https:\/\/samisiil.eu\/en\/contact\/","og_locale":"en_US","og_type":"article","og_title":"Contact","og_description":"Active vacation in L\u00e4\u00e4ne-Virumaa. Canoe trips and equipment rental. Party tents and beer furniture rental. Accommodation and sauna.","og_url":"https:\/\/samisiil.eu\/en\/contact\/","og_site_name":"S\u00c4MI SIIL SEIKLEB","article_publisher":"https:\/\/www.facebook.com\/samisiil","article_modified_time":"2021-03-28T13:58:35+00:00","twitter_card":"summary_large_image","twitter_misc":{"Est. reading time":"1 minute"},"schema":{"@context":"https:\/\/schema.org","@graph":[{"@type":"WebPage","@id":"https:\/\/samisiil.eu\/en\/contact\/","url":"https:\/\/samisiil.eu\/en\/contact\/","name":"Contact","isPartOf":{"@id":"https:\/\/samisiil.eu\/en\/#website"},"datePublished":"2021-01-13T09:04:31+00:00","dateModified":"2021-03-28T13:58:35+00:00","description":"Active vacation in L\u00e4\u00e4ne-Virumaa. Canoe trips and equipment rental. Party tents and beer furniture rental. Accommodation and sauna.","breadcrumb":{"@id":"https:\/\/samisiil.eu\/en\/contact\/#breadcrumb"},"inLanguage":"en-US","potentialAction":[{"@type":"ReadAction","target":["https:\/\/samisiil.eu\/en\/contact\/"]}]},{"@type":"BreadcrumbList","@id":"https:\/\/samisiil.eu\/en\/contact\/#breadcrumb","itemListElement":[{"@type":"ListItem","position":1,"name":"Home","item":"https:\/\/samisiil.eu\/en\/"},{"@type":"ListItem","position":2,"name":"Contact"}]},{"@type":"WebSite","@id":"https:\/\/samisiil.eu\/en\/#website","url":"https:\/\/samisiil.eu\/en\/","name":"S\u00c4MI SIIL SEIKLEB","description":"S\u00c4MI SIIL SEIKLEB","publisher":{"@id":"https:\/\/samisiil.eu\/en\/#organization"},"potentialAction":[{"@type":"SearchAction","target":{"@type":"EntryPoint","urlTemplate":"https:\/\/samisiil.eu\/en\/?s={search_term_string}"},"query-input":{"@type":"PropertyValueSpecification","valueRequired":true,"valueName":"search_term_string"}}],"inLanguage":"en-US"},{"@type":"Organization","@id":"https:\/\/samisiil.eu\/en\/#organization","name":"S\u00e4mi Siil","url":"https:\/\/samisiil.eu\/en\/","logo":{"@type":"ImageObject","inLanguage":"en-US","@id":"https:\/\/samisiil.eu\/en\/#\/schema\/logo\/image\/","url":"https:\/\/samisiil.eu\/wp-content\/uploads\/2019\/07\/logo.png","contentUrl":"https:\/\/samisiil.eu\/wp-content\/uploads\/2019\/07\/logo.png","width":500,"height":230,"caption":"S\u00e4mi Siil"},"image":{"@id":"https:\/\/samisiil.eu\/en\/#\/schema\/logo\/image\/"},"sameAs":["https:\/\/www.facebook.com\/samisiil"]}]}},"_links":{"self":[{"href":"https:\/\/samisiil.eu\/en\/wp-json\/wp\/v2\/pages\/1330","targetHints":{"allow":["GET"]}}],"collection":[{"href":"https:\/\/samisiil.eu\/en\/wp-json\/wp\/v2\/pages"}],"about":[{"href":"https:\/\/samisiil.eu\/en\/wp-json\/wp\/v2\/types\/page"}],"author":[{"embeddable":true,"href":"https:\/\/samisiil.eu\/en\/wp-json\/wp\/v2\/users\/1"}],"replies":[{"embeddable":true,"href":"https:\/\/samisiil.eu\/en\/wp-json\/wp\/v2\/comments?post=1330"}],"version-history":[{"count":14,"href":"https:\/\/samisiil.eu\/en\/wp-json\/wp\/v2\/pages\/1330\/revisions"}],"predecessor-version":[{"id":1775,"href":"https:\/\/samisiil.eu\/en\/wp-json\/wp\/v2\/pages\/1330\/revisions\/1775"}],"wp:attachment":[{"href":"https:\/\/samisiil.eu\/en\/wp-json\/wp\/v2\/media?parent=1330"}],"curies":[{"name":"wp","href":"https:\/\/api.w.org\/{rel}","templated":true}]}}