{"id":1363,"date":"2021-01-13T11:46:19","date_gmt":"2021-01-13T09:46:19","guid":{"rendered":"https:\/\/samisiil.eu\/river-kunda\/"},"modified":"2021-01-13T11:46:19","modified_gmt":"2021-01-13T09:46:19","slug":"river-kunda","status":"publish","type":"page","link":"https:\/\/samisiil.eu\/en\/activities-on-the-river\/river-kunda\/","title":{"rendered":"River Kunda"},"content":{"rendered":"<div id='av_section_1'  class='avia-section main_color avia-section-large avia-no-border-styling  avia-bg-style-scroll  avia-builder-el-0  avia-builder-el-no-sibling   container_wrap sidebar_right' style=' '  ><div class='container' ><main  role=\"main\" itemprop=\"mainContentOfPage\"  class='template-page content  av-content-small alpha units'><div class='post-entry post-entry-type-page post-entry-1363'><div class='entry-content-wrapper clearfix'>\n<div class=\"flex_column av_one_fifth  av-hide-on-mobile  flex_column_div av-zero-column-padding first  avia-builder-el-1  el_before_av_four_fifth  avia-builder-el-first  \" style='border-radius:0px; '><div  class='avia-builder-widget-area clearfix  avia-builder-el-2  avia-builder-el-no-sibling '><section id=\"nav_menu-2\" class=\"widget clearfix widget_nav_menu\"><div class=\"menu-joed-english-container\"><ul id=\"menu-joed-english\" class=\"menu\"><li id=\"menu-item-1545\" class=\"menu-item menu-item-type-post_type menu-item-object-page menu-item-has-children menu-item-1545\"><a href=\"https:\/\/samisiil.eu\/en\/activities-on-the-river\/\">Activities on the river<\/a>\n<ul class=\"sub-menu\">\n\t<li id=\"menu-item-1546\" class=\"menu-item menu-item-type-post_type menu-item-object-page menu-item-1546\"><a href=\"https:\/\/samisiil.eu\/en\/activities-on-the-river\/river-kunda\/\">River Kunda<\/a><\/li>\n<\/ul>\n<\/li>\n<\/ul><\/div><span class=\"seperator extralight-border\"><\/span><\/section><\/div><\/div><div class=\"flex_column av_four_fifth  flex_column_div av-zero-column-padding   avia-builder-el-3  el_after_av_one_fifth  avia-builder-el-last  \" style='border-radius:0px; '><p><div  style='padding-bottom:10px; ' class='av-special-heading av-special-heading-h2  blockquote modern-quote  avia-builder-el-4  el_before_av_hr  avia-builder-el-first  '><h2 class='av-special-heading-tag '  itemprop=\"headline\"  >River Kunda<\/h2><div class='special-heading-border'><div class='special-heading-inner-border' ><\/div><\/div><\/div><br \/>\n<div  style=' margin-top:20px; margin-bottom:30px;'  class='hr hr-custom hr-left hr-icon-no   avia-builder-el-5  el_after_av_heading  el_before_av_textblock '><span class='hr-inner  inner-border-av-border-fat' style=' width:50px;' ><span class='hr-inner-style'><\/span><\/span><\/div><br \/>\n<section class=\"av_textblock_section \"  itemscope=\"itemscope\" itemtype=\"https:\/\/schema.org\/CreativeWork\" ><div class='avia_textblock  '   itemprop=\"text\" ><p>The Kunda River is also known by names such as the V\u00f5hu River, P\u00f5lula, S\u00e4mi and Semmij\u00f5gi. JThe river starts 1.5 km north of the small town of Roela on the eastern edge of the Pandivere Upland and flows into Kunda Bay in the Gulf of Finland, belonging to the Gulf of Finland basin. The length is 69 km and the catchment area is 530 km\u00b2. It is the longest and most water-rich river in L\u00e4\u00e4ne-Viru, which forms a canyon with deep sandstone walls in Kunda.<\/p>\n<p><strong><em>Canoeing is possible on different routes, lasting approx. 2.5 h to 4.5 h<\/em><\/strong><\/p>\n<p>In S\u00e4mi we have a nice place where you can grill and chill after the hike.<\/p>\n<\/div><\/section><br \/>\n<div  style=' margin-top:20px; margin-bottom:30px;'  class='hr hr-custom hr-left hr-icon-no   avia-builder-el-7  el_after_av_textblock  el_before_av_masonry_gallery  avia-builder-el-last '><span class='hr-inner  inner-border-av-border-fat' style=' width:50px;' ><span class='hr-inner-style'><\/span><\/span><\/div><br \/>\n<div id='av-masonry-1' class='av-masonry  noHover av-flex-size av-large-gap av-hover-overlay-active av-masonry-animation-active av-masonry-col-5 av-caption-always av-caption-style- av-masonry-gallery     '  ><div class='av-masonry-container isotope av-js-disabled ' ><div class='av-masonry-entry isotope-item av-masonry-item-no-image '><\/div><a href=\"https:\/\/samisiil.eu\/wp-content\/uploads\/2019\/08\/DSC_0034-1030x687.jpg\"  aria-label=\"image DSC_0034\"  id='av-masonry-1-item-1216' data-av-masonry-item='1216' class='av-masonry-entry isotope-item post-1216 attachment type-attachment status-inherit hentry  av-masonry-item-with-image' title=\"DSC_0034\" alt=\"\"   itemprop=\"thumbnailUrl\" ><div class='av-inner-masonry-sizer'><\/div><figure class='av-inner-masonry main_color'><div class=\"av-masonry-outerimage-container\"><div class=\"av-masonry-image-container\" ><img decoding=\"async\" width=\"705\" height=\"470\" class=\"wp-image-1216 avia-img-lazy-loading-not-1216\"  src=\"https:\/\/samisiil.eu\/wp-content\/uploads\/2019\/08\/DSC_0034-705x470.jpg\" title=\"DSC_0034\" alt=\"\" srcset=\"https:\/\/samisiil.eu\/wp-content\/uploads\/2019\/08\/DSC_0034-705x470.jpg 705w, https:\/\/samisiil.eu\/wp-content\/uploads\/2019\/08\/DSC_0034-300x200.jpg 300w, https:\/\/samisiil.eu\/wp-content\/uploads\/2019\/08\/DSC_0034-768x512.jpg 768w, https:\/\/samisiil.eu\/wp-content\/uploads\/2019\/08\/DSC_0034-1030x687.jpg 1030w, https:\/\/samisiil.eu\/wp-content\/uploads\/2019\/08\/DSC_0034-1500x1000.jpg 1500w, https:\/\/samisiil.eu\/wp-content\/uploads\/2019\/08\/DSC_0034-450x300.jpg 450w\" sizes=\"(max-width: 705px) 100vw, 705px\" \/><\/div><\/div><\/figure><\/a><!--end av-masonry entry--><a href=\"https:\/\/samisiil.eu\/wp-content\/uploads\/2019\/08\/DSC_0125-1030x687.jpg\"  aria-label=\"image DSC_0125\"  id='av-masonry-1-item-1218' data-av-masonry-item='1218' class='av-masonry-entry isotope-item post-1218 attachment type-attachment status-inherit hentry  av-masonry-item-with-image' title=\"DSC_0125\" alt=\"\"   itemprop=\"thumbnailUrl\" ><div class='av-inner-masonry-sizer'><\/div><figure class='av-inner-masonry main_color'><div class=\"av-masonry-outerimage-container\"><div class=\"av-masonry-image-container\" ><img decoding=\"async\" width=\"705\" height=\"470\" class=\"wp-image-1218 avia-img-lazy-loading-not-1218\"  src=\"https:\/\/samisiil.eu\/wp-content\/uploads\/2019\/08\/DSC_0125-705x470.jpg\" title=\"DSC_0125\" alt=\"\" srcset=\"https:\/\/samisiil.eu\/wp-content\/uploads\/2019\/08\/DSC_0125-705x470.jpg 705w, https:\/\/samisiil.eu\/wp-content\/uploads\/2019\/08\/DSC_0125-300x200.jpg 300w, https:\/\/samisiil.eu\/wp-content\/uploads\/2019\/08\/DSC_0125-768x512.jpg 768w, https:\/\/samisiil.eu\/wp-content\/uploads\/2019\/08\/DSC_0125-1030x687.jpg 1030w, https:\/\/samisiil.eu\/wp-content\/uploads\/2019\/08\/DSC_0125-1500x1000.jpg 1500w, https:\/\/samisiil.eu\/wp-content\/uploads\/2019\/08\/DSC_0125-450x300.jpg 450w\" sizes=\"(max-width: 705px) 100vw, 705px\" \/><\/div><\/div><\/figure><\/a><!--end av-masonry entry--><a href=\"https:\/\/samisiil.eu\/wp-content\/uploads\/2019\/08\/DSC_0155-1030x687.jpg\"  aria-label=\"image DSC_0155\"  id='av-masonry-1-item-1220' data-av-masonry-item='1220' class='av-masonry-entry isotope-item post-1220 attachment type-attachment status-inherit hentry  av-masonry-item-with-image' title=\"DSC_0155\" alt=\"\"   itemprop=\"thumbnailUrl\" ><div class='av-inner-masonry-sizer'><\/div><figure class='av-inner-masonry main_color'><div class=\"av-masonry-outerimage-container\"><div class=\"av-masonry-image-container\" ><img decoding=\"async\" width=\"705\" height=\"470\" class=\"wp-image-1220 avia-img-lazy-loading-not-1220\"  src=\"https:\/\/samisiil.eu\/wp-content\/uploads\/2019\/08\/DSC_0155-705x470.jpg\" title=\"DSC_0155\" alt=\"\" srcset=\"https:\/\/samisiil.eu\/wp-content\/uploads\/2019\/08\/DSC_0155-705x470.jpg 705w, https:\/\/samisiil.eu\/wp-content\/uploads\/2019\/08\/DSC_0155-300x200.jpg 300w, https:\/\/samisiil.eu\/wp-content\/uploads\/2019\/08\/DSC_0155-768x512.jpg 768w, https:\/\/samisiil.eu\/wp-content\/uploads\/2019\/08\/DSC_0155-1030x687.jpg 1030w, https:\/\/samisiil.eu\/wp-content\/uploads\/2019\/08\/DSC_0155-1500x1000.jpg 1500w, https:\/\/samisiil.eu\/wp-content\/uploads\/2019\/08\/DSC_0155-450x300.jpg 450w\" sizes=\"(max-width: 705px) 100vw, 705px\" \/><\/div><\/div><\/figure><\/a><!--end av-masonry entry--><a href=\"https:\/\/samisiil.eu\/wp-content\/uploads\/2019\/08\/DSC_0175-1030x687.jpg\"  aria-label=\"image DSC_0175\"  id='av-masonry-1-item-1222' data-av-masonry-item='1222' class='av-masonry-entry isotope-item post-1222 attachment type-attachment status-inherit hentry  av-masonry-item-with-image' title=\"DSC_0175\" alt=\"\"   itemprop=\"thumbnailUrl\" ><div class='av-inner-masonry-sizer'><\/div><figure class='av-inner-masonry main_color'><div class=\"av-masonry-outerimage-container\"><div class=\"av-masonry-image-container\" ><img decoding=\"async\" width=\"705\" height=\"470\" class=\"wp-image-1222 avia-img-lazy-loading-not-1222\"  src=\"https:\/\/samisiil.eu\/wp-content\/uploads\/2019\/08\/DSC_0175-705x470.jpg\" title=\"DSC_0175\" alt=\"\" srcset=\"https:\/\/samisiil.eu\/wp-content\/uploads\/2019\/08\/DSC_0175-705x470.jpg 705w, https:\/\/samisiil.eu\/wp-content\/uploads\/2019\/08\/DSC_0175-300x200.jpg 300w, https:\/\/samisiil.eu\/wp-content\/uploads\/2019\/08\/DSC_0175-768x512.jpg 768w, https:\/\/samisiil.eu\/wp-content\/uploads\/2019\/08\/DSC_0175-1030x687.jpg 1030w, https:\/\/samisiil.eu\/wp-content\/uploads\/2019\/08\/DSC_0175-1500x1000.jpg 1500w, https:\/\/samisiil.eu\/wp-content\/uploads\/2019\/08\/DSC_0175-450x300.jpg 450w\" sizes=\"(max-width: 705px) 100vw, 705px\" \/><\/div><\/div><\/figure><\/a><!--end av-masonry entry--><a href=\"https:\/\/samisiil.eu\/wp-content\/uploads\/2019\/08\/DSC_0229-1030x687.jpg\"  aria-label=\"image DSC_0229\"  id='av-masonry-1-item-1224' data-av-masonry-item='1224' class='av-masonry-entry isotope-item post-1224 attachment type-attachment status-inherit hentry  av-masonry-item-with-image' title=\"DSC_0229\" alt=\"\"   itemprop=\"thumbnailUrl\" ><div class='av-inner-masonry-sizer'><\/div><figure class='av-inner-masonry main_color'><div class=\"av-masonry-outerimage-container\"><div class=\"av-masonry-image-container\" ><img decoding=\"async\" width=\"705\" height=\"470\" class=\"wp-image-1224 avia-img-lazy-loading-not-1224\"  src=\"https:\/\/samisiil.eu\/wp-content\/uploads\/2019\/08\/DSC_0229-705x470.jpg\" title=\"DSC_0229\" alt=\"\" srcset=\"https:\/\/samisiil.eu\/wp-content\/uploads\/2019\/08\/DSC_0229-705x470.jpg 705w, https:\/\/samisiil.eu\/wp-content\/uploads\/2019\/08\/DSC_0229-300x200.jpg 300w, https:\/\/samisiil.eu\/wp-content\/uploads\/2019\/08\/DSC_0229-768x512.jpg 768w, https:\/\/samisiil.eu\/wp-content\/uploads\/2019\/08\/DSC_0229-1030x687.jpg 1030w, https:\/\/samisiil.eu\/wp-content\/uploads\/2019\/08\/DSC_0229-1500x1000.jpg 1500w, https:\/\/samisiil.eu\/wp-content\/uploads\/2019\/08\/DSC_0229-450x300.jpg 450w\" sizes=\"(max-width: 705px) 100vw, 705px\" \/><\/div><\/div><\/figure><\/a><!--end av-masonry entry--><\/div><\/div><\/p><\/div><\/div><\/div><\/main><!-- close content main element --><\/div><\/div><div id='after_section_1'  class='main_color av_default_container_wrap container_wrap sidebar_right' style=' '  ><div class='container' ><div class='template-page content  av-content-small alpha units'><div class='post-entry post-entry-type-page post-entry-1363'><div class='entry-content-wrapper clearfix'>\n","protected":false},"excerpt":{"rendered":"","protected":false},"author":2,"featured_media":0,"parent":1369,"menu_order":0,"comment_status":"closed","ping_status":"closed","template":"","meta":{"footnotes":""},"class_list":["post-1363","page","type-page","status-publish","hentry"],"yoast_head":"<!-- This site is optimized with the Yoast SEO plugin v24.9 - https:\/\/yoast.com\/wordpress\/plugins\/seo\/ -->\n<title>River Kunda<\/title>\n<meta name=\"description\" content=\"Active vacation in L\u00e4\u00e4ne-Virumaa. Canoe trips and equipment rental. Party tents and beer furniture rental. Accommodation and sauna.\" \/>\n<meta name=\"robots\" content=\"index, follow, max-snippet:-1, max-image-preview:large, max-video-preview:-1\" \/>\n<link rel=\"canonical\" href=\"https:\/\/samisiil.eu\/en\/activities-on-the-river\/river-kunda\/\" \/>\n<meta property=\"og:locale\" content=\"en_US\" \/>\n<meta property=\"og:type\" content=\"article\" \/>\n<meta property=\"og:title\" content=\"River Kunda\" \/>\n<meta property=\"og:description\" content=\"Active vacation in L\u00e4\u00e4ne-Virumaa. Canoe trips and equipment rental. Party tents and beer furniture rental. Accommodation and sauna.\" \/>\n<meta property=\"og:url\" content=\"https:\/\/samisiil.eu\/en\/activities-on-the-river\/river-kunda\/\" \/>\n<meta property=\"og:site_name\" content=\"S\u00c4MI SIIL SEIKLEB\" \/>\n<meta property=\"article:publisher\" content=\"https:\/\/www.facebook.com\/samisiil\" \/>\n<meta name=\"twitter:card\" content=\"summary_large_image\" \/>\n<meta name=\"twitter:label1\" content=\"Est. reading time\" \/>\n\t<meta name=\"twitter:data1\" content=\"4 minutes\" \/>\n<script type=\"application\/ld+json\" class=\"yoast-schema-graph\">{\"@context\":\"https:\/\/schema.org\",\"@graph\":[{\"@type\":\"WebPage\",\"@id\":\"https:\/\/samisiil.eu\/en\/activities-on-the-river\/river-kunda\/\",\"url\":\"https:\/\/samisiil.eu\/en\/activities-on-the-river\/river-kunda\/\",\"name\":\"River Kunda\",\"isPartOf\":{\"@id\":\"https:\/\/samisiil.eu\/en\/#website\"},\"datePublished\":\"2021-01-13T09:46:19+00:00\",\"description\":\"Active vacation in L\u00e4\u00e4ne-Virumaa. Canoe trips and equipment rental. Party tents and beer furniture rental. Accommodation and sauna.\",\"breadcrumb\":{\"@id\":\"https:\/\/samisiil.eu\/en\/activities-on-the-river\/river-kunda\/#breadcrumb\"},\"inLanguage\":\"en-US\",\"potentialAction\":[{\"@type\":\"ReadAction\",\"target\":[\"https:\/\/samisiil.eu\/en\/activities-on-the-river\/river-kunda\/\"]}]},{\"@type\":\"BreadcrumbList\",\"@id\":\"https:\/\/samisiil.eu\/en\/activities-on-the-river\/river-kunda\/#breadcrumb\",\"itemListElement\":[{\"@type\":\"ListItem\",\"position\":1,\"name\":\"Home\",\"item\":\"https:\/\/samisiil.eu\/en\/\"},{\"@type\":\"ListItem\",\"position\":2,\"name\":\"Activities on the river\",\"item\":\"https:\/\/samisiil.eu\/en\/kanuumatkad\/\"},{\"@type\":\"ListItem\",\"position\":3,\"name\":\"River Kunda\"}]},{\"@type\":\"WebSite\",\"@id\":\"https:\/\/samisiil.eu\/en\/#website\",\"url\":\"https:\/\/samisiil.eu\/en\/\",\"name\":\"S\u00c4MI SIIL SEIKLEB\",\"description\":\"S\u00c4MI SIIL SEIKLEB\",\"publisher\":{\"@id\":\"https:\/\/samisiil.eu\/en\/#organization\"},\"potentialAction\":[{\"@type\":\"SearchAction\",\"target\":{\"@type\":\"EntryPoint\",\"urlTemplate\":\"https:\/\/samisiil.eu\/en\/?s={search_term_string}\"},\"query-input\":{\"@type\":\"PropertyValueSpecification\",\"valueRequired\":true,\"valueName\":\"search_term_string\"}}],\"inLanguage\":\"en-US\"},{\"@type\":\"Organization\",\"@id\":\"https:\/\/samisiil.eu\/en\/#organization\",\"name\":\"S\u00e4mi Siil\",\"url\":\"https:\/\/samisiil.eu\/en\/\",\"logo\":{\"@type\":\"ImageObject\",\"inLanguage\":\"en-US\",\"@id\":\"https:\/\/samisiil.eu\/en\/#\/schema\/logo\/image\/\",\"url\":\"https:\/\/samisiil.eu\/wp-content\/uploads\/2019\/07\/logo.png\",\"contentUrl\":\"https:\/\/samisiil.eu\/wp-content\/uploads\/2019\/07\/logo.png\",\"width\":500,\"height\":230,\"caption\":\"S\u00e4mi Siil\"},\"image\":{\"@id\":\"https:\/\/samisiil.eu\/en\/#\/schema\/logo\/image\/\"},\"sameAs\":[\"https:\/\/www.facebook.com\/samisiil\"]}]}<\/script>\n<!-- \/ Yoast SEO plugin. -->","yoast_head_json":{"title":"River Kunda","description":"Active vacation in L\u00e4\u00e4ne-Virumaa. Canoe trips and equipment rental. Party tents and beer furniture rental. Accommodation and sauna.","robots":{"index":"index","follow":"follow","max-snippet":"max-snippet:-1","max-image-preview":"max-image-preview:large","max-video-preview":"max-video-preview:-1"},"canonical":"https:\/\/samisiil.eu\/en\/activities-on-the-river\/river-kunda\/","og_locale":"en_US","og_type":"article","og_title":"River Kunda","og_description":"Active vacation in L\u00e4\u00e4ne-Virumaa. Canoe trips and equipment rental. Party tents and beer furniture rental. Accommodation and sauna.","og_url":"https:\/\/samisiil.eu\/en\/activities-on-the-river\/river-kunda\/","og_site_name":"S\u00c4MI SIIL SEIKLEB","article_publisher":"https:\/\/www.facebook.com\/samisiil","twitter_card":"summary_large_image","twitter_misc":{"Est. reading time":"4 minutes"},"schema":{"@context":"https:\/\/schema.org","@graph":[{"@type":"WebPage","@id":"https:\/\/samisiil.eu\/en\/activities-on-the-river\/river-kunda\/","url":"https:\/\/samisiil.eu\/en\/activities-on-the-river\/river-kunda\/","name":"River Kunda","isPartOf":{"@id":"https:\/\/samisiil.eu\/en\/#website"},"datePublished":"2021-01-13T09:46:19+00:00","description":"Active vacation in L\u00e4\u00e4ne-Virumaa. Canoe trips and equipment rental. Party tents and beer furniture rental. Accommodation and sauna.","breadcrumb":{"@id":"https:\/\/samisiil.eu\/en\/activities-on-the-river\/river-kunda\/#breadcrumb"},"inLanguage":"en-US","potentialAction":[{"@type":"ReadAction","target":["https:\/\/samisiil.eu\/en\/activities-on-the-river\/river-kunda\/"]}]},{"@type":"BreadcrumbList","@id":"https:\/\/samisiil.eu\/en\/activities-on-the-river\/river-kunda\/#breadcrumb","itemListElement":[{"@type":"ListItem","position":1,"name":"Home","item":"https:\/\/samisiil.eu\/en\/"},{"@type":"ListItem","position":2,"name":"Activities on the river","item":"https:\/\/samisiil.eu\/en\/kanuumatkad\/"},{"@type":"ListItem","position":3,"name":"River Kunda"}]},{"@type":"WebSite","@id":"https:\/\/samisiil.eu\/en\/#website","url":"https:\/\/samisiil.eu\/en\/","name":"S\u00c4MI SIIL SEIKLEB","description":"S\u00c4MI SIIL SEIKLEB","publisher":{"@id":"https:\/\/samisiil.eu\/en\/#organization"},"potentialAction":[{"@type":"SearchAction","target":{"@type":"EntryPoint","urlTemplate":"https:\/\/samisiil.eu\/en\/?s={search_term_string}"},"query-input":{"@type":"PropertyValueSpecification","valueRequired":true,"valueName":"search_term_string"}}],"inLanguage":"en-US"},{"@type":"Organization","@id":"https:\/\/samisiil.eu\/en\/#organization","name":"S\u00e4mi Siil","url":"https:\/\/samisiil.eu\/en\/","logo":{"@type":"ImageObject","inLanguage":"en-US","@id":"https:\/\/samisiil.eu\/en\/#\/schema\/logo\/image\/","url":"https:\/\/samisiil.eu\/wp-content\/uploads\/2019\/07\/logo.png","contentUrl":"https:\/\/samisiil.eu\/wp-content\/uploads\/2019\/07\/logo.png","width":500,"height":230,"caption":"S\u00e4mi Siil"},"image":{"@id":"https:\/\/samisiil.eu\/en\/#\/schema\/logo\/image\/"},"sameAs":["https:\/\/www.facebook.com\/samisiil"]}]}},"_links":{"self":[{"href":"https:\/\/samisiil.eu\/en\/wp-json\/wp\/v2\/pages\/1363","targetHints":{"allow":["GET"]}}],"collection":[{"href":"https:\/\/samisiil.eu\/en\/wp-json\/wp\/v2\/pages"}],"about":[{"href":"https:\/\/samisiil.eu\/en\/wp-json\/wp\/v2\/types\/page"}],"author":[{"embeddable":true,"href":"https:\/\/samisiil.eu\/en\/wp-json\/wp\/v2\/users\/2"}],"replies":[{"embeddable":true,"href":"https:\/\/samisiil.eu\/en\/wp-json\/wp\/v2\/comments?post=1363"}],"version-history":[{"count":5,"href":"https:\/\/samisiil.eu\/en\/wp-json\/wp\/v2\/pages\/1363\/revisions"}],"predecessor-version":[{"id":1368,"href":"https:\/\/samisiil.eu\/en\/wp-json\/wp\/v2\/pages\/1363\/revisions\/1368"}],"up":[{"embeddable":true,"href":"https:\/\/samisiil.eu\/en\/wp-json\/wp\/v2\/pages\/1369"}],"wp:attachment":[{"href":"https:\/\/samisiil.eu\/en\/wp-json\/wp\/v2\/media?parent=1363"}],"curies":[{"name":"wp","href":"https:\/\/api.w.org\/{rel}","templated":true}]}}