{"id":1412,"date":"2021-01-13T14:02:24","date_gmt":"2021-01-13T12:02:24","guid":{"rendered":"https:\/\/samisiil.eu\/paintball\/"},"modified":"2022-04-08T13:47:48","modified_gmt":"2022-04-08T10:47:48","slug":"paintball","status":"publish","type":"page","link":"https:\/\/samisiil.eu\/en\/paintball\/","title":{"rendered":"Paintball"},"content":{"rendered":"<div id='av_section_1'  class='avia-section main_color avia-section-large avia-no-border-styling  avia-bg-style-scroll  avia-builder-el-0  avia-builder-el-no-sibling   container_wrap sidebar_right' style=' '  ><div class='container' ><main  role=\"main\" itemprop=\"mainContentOfPage\"  class='template-page content  av-content-small alpha units'><div class='post-entry post-entry-type-page post-entry-1412'><div class='entry-content-wrapper clearfix'>\n<div class=\"flex_column av_two_third  no_margin flex_column_div av-zero-column-padding first  avia-builder-el-1  avia-builder-el-no-sibling  \" style='border-radius:0px; '><p><div  style='padding-bottom:10px; ' class='av-special-heading av-special-heading-h2  blockquote modern-quote  avia-builder-el-2  el_before_av_hr  avia-builder-el-first  '><h2 class='av-special-heading-tag '  itemprop=\"headline\"  >Paintball<\/h2><div class='special-heading-border'><div class='special-heading-inner-border' ><\/div><\/div><\/div><br \/>\n<div  style=' margin-top:20px; margin-bottom:30px;'  class='hr hr-custom hr-left hr-icon-no   avia-builder-el-3  el_after_av_heading  el_before_av_masonry_gallery  avia-builder-el-last '><span class='hr-inner  inner-border-av-border-fat' style=' width:50px;' ><span class='hr-inner-style'><\/span><\/span><\/div><br \/>\n<div id='av-masonry-1' class='av-masonry  noHover av-flex-size av-large-gap av-hover-overlay-active av-masonry-animation-active av-masonry-col-flexible av-caption-always av-caption-style- av-masonry-gallery     '  ><div class='av-masonry-container isotope av-js-disabled ' ><div class='av-masonry-entry isotope-item av-masonry-item-no-image '><\/div><a href=\"https:\/\/samisiil.eu\/wp-content\/uploads\/2021\/10\/244415150_255742976473750_3773570344911674649_n-1030x773.jpg\"  aria-label=\"image 244415150_255742976473750_3773570344911674649_n\"  id='av-masonry-1-item-1805' data-av-masonry-item='1805' class='av-masonry-entry isotope-item post-1805 attachment type-attachment status-inherit hentry  av-masonry-item-with-image' title=\"244415150_255742976473750_3773570344911674649_n\" alt=\"\"   itemprop=\"thumbnailUrl\" ><div class='av-inner-masonry-sizer'><\/div><figure class='av-inner-masonry main_color'><div class=\"av-masonry-outerimage-container\"><div class=\"av-masonry-image-container\" ><img decoding=\"async\" width=\"705\" height=\"529\" class=\"wp-image-1805 avia-img-lazy-loading-not-1805\"  src=\"https:\/\/samisiil.eu\/wp-content\/uploads\/2021\/10\/244415150_255742976473750_3773570344911674649_n-705x529.jpg\" title=\"244415150_255742976473750_3773570344911674649_n\" alt=\"\" srcset=\"https:\/\/samisiil.eu\/wp-content\/uploads\/2021\/10\/244415150_255742976473750_3773570344911674649_n-705x529.jpg 705w, https:\/\/samisiil.eu\/wp-content\/uploads\/2021\/10\/244415150_255742976473750_3773570344911674649_n-300x225.jpg 300w, https:\/\/samisiil.eu\/wp-content\/uploads\/2021\/10\/244415150_255742976473750_3773570344911674649_n-1030x773.jpg 1030w, https:\/\/samisiil.eu\/wp-content\/uploads\/2021\/10\/244415150_255742976473750_3773570344911674649_n-768x576.jpg 768w, https:\/\/samisiil.eu\/wp-content\/uploads\/2021\/10\/244415150_255742976473750_3773570344911674649_n-1536x1152.jpg 1536w, https:\/\/samisiil.eu\/wp-content\/uploads\/2021\/10\/244415150_255742976473750_3773570344911674649_n-1500x1125.jpg 1500w, https:\/\/samisiil.eu\/wp-content\/uploads\/2021\/10\/244415150_255742976473750_3773570344911674649_n.jpg 2048w\" sizes=\"(max-width: 705px) 100vw, 705px\" \/><\/div><\/div><figcaption class='av-inner-masonry-content site-background'><div class='av-inner-masonry-content-pos'><div class='av-inner-masonry-content-pos-content'><div class='avia-arrow'><\/div><h3 class='av-masonry-entry-title entry-title '  itemprop=\"headline\" >244415150_255742976473750_3773570344911674649_n<\/h3><\/div><\/div><\/figcaption><\/figure><\/a><!--end av-masonry entry--><a href=\"https:\/\/samisiil.eu\/wp-content\/uploads\/2021\/10\/20210918_140923-1030x773.jpg\"  aria-label=\"image 20210918_140923\"  id='av-masonry-1-item-1797' data-av-masonry-item='1797' class='av-masonry-entry isotope-item post-1797 attachment type-attachment status-inherit hentry  av-masonry-item-with-image' title=\"20210918_140923\" alt=\"\"   itemprop=\"thumbnailUrl\" ><div class='av-inner-masonry-sizer'><\/div><figure class='av-inner-masonry main_color'><div class=\"av-masonry-outerimage-container\"><div class=\"av-masonry-image-container\" ><img decoding=\"async\" width=\"705\" height=\"529\" class=\"wp-image-1797 avia-img-lazy-loading-not-1797\"  src=\"https:\/\/samisiil.eu\/wp-content\/uploads\/2021\/10\/20210918_140923-705x529.jpg\" title=\"20210918_140923\" alt=\"\" srcset=\"https:\/\/samisiil.eu\/wp-content\/uploads\/2021\/10\/20210918_140923-705x529.jpg 705w, https:\/\/samisiil.eu\/wp-content\/uploads\/2021\/10\/20210918_140923-300x225.jpg 300w, https:\/\/samisiil.eu\/wp-content\/uploads\/2021\/10\/20210918_140923-1030x773.jpg 1030w, https:\/\/samisiil.eu\/wp-content\/uploads\/2021\/10\/20210918_140923-768x576.jpg 768w, https:\/\/samisiil.eu\/wp-content\/uploads\/2021\/10\/20210918_140923-1536x1152.jpg 1536w, https:\/\/samisiil.eu\/wp-content\/uploads\/2021\/10\/20210918_140923-2048x1536.jpg 2048w, https:\/\/samisiil.eu\/wp-content\/uploads\/2021\/10\/20210918_140923-1500x1125.jpg 1500w\" sizes=\"(max-width: 705px) 100vw, 705px\" \/><\/div><\/div><figcaption class='av-inner-masonry-content site-background'><div class='av-inner-masonry-content-pos'><div class='av-inner-masonry-content-pos-content'><div class='avia-arrow'><\/div><h3 class='av-masonry-entry-title entry-title '  itemprop=\"headline\" >20210918_140923<\/h3><\/div><\/div><\/figcaption><\/figure><\/a><!--end av-masonry entry--><a href=\"https:\/\/samisiil.eu\/wp-content\/uploads\/2021\/10\/244415666_847176965927784_8783880490364727468_n-1030x774.jpg\"  aria-label=\"image 244415666_847176965927784_8783880490364727468_n\"  id='av-masonry-1-item-1808' data-av-masonry-item='1808' class='av-masonry-entry isotope-item post-1808 attachment type-attachment status-inherit hentry  av-masonry-item-with-image' title=\"244415666_847176965927784_8783880490364727468_n\" alt=\"\"   itemprop=\"thumbnailUrl\" ><div class='av-inner-masonry-sizer'><\/div><figure class='av-inner-masonry main_color'><div class=\"av-masonry-outerimage-container\"><div class=\"av-masonry-image-container\" ><img decoding=\"async\" width=\"705\" height=\"529\" class=\"wp-image-1808 avia-img-lazy-loading-not-1808\"  src=\"https:\/\/samisiil.eu\/wp-content\/uploads\/2021\/10\/244415666_847176965927784_8783880490364727468_n-705x529.jpg\" title=\"244415666_847176965927784_8783880490364727468_n\" alt=\"\" srcset=\"https:\/\/samisiil.eu\/wp-content\/uploads\/2021\/10\/244415666_847176965927784_8783880490364727468_n-705x529.jpg 705w, https:\/\/samisiil.eu\/wp-content\/uploads\/2021\/10\/244415666_847176965927784_8783880490364727468_n-300x225.jpg 300w, https:\/\/samisiil.eu\/wp-content\/uploads\/2021\/10\/244415666_847176965927784_8783880490364727468_n-1030x774.jpg 1030w, https:\/\/samisiil.eu\/wp-content\/uploads\/2021\/10\/244415666_847176965927784_8783880490364727468_n-768x577.jpg 768w, https:\/\/samisiil.eu\/wp-content\/uploads\/2021\/10\/244415666_847176965927784_8783880490364727468_n-1536x1154.jpg 1536w, https:\/\/samisiil.eu\/wp-content\/uploads\/2021\/10\/244415666_847176965927784_8783880490364727468_n-1500x1126.jpg 1500w, https:\/\/samisiil.eu\/wp-content\/uploads\/2021\/10\/244415666_847176965927784_8783880490364727468_n.jpg 2048w\" sizes=\"(max-width: 705px) 100vw, 705px\" \/><\/div><\/div><figcaption class='av-inner-masonry-content site-background'><div class='av-inner-masonry-content-pos'><div class='av-inner-masonry-content-pos-content'><div class='avia-arrow'><\/div><h3 class='av-masonry-entry-title entry-title '  itemprop=\"headline\" >244415666_847176965927784_8783880490364727468_n<\/h3><\/div><\/div><\/figcaption><\/figure><\/a><!--end av-masonry entry--><a href=\"https:\/\/samisiil.eu\/wp-content\/uploads\/2021\/10\/20211003_131649-1030x773.jpg\"  aria-label=\"image 20211003_131649\"  id='av-masonry-1-item-1794' data-av-masonry-item='1794' class='av-masonry-entry isotope-item post-1794 attachment type-attachment status-inherit hentry  av-masonry-item-with-image' title=\"20211003_131649\" alt=\"\"   itemprop=\"thumbnailUrl\" ><div class='av-inner-masonry-sizer'><\/div><figure class='av-inner-masonry main_color'><div class=\"av-masonry-outerimage-container\"><div class=\"av-masonry-image-container\" ><img decoding=\"async\" width=\"705\" height=\"529\" class=\"wp-image-1794 avia-img-lazy-loading-not-1794\"  src=\"https:\/\/samisiil.eu\/wp-content\/uploads\/2021\/10\/20211003_131649-705x529.jpg\" title=\"20211003_131649\" alt=\"\" srcset=\"https:\/\/samisiil.eu\/wp-content\/uploads\/2021\/10\/20211003_131649-705x529.jpg 705w, https:\/\/samisiil.eu\/wp-content\/uploads\/2021\/10\/20211003_131649-300x225.jpg 300w, https:\/\/samisiil.eu\/wp-content\/uploads\/2021\/10\/20211003_131649-1030x773.jpg 1030w, https:\/\/samisiil.eu\/wp-content\/uploads\/2021\/10\/20211003_131649-768x576.jpg 768w, https:\/\/samisiil.eu\/wp-content\/uploads\/2021\/10\/20211003_131649-1536x1152.jpg 1536w, https:\/\/samisiil.eu\/wp-content\/uploads\/2021\/10\/20211003_131649-2048x1536.jpg 2048w, https:\/\/samisiil.eu\/wp-content\/uploads\/2021\/10\/20211003_131649-1500x1125.jpg 1500w\" sizes=\"(max-width: 705px) 100vw, 705px\" \/><\/div><\/div><figcaption class='av-inner-masonry-content site-background'><div class='av-inner-masonry-content-pos'><div class='av-inner-masonry-content-pos-content'><div class='avia-arrow'><\/div><h3 class='av-masonry-entry-title entry-title '  itemprop=\"headline\" >20211003_131649<\/h3><\/div><\/div><\/figcaption><\/figure><\/a><!--end av-masonry entry--><\/div><\/div><br \/>\n<section class=\"av_textblock_section \"  itemscope=\"itemscope\" itemtype=\"https:\/\/schema.org\/CreativeWork\" ><div class='avia_textblock  av_inherit_color '   itemprop=\"text\" ><p><strong>Tule pea s\u00f5pradega meeldej\u00e4\u00e4v lahing!<\/strong><\/p>\n<p><strong><a href=\"https:\/\/samisiil.eu\/en\/price-list\/\">Price list<\/a><\/strong><\/p>\n<p>Game scenarios:<\/p>\n<ul>\n<li><strong>Classic <\/strong><\/li>\n<\/ul>\n<p>Participants: two teams<\/p>\n<p>Objective: Each team must hit all enemies. The team that lost all members loses the game.<\/p>\n<ul>\n<li><b> Conquering the flag<\/b><\/li>\n<\/ul>\n<p>Participants: two teams<\/p>\n<p>Objective: One flag is placed in the middle of the playground, the team must get the flag and bring it to its basecamp area. <i>If a player carrying a flag is caught, he must place the flag exactly where it was hit and may not pass it on to a teammate.<\/i><\/p>\n<ul>\n<li><b> Conquering the enemy&#8217;s flag<\/b><\/li>\n<\/ul>\n<p>Participants: two teams<\/p>\n<p>Objective: Flags will be placed on the support areas of both teams, the team must conquer the enemy&#8217;s flag and bring it to its support area. <i>If a player carrying a flag is caught, he must place the flag exactly where it was hit and may not pass it on to a teammate.<\/i><\/p>\n<ul>\n<li><b> The last hero<\/b><\/li>\n<\/ul>\n<p>Participants: single players<\/p>\n<p>Objective: You are out for yourself on the playground, you have no allies, only enemies around.<\/p>\n<p>The player you catch gives you his wristband, the one who collects more wristbands wins.<\/p>\n<p><strong>RULES<\/strong><\/p>\n<ul class=\"list1\">\n<li>In the beginning of the game, all players must put on masks. The beginning of the game is marked with one long whistle, the end of the game with two small whistles.<\/li>\n<li>\n<div class=\"imp1\">The protective mask must always be worn Never and under no circumstances should it be taken away, neither on the playground nor in the pre-shooting zone.<\/div>\n<\/li>\n<li>Outside the playing area, the weapon must have a safety latch on top and the weapon hole pointing downwards.<\/li>\n<li>The captured player is obliged to raise the marker, place the other hand on his head and say the word &#8220;OUT&#8221; and leave the territory of the game as soon as possible.<\/li>\n<li>When leaving the playground, make sure that the safety latch is on and the weapon hole is pointing down<\/li>\n<li>Shooting at players who have already been hit is strictly forbidden.<\/li>\n<li>The player must not shoot from a distance of less than 5 meters. If you were able to approach without the player noticing &#8211; declare him caught.<\/li>\n<li>Shooting is also prohibited in the open head area as it can seriously damage the player&#8217;s health.<\/li>\n<li>In addition to the players, the referees are also on the court. If you have problems with the equipment &#8211; call a judge. If your mask is sweaty &#8211; call a judge. If you want to know if you were caught, call a judge. If you want to know if your ball was broken on the enemy &#8211; call the referee shouting &#8220;Check this player!&#8221;<\/li>\n<li>The player caught is the one who declared himself caught, the one who went outside the boundaries of the playground, the one whose clothes or equipment have a stain of paint. If the scariest thing happened and you are caught, announce it out loud, raise the marker and leave the field by the shortest route or following the judge&#8217;s instructions.<\/li>\n<li>The marker is loaded only with the balls provided by the organizer.<\/li>\n<li>It is allowed to share weapons and ammunition with your team members during the game.<\/li>\n<li>It is forbidden to use non-broken balls during the game, regardless of their cleanliness. Otherwise, the weapon may break.<\/li>\n<li>Masks should only be cleaned with water and paper \/ tissue.<\/li>\n<li>Drunk, smoke drunk and irresponsible people are not allowed on the playground. Participants under the age of 18 must have the written consent of their parents.<br \/>\nA person under the age of 18 is only allowed to participate in the game with a person over the age of 18 who is responsible for that player.<\/li>\n<li>Shooting at referees, spectators, captured players, passers-by, animals and cars is strictly prohibited.<\/li>\n<li>In case of technical safety and \/ or non-compliance with the rules of the game, the referee has the right to remove the player from the court.<\/li>\n<\/ul>\n<\/div><\/section><\/p><\/div><\/div><\/div><\/main><!-- close content main element --><\/div><\/div><div id='after_section_1'  class='main_color av_default_container_wrap container_wrap sidebar_right' style=' '  ><div class='container' ><div class='template-page content  av-content-small alpha units'><div class='post-entry post-entry-type-page post-entry-1412'><div class='entry-content-wrapper clearfix'>\n","protected":false},"excerpt":{"rendered":"","protected":false},"author":1,"featured_media":0,"parent":0,"menu_order":0,"comment_status":"closed","ping_status":"closed","template":"","meta":{"footnotes":""},"class_list":["post-1412","page","type-page","status-publish","hentry"],"yoast_head":"<!-- This site is optimized with the Yoast SEO plugin v24.9 - https:\/\/yoast.com\/wordpress\/plugins\/seo\/ -->\n<title>Paintball<\/title>\n<meta name=\"description\" content=\"Active vacation in L\u00e4\u00e4ne-Virumaa. Canoe trips and equipment rental. Party tents and beer furniture rental. Accommodation and sauna.\" \/>\n<meta name=\"robots\" content=\"index, follow, max-snippet:-1, max-image-preview:large, max-video-preview:-1\" \/>\n<link rel=\"canonical\" href=\"https:\/\/samisiil.eu\/en\/paintball\/\" \/>\n<meta property=\"og:locale\" content=\"en_US\" \/>\n<meta property=\"og:type\" content=\"article\" \/>\n<meta property=\"og:title\" content=\"Paintball\" \/>\n<meta property=\"og:description\" content=\"Active vacation in L\u00e4\u00e4ne-Virumaa. Canoe trips and equipment rental. Party tents and beer furniture rental. Accommodation and sauna.\" \/>\n<meta property=\"og:url\" content=\"https:\/\/samisiil.eu\/en\/paintball\/\" \/>\n<meta property=\"og:site_name\" content=\"S\u00c4MI SIIL SEIKLEB\" \/>\n<meta property=\"article:publisher\" content=\"https:\/\/www.facebook.com\/samisiil\" \/>\n<meta property=\"article:modified_time\" content=\"2022-04-08T10:47:48+00:00\" \/>\n<meta name=\"twitter:card\" content=\"summary_large_image\" \/>\n<meta name=\"twitter:label1\" content=\"Est. reading time\" \/>\n\t<meta name=\"twitter:data1\" content=\"6 minutes\" \/>\n<script type=\"application\/ld+json\" class=\"yoast-schema-graph\">{\"@context\":\"https:\/\/schema.org\",\"@graph\":[{\"@type\":\"WebPage\",\"@id\":\"https:\/\/samisiil.eu\/en\/paintball\/\",\"url\":\"https:\/\/samisiil.eu\/en\/paintball\/\",\"name\":\"Paintball\",\"isPartOf\":{\"@id\":\"https:\/\/samisiil.eu\/en\/#website\"},\"datePublished\":\"2021-01-13T12:02:24+00:00\",\"dateModified\":\"2022-04-08T10:47:48+00:00\",\"description\":\"Active vacation in L\u00e4\u00e4ne-Virumaa. Canoe trips and equipment rental. Party tents and beer furniture rental. Accommodation and sauna.\",\"breadcrumb\":{\"@id\":\"https:\/\/samisiil.eu\/en\/paintball\/#breadcrumb\"},\"inLanguage\":\"en-US\",\"potentialAction\":[{\"@type\":\"ReadAction\",\"target\":[\"https:\/\/samisiil.eu\/en\/paintball\/\"]}]},{\"@type\":\"BreadcrumbList\",\"@id\":\"https:\/\/samisiil.eu\/en\/paintball\/#breadcrumb\",\"itemListElement\":[{\"@type\":\"ListItem\",\"position\":1,\"name\":\"Home\",\"item\":\"https:\/\/samisiil.eu\/en\/\"},{\"@type\":\"ListItem\",\"position\":2,\"name\":\"Paintball\"}]},{\"@type\":\"WebSite\",\"@id\":\"https:\/\/samisiil.eu\/en\/#website\",\"url\":\"https:\/\/samisiil.eu\/en\/\",\"name\":\"S\u00c4MI SIIL SEIKLEB\",\"description\":\"S\u00c4MI SIIL SEIKLEB\",\"publisher\":{\"@id\":\"https:\/\/samisiil.eu\/en\/#organization\"},\"potentialAction\":[{\"@type\":\"SearchAction\",\"target\":{\"@type\":\"EntryPoint\",\"urlTemplate\":\"https:\/\/samisiil.eu\/en\/?s={search_term_string}\"},\"query-input\":{\"@type\":\"PropertyValueSpecification\",\"valueRequired\":true,\"valueName\":\"search_term_string\"}}],\"inLanguage\":\"en-US\"},{\"@type\":\"Organization\",\"@id\":\"https:\/\/samisiil.eu\/en\/#organization\",\"name\":\"S\u00e4mi Siil\",\"url\":\"https:\/\/samisiil.eu\/en\/\",\"logo\":{\"@type\":\"ImageObject\",\"inLanguage\":\"en-US\",\"@id\":\"https:\/\/samisiil.eu\/en\/#\/schema\/logo\/image\/\",\"url\":\"https:\/\/samisiil.eu\/wp-content\/uploads\/2019\/07\/logo.png\",\"contentUrl\":\"https:\/\/samisiil.eu\/wp-content\/uploads\/2019\/07\/logo.png\",\"width\":500,\"height\":230,\"caption\":\"S\u00e4mi Siil\"},\"image\":{\"@id\":\"https:\/\/samisiil.eu\/en\/#\/schema\/logo\/image\/\"},\"sameAs\":[\"https:\/\/www.facebook.com\/samisiil\"]}]}<\/script>\n<!-- \/ Yoast SEO plugin. -->","yoast_head_json":{"title":"Paintball","description":"Active vacation in L\u00e4\u00e4ne-Virumaa. Canoe trips and equipment rental. Party tents and beer furniture rental. Accommodation and sauna.","robots":{"index":"index","follow":"follow","max-snippet":"max-snippet:-1","max-image-preview":"max-image-preview:large","max-video-preview":"max-video-preview:-1"},"canonical":"https:\/\/samisiil.eu\/en\/paintball\/","og_locale":"en_US","og_type":"article","og_title":"Paintball","og_description":"Active vacation in L\u00e4\u00e4ne-Virumaa. Canoe trips and equipment rental. Party tents and beer furniture rental. Accommodation and sauna.","og_url":"https:\/\/samisiil.eu\/en\/paintball\/","og_site_name":"S\u00c4MI SIIL SEIKLEB","article_publisher":"https:\/\/www.facebook.com\/samisiil","article_modified_time":"2022-04-08T10:47:48+00:00","twitter_card":"summary_large_image","twitter_misc":{"Est. reading time":"6 minutes"},"schema":{"@context":"https:\/\/schema.org","@graph":[{"@type":"WebPage","@id":"https:\/\/samisiil.eu\/en\/paintball\/","url":"https:\/\/samisiil.eu\/en\/paintball\/","name":"Paintball","isPartOf":{"@id":"https:\/\/samisiil.eu\/en\/#website"},"datePublished":"2021-01-13T12:02:24+00:00","dateModified":"2022-04-08T10:47:48+00:00","description":"Active vacation in L\u00e4\u00e4ne-Virumaa. Canoe trips and equipment rental. Party tents and beer furniture rental. Accommodation and sauna.","breadcrumb":{"@id":"https:\/\/samisiil.eu\/en\/paintball\/#breadcrumb"},"inLanguage":"en-US","potentialAction":[{"@type":"ReadAction","target":["https:\/\/samisiil.eu\/en\/paintball\/"]}]},{"@type":"BreadcrumbList","@id":"https:\/\/samisiil.eu\/en\/paintball\/#breadcrumb","itemListElement":[{"@type":"ListItem","position":1,"name":"Home","item":"https:\/\/samisiil.eu\/en\/"},{"@type":"ListItem","position":2,"name":"Paintball"}]},{"@type":"WebSite","@id":"https:\/\/samisiil.eu\/en\/#website","url":"https:\/\/samisiil.eu\/en\/","name":"S\u00c4MI SIIL SEIKLEB","description":"S\u00c4MI SIIL SEIKLEB","publisher":{"@id":"https:\/\/samisiil.eu\/en\/#organization"},"potentialAction":[{"@type":"SearchAction","target":{"@type":"EntryPoint","urlTemplate":"https:\/\/samisiil.eu\/en\/?s={search_term_string}"},"query-input":{"@type":"PropertyValueSpecification","valueRequired":true,"valueName":"search_term_string"}}],"inLanguage":"en-US"},{"@type":"Organization","@id":"https:\/\/samisiil.eu\/en\/#organization","name":"S\u00e4mi Siil","url":"https:\/\/samisiil.eu\/en\/","logo":{"@type":"ImageObject","inLanguage":"en-US","@id":"https:\/\/samisiil.eu\/en\/#\/schema\/logo\/image\/","url":"https:\/\/samisiil.eu\/wp-content\/uploads\/2019\/07\/logo.png","contentUrl":"https:\/\/samisiil.eu\/wp-content\/uploads\/2019\/07\/logo.png","width":500,"height":230,"caption":"S\u00e4mi Siil"},"image":{"@id":"https:\/\/samisiil.eu\/en\/#\/schema\/logo\/image\/"},"sameAs":["https:\/\/www.facebook.com\/samisiil"]}]}},"_links":{"self":[{"href":"https:\/\/samisiil.eu\/en\/wp-json\/wp\/v2\/pages\/1412","targetHints":{"allow":["GET"]}}],"collection":[{"href":"https:\/\/samisiil.eu\/en\/wp-json\/wp\/v2\/pages"}],"about":[{"href":"https:\/\/samisiil.eu\/en\/wp-json\/wp\/v2\/types\/page"}],"author":[{"embeddable":true,"href":"https:\/\/samisiil.eu\/en\/wp-json\/wp\/v2\/users\/1"}],"replies":[{"embeddable":true,"href":"https:\/\/samisiil.eu\/en\/wp-json\/wp\/v2\/comments?post=1412"}],"version-history":[{"count":4,"href":"https:\/\/samisiil.eu\/en\/wp-json\/wp\/v2\/pages\/1412\/revisions"}],"predecessor-version":[{"id":1857,"href":"https:\/\/samisiil.eu\/en\/wp-json\/wp\/v2\/pages\/1412\/revisions\/1857"}],"wp:attachment":[{"href":"https:\/\/samisiil.eu\/en\/wp-json\/wp\/v2\/media?parent=1412"}],"curies":[{"name":"wp","href":"https:\/\/api.w.org\/{rel}","templated":true}]}}