{"id":1416,"date":"2021-01-13T14:40:00","date_gmt":"2021-01-13T12:40:00","guid":{"rendered":"https:\/\/samisiil.eu\/%d0%bf%d1%80%d0%b0%d0%b9%d1%81-%d0%bb%d0%b8%d1%81%d1%82\/"},"modified":"2022-06-28T23:06:13","modified_gmt":"2022-06-28T20:06:13","slug":"prajs-list","status":"publish","type":"page","link":"https:\/\/samisiil.eu\/ru\/prajs-list\/","title":{"rendered":"\u041f\u0440\u0430\u0439\u0441-\u043b\u0438\u0441\u0442"},"content":{"rendered":"<div id='av_section_1'  class='avia-section main_color avia-section-large avia-no-border-styling  avia-bg-style-scroll  avia-builder-el-0  avia-builder-el-no-sibling   container_wrap sidebar_right' style=' '  ><div class='container' ><main  role=\"main\" itemprop=\"mainContentOfPage\"  class='template-page content  av-content-small alpha units'><div class='post-entry post-entry-type-page post-entry-1416'><div class='entry-content-wrapper clearfix'>\n<div  style='padding-bottom:10px; ' class='av-special-heading av-special-heading-h2  blockquote modern-quote  avia-builder-el-1  el_before_av_hr  avia-builder-el-first  '><h2 class='av-special-heading-tag '  itemprop=\"headline\"  >\u041f\u0420\u0410\u0419\u0421-\u041b\u0418\u0421\u0422<\/h2><div class='special-heading-border'><div class='special-heading-inner-border' ><\/div><\/div><\/div>\n<div  style=' margin-top:20px; margin-bottom:20px;'  class='hr hr-custom hr-left hr-icon-no   avia-builder-el-2  el_after_av_heading  el_before_av_heading '><span class='hr-inner  inner-border-av-border-fat' style=' width:50px;' ><span class='hr-inner-style'><\/span><\/span><\/div>\n<div  style='padding-bottom:0px; ' class='av-special-heading av-special-heading-h3  blockquote modern-quote  avia-builder-el-3  el_after_av_hr  el_before_av_table  hinnakiri-kanuumatkad '><h3 class='av-special-heading-tag '  itemprop=\"headline\"  >\u0410\u043a\u0442\u0438\u0432\u043d\u044b\u0439 \u043e\u0442\u0434\u044b\u0445 \u043d\u0430 \u0440\u0435\u043a\u0435<\/h3><div class='special-heading-border'><div class='special-heading-inner-border' ><\/div><\/div><\/div>\n<div class='avia-data-table-wrap avia_responsive_table'><table  class='avia-table avia-data-table avia-table-1  avia-builder-el-4  el_after_av_heading  el_before_av_heading  avia_pricing_default '  itemscope=\"itemscope\" itemtype=\"https:\/\/schema.org\/Table\" ><tbody><tr class=''><td class=''>\u0421\u043f\u043b\u0430\u0432 \u043d\u0430 \u043a\u0430\u043d\u043e\u044d \u043f\u043e \u0440\u0435\u043a\u0435 \u041a\u0443\u043d\u0434\u0430 (\u0432\u043a\u043b\u044e\u0447\u0430\u0435\u0442 \u043e\u0431\u043e\u0440\u0443\u0434\u043e\u0432\u0430\u043d\u0438\u0435 \u0438 \u043e\u0442\u043f\u0440\u0430\u0432\u043d\u0443\u044e \u0442\u043e\u0447\u043a\u0443 \u0434\u043b\u044f \u043f\u0435\u0440\u0435\u0432\u043e\u0437\u043a\u0438 \u043b\u044e\u0434\u0435\u0439)<\/td><td class=''>25 EUR \/ \u0447\u0435\u043b\u043e\u0432\u0435\u043a<br \/>\n\u0414\u043e\u043f\u043e\u043b\u043d\u0438\u0442\u0435\u043b\u044c\u043d\u043e\u0435 \u043c\u0435\u0441\u0442\u043e \u0432 \u043a\u0430\u043d\u043e\u044d \u0434\u043b\u044f \u0440\u0435\u0431\u0435\u043d\u043a\u0430 5 EUR<\/td><\/tr><tr class=''><td class=''>\u0413\u0440\u0443\u043f\u043f\u0443 \u0431\u0430\u0439\u0434\u0430\u0440\u043e\u0447\u043d\u0438\u043a\u043e\u0432 \u0438\u0437 12 \u0447\u0435\u043b\u043e\u0432\u0435\u043a \u0436\u0434\u0435\u0442 \u043d\u0430\u0442\u043e\u043f\u043b\u0435\u043d\u043d\u0430\u044f \u043a\u0440\u0443\u0433\u043b\u0430\u044f \u0431\u0430\u043d\u044f-\u0431\u043e\u0447\u043a\u0430<\/td><td class=''>\u0411\u0415\u0421\u041f\u041b\u0410\u0422\u041d\u041e<\/td><\/tr><\/tbody><\/table><\/div><style type='text\/css'><\/style>\n<div  style='padding-bottom:0px; ' class='av-special-heading av-special-heading-h3  blockquote modern-quote  avia-builder-el-5  el_after_av_table  el_before_av_table  hinnakiri-kanuumatkad '><h3 class='av-special-heading-tag '  itemprop=\"headline\"  >Paintball<\/h3><div class='special-heading-border'><div class='special-heading-inner-border' ><\/div><\/div><\/div>\n<div class='avia-data-table-wrap avia_responsive_table'><table  class='avia-table avia-data-table avia-table-2  avia-builder-el-6  el_after_av_heading  el_before_av_heading  avia_pricing_default '  itemscope=\"itemscope\" itemtype=\"https:\/\/schema.org\/Table\" ><tbody><tr class=''><td class=''>Relv (paintballi marker), kaitsemask, kindad, kaitseriietus, 200 v\u00e4rvikuuli<\/td><td class=''>20 EUR\/inimene<br \/>\n<\/td><\/tr><tr class=''><td class=''>Lisa 500 v\u00e4rvikuuli m\u00e4ngu<\/td><td class=''>20 EUR<\/td><\/tr><tr class=''><td class=''>Lisa 1000 v\u00e4rvikuuli m\u00e4ngu<\/td><td class=''>30 EUR<\/td><\/tr><tr class=''><td class=''>Lisa 2000 v\u00e4rvikuuli m\u00e4ngu<\/td><td class=''>50 EUR<\/td><\/tr><\/tbody><\/table><\/div><style type='text\/css'><\/style>\n<div  style='padding-bottom:0px; ' class='av-special-heading av-special-heading-h3  blockquote modern-quote  avia-builder-el-7  el_after_av_table  el_before_av_table  hinnakiri-saunad '><h3 class='av-special-heading-tag '  itemprop=\"headline\"  >\u041f\u0440\u043e\u0436\u0438\u0432\u0430\u043d\u0438\u0435<\/h3><div class='special-heading-border'><div class='special-heading-inner-border' ><\/div><\/div><\/div>\n<div class='avia-data-table-wrap avia_responsive_table'><table  class='avia-table avia-data-table avia-table-3  avia-builder-el-8  el_after_av_heading  el_before_av_heading  avia_pricing_default '  itemscope=\"itemscope\" itemtype=\"https:\/\/schema.org\/Table\" ><tbody><tr class=''><td class=''>\u0414\u043e\u043c \u043e\u0442\u0434\u044b\u0445\u0430: 7 \u0441\u043f\u0430\u043b\u044c\u043d\u044b\u0445 \u043c\u0435\u0441\u0442 (6 \u043a\u0440\u043e\u0432\u0430\u0442\u0435\u0439, 1 \u0434\u0438\u0432\u0430\u043d, \u043f\u043e\u0441\u0442\u0435\u043b\u044c\u043d\u043e\u0435 \u0431\u0435\u043b\u044c\u0435, \u043f\u043e\u043b\u043e\u0442\u0435\u043d\u0446\u0430)<br \/>\n(\u041f\u041e\u041d\u0415\u0414\u0415\u041b\u042c\u041d\u0418\u041a- \u0427\u0415\u0422\u0412\u0415\u0420\u0413)<\/td><td class=''>100 EUR\/\u043d\u043e\u0447\u044c<\/td><\/tr><tr class=''><td class=''>\u0414\u043e\u043c \u043e\u0442\u0434\u044b\u0445\u0430: 7 \u0441\u043f\u0430\u043b\u044c\u043d\u044b\u0445 \u043c\u0435\u0441\u0442 (6 \u043a\u0440\u043e\u0432\u0430\u0442\u0435\u0439, 1 \u0434\u0438\u0432\u0430\u043d, \u043f\u043e\u0441\u0442\u0435\u043b\u044c\u043d\u043e\u0435 \u0431\u0435\u043b\u044c\u0435, \u043f\u043e\u043b\u043e\u0442\u0435\u043d\u0446\u0430)<br \/>\n(\u041f\u042f\u0422\u041d\u0418\u0426\u0410-\u0412\u041e\u0421\u041a\u0420\u0415\u0421\u0415\u041d\u042c\u0415)<\/td><td class=''>150 EUR\/\u043d\u043e\u0447\u044c<\/td><\/tr><tr class=''><td class=''>\u041a\u0430\u043d\u0443\u043d \u041d\u043e\u0432\u043e\u0433\u043e \u0433\u043e\u0434\u0430 \u0438 \u042e\u0440\u044c\u0435\u0432\u0430 \u043d\u043e\u0447\u044c (Jaanip\u00e4ev)<\/td><td class=''>\u0426\u0435\u043d\u0430 \u043f\u043e \u0434\u043e\u0433\u043e\u0432\u043e\u0440\u0435\u043d\u043d\u043e\u0441\u0442\u0438<\/td><\/tr><\/tbody><\/table><\/div><style type='text\/css'><\/style>\n<div  style='padding-bottom:0px; ' class='av-special-heading av-special-heading-h3  blockquote modern-quote  avia-builder-el-9  el_after_av_table  el_before_av_table  hinnakiri-saunad '><h3 class='av-special-heading-tag '  itemprop=\"headline\"  >\u0421\u0430\u0443\u043d\u044b<\/h3><div class='special-heading-border'><div class='special-heading-inner-border' ><\/div><\/div><\/div>\n<div class='avia-data-table-wrap avia_responsive_table'><table  class='avia-table avia-data-table avia-table-4  avia-builder-el-10  el_after_av_heading  el_before_av_heading  avia_pricing_default '  itemscope=\"itemscope\" itemtype=\"https:\/\/schema.org\/Table\" ><tbody><tr class=''><td class=''>\u0421\u0430\u0443\u043d\u0430 \u0441 \u044d\u043b\u0435\u043a\u0442\u0440\u0438\u0447\u0435\u0441\u043a\u0438\u043c \u043f\u043e\u0434\u043e\u0433\u0440\u0435\u0432\u043e\u043c \u043d\u0430 \u0434\u0440\u043e\u0432\u0430\u0445 \u0432 \u0434\u043e\u043c\u0438\u043a\u0435 3h ~75 c<\/td><td class=''>50 EUR <\/td><\/tr><tr class=''><td class=''>\u042f\u043f\u043e\u043d\u0441\u043a\u0430\u044f \u0431\u0430\u043d\u044f (\u0434\u0436\u0430\u043a\u0443\u0437\u0438)<\/td><td class=''>85 EUR<\/td><\/tr><tr class=''><td class=''>Parvsaun<\/td><td class=''>75 EUR<\/td><\/tr><tr class=''><td class=''>K\u0440\u0443\u0433\u043b\u0430\u044f \u0431\u0430\u043d\u044f-\u0431\u043e\u0447\u043a\u0430 \u0443 \u0440\u0435\u043a\u0438<\/td><td class=''>50 EUR <\/td><\/tr><tr class=''><td class=''>Torusaun + Minimaja 14 m2<\/td><td class=''>100 EUR<\/td><\/tr><tr class=''><td class=''>\u0421\u0430\u0443\u043d\u0430 \u0441 \u0448\u0430\u043c\u0430\u043d\u043e\u043c (\u0431\u0430\u043d\u043d\u044b\u0435 \u0440\u0438\u0442\u0443\u0430\u043b\u044b \u0441 \u043e\u0431\u0443\u0447\u0430\u044e\u0449\u0438\u043c \u043a\u0443\u0440\u0441\u043e\u043c \u00ab\u043a\u0430\u043a \u043f\u043e\u043b\u0443\u0447\u0438\u0442\u044c \u043e\u0442 \u0441\u0430\u0443\u043d\u044b \u043c\u0430\u043a\u0441\u0438\u043c\u0443\u043c \u0443\u0434\u043e\u0432\u043e\u043b\u044c\u0441\u0442\u0432\u0438\u044f\u00bb)<\/td><td class=''>65 EUR<\/td><\/tr><\/tbody><\/table><\/div><style type='text\/css'><\/style>\n<div  style='padding-bottom:0px; ' class='av-special-heading av-special-heading-h3  blockquote modern-quote  avia-builder-el-11  el_after_av_table  el_before_av_table  hinnakiri-saunad '><h3 class='av-special-heading-tag '  itemprop=\"headline\"  >\u041e\u0440\u0433\u0430\u043d\u0438\u0437\u0430\u0446\u0438\u044f \u043c\u0435\u0440\u043e\u043f\u0440\u0438\u044f\u0442\u0438\u0439 \u0432 S\u00e4mi Siil<\/h3><div class='special-heading-border'><div class='special-heading-inner-border' ><\/div><\/div><\/div>\n<div class='avia-data-table-wrap avia_responsive_table'><table  class='avia-table avia-data-table avia-table-5  avia-builder-el-12  el_after_av_heading  el_before_av_heading  avia_pricing_default '  itemscope=\"itemscope\" itemtype=\"https:\/\/schema.org\/Table\" ><tbody><tr class=''><td class=''>\u0426\u0435\u043d\u0430 \u0437\u0430\u0432\u0438\u0441\u0438\u0442 \u043e\u0442 \u043a\u043e\u043b\u0438\u0447\u0435\u0441\u0442\u0432\u0430 \u043b\u044e\u0434\u0435\u0439 \u0438 \u0437\u0430\u043d\u044f\u0442\u0438\u0439.<\/td><td class=''>\u0421\u043f\u0440\u043e\u0441\u0438\u0442\u0435 \u0446\u0435\u043d\u043e\u0432\u043e\u0435 \u043f\u0440\u0435\u0434\u043b\u043e\u0436\u0435\u043d\u0438\u0435<\/td><\/tr><\/tbody><\/table><\/div><style type='text\/css'><\/style>\n<div  style='padding-bottom:0px; ' class='av-special-heading av-special-heading-h3  blockquote modern-quote  avia-builder-el-13  el_after_av_table  el_before_av_table  hinnakiri-rendime '><h3 class='av-special-heading-tag '  itemprop=\"headline\"  >\u0421\u0434\u0430\u0435\u043c \u0432 \u0430\u0440\u0435\u043d\u0434\u0443<\/h3><div class ='av-subheading av-subheading_below  ' style='font-size:15px;'><p>Transport 0,45 EUR\/km arvestuslik alguspunkt S\u00e4mi<\/p>\n<\/div><div class='special-heading-border'><div class='special-heading-inner-border' ><\/div><\/div><\/div>\n<div class='avia-data-table-wrap avia_responsive_table'><table  class='avia-table avia-data-table avia-table-6  avia-builder-el-14  el_after_av_heading  avia-builder-el-last  avia_pricing_default '  itemscope=\"itemscope\" itemtype=\"https:\/\/schema.org\/Table\" ><tbody><tr class=''><td class=''>\u041f\u0435\u0439\u043d\u0442\u0431\u043e\u043b\u044c\u043d\u043e\u0435 \u0441\u043d\u0430\u0440\u044f\u0436\u0435\u043d\u0438\u0435 (\u0437\u0430\u0449\u0438\u0442\u043d\u0430\u044f \u043c\u0430\u0441\u043a\u0430, \u043f\u0435\u0441\u0442\u0440\u0430\u044f \u0444\u043e\u0440\u043c\u0430, \u043f\u0435\u0440\u0447\u0430\u0442\u043a\u0438, \u043f\u0435\u0439\u043d\u0442\u0431\u043e\u043b\u044c\u043d\u044b\u0439 \u043f\u0438\u0441\u0442\u043e\u043b\u0435\u0442 Tipball \u0441 \u043d\u0430\u0434\u0443\u0442\u044b\u043c \u0431\u0430\u043b\u043b\u043e\u043d\u043e\u043c)<\/td><td class=''>10 EUR\/\u0441\u0443\u0442\u043a\u0438<br \/>\n\u0448\u0430\u0440\u0438\u043a\u0438 \u0441 \u043a\u0440\u0430\u0441\u043a\u043e\u0439 (1000 \u0448\u0442) 40 EUR<\/td><\/tr><tr class=''><td class=''>SUP \u0438\u043b\u0438 \u0434\u043e\u0441\u043a\u0430 \u0434\u043b\u044f \u0441\u0435\u0440\u0444\u0438\u043d\u0433\u0430 (\u0436\u0438\u043b\u0435\u0442, \u043d\u0430\u0441\u043e\u0441, \u0441\u0443\u043c\u043a\u0430, \u0441\u0442\u0440\u0430\u0445\u043e\u0432\u043e\u0447\u043d\u044b\u0439 \u043f\u043e\u0432\u043e\u0434\u043e\u043a)<\/p>\n<\/td><td class=''>10 EUR \/ 1 \u0447\u0430\u0441<br \/>\n20 EUR \/ 3 \u0447\u0430\u0441\u0430<br \/>\n40 EUR \/ \u0441\u0443\u0442\u043a\u0438<\/td><\/tr><tr class=''><td class=''>\u041a\u0430\u043d\u043e\u044d \u043d\u0430 3-\u0445 \u0447\u0435\u043b\u043e\u0432\u0435\u043a (\u0434\u0432\u0430 \u0432\u0435\u0441\u043b\u0430 + \u0436\u0438\u043b\u0435\u0442\u044b)<\/td><td class=''>25 EUR\/ \u0441\u0443\u0442\u043a\u0438<\/td><\/tr><tr class=''><td class=''>\u041f\u0430\u043b\u0430\u0442\u043a\u0430 \u0434\u043b\u044f \u0432\u0435\u0447\u0435\u0440\u0438\u043d\u043e\u043a 5\u00d710 \u043c<\/td><td class=''>80 EUR\/\u0441\u0443\u0442\u043a\u0438<br \/>\n20 EUR\/\u0441\u043b\u0435\u0434\u0443\u044e\u0449\u0438\u0439 \u0434\u0435\u043d<\/td><\/tr><tr class=''><td class=''>\u0421\u0431\u043e\u0440\u043a\u0430 \u0438 \u0434\u0435\u043c\u043e\u043d\u0442\u0430\u0436 \u043f\u0440\u0430\u0437\u0434\u043d\u0438\u0447\u043d\u043e\u0439 \u043f\u0430\u043b\u0430\u0442\u043a\u0438 5\u044510 \u043c<\/td><td class=''>60 EUR<\/td><\/tr><tr class=''><td class=''>\u041f\u0430\u043b\u0430\u0442\u043a\u0430 \u0434\u043b\u044f \u0432\u0435\u0447\u0435\u0440\u0438\u043d\u043e\u043a 3\u00d73 \u043c<\/td><td class=''>20 EUR\/ \u0441\u0443\u0442\u043a\u0438<br \/>\n10 EUR\/\u0441\u043b\u0435\u0434\u0443\u044e\u0449\u0438\u0439 \u0434\u0435\u043d\u044c<\/td><\/tr><tr class=''><td class=''>\u041f\u0438\u0432\u043d\u0430\u044f \u043c\u0435\u0431\u0435\u043b\u044c (\u0441\u0442\u043e\u043b + \u0434\u0432\u0435 \u0441\u043a\u0430\u043c\u0435\u0439\u043a\u0438)<\/td><td class=''>15 EUR\/\u0441\u0443\u0442\u043a\u0438<br \/>\n5 EUR\/\u0441\u043b\u0435\u0434\u0443\u044e\u0449\u0438\u0439 \u0434\u0435\u043d\u044c<\/td><\/tr><tr class=''><td class=''>\u0422\u0435\u043b\u0435\u0436\u043a\u0430 \u0434\u043b\u044f \u043f\u0435\u0440\u0435\u0432\u043e\u0437\u043a\u0438 \u043a\u0430\u043d\u043e\u044d<\/td><td class=''>20 EUR\/ \u0441\u0443\u0442\u043a\u0438<\/td><\/tr><\/tbody><\/table><\/div><style type='text\/css'><\/style>\n<\/div><\/div><\/main><!-- close content main element --><\/div><\/div><div id='after_section_1'  class='main_color av_default_container_wrap container_wrap sidebar_right' style=' '  ><div class='container' ><div class='template-page content  av-content-small alpha units'><div class='post-entry post-entry-type-page post-entry-1416'><div class='entry-content-wrapper clearfix'>\n","protected":false},"excerpt":{"rendered":"","protected":false},"author":2,"featured_media":0,"parent":0,"menu_order":0,"comment_status":"closed","ping_status":"closed","template":"","meta":{"footnotes":""},"class_list":["post-1416","page","type-page","status-publish","hentry"],"yoast_head":"<!-- This site is optimized with the Yoast SEO plugin v24.9 - https:\/\/yoast.com\/wordpress\/plugins\/seo\/ -->\n<title>\u041f\u0420\u0410\u0419\u0421-\u041b\u0418\u0421\u0422<\/title>\n<meta name=\"description\" content=\"A\u043a\u0442\u0438\u0432\u043d\u044b\u0439 \u043e\u0442\u0434\u044b\u0445 \u0432 \u041b\u044f\u044d\u043d\u0435-\u0412\u0438\u0440\u0443\u043c\u0430\u0430. \u041f\u043e\u0445\u043e\u0434\u044b \u043d\u0430 \u043a\u0430\u043d\u043e\u044d \u0438 \u043f\u0440\u043e\u043a\u0430\u0442 \u0441\u043d\u0430\u0440\u044f\u0436\u0435\u043d\u0438\u044f. Peotelkide ja \u00f5llem\u00f6\u00f6bli rent. \u041f\u0440\u043e\u0436\u0438\u0432\u0430\u043d\u0438\u0435 \u0438 \u0441\u0430\u0443\u043d\u0430\" \/>\n<meta name=\"robots\" content=\"index, follow, max-snippet:-1, max-image-preview:large, max-video-preview:-1\" \/>\n<link rel=\"canonical\" href=\"https:\/\/samisiil.eu\/ru\/prajs-list\/\" \/>\n<meta property=\"og:locale\" content=\"ru_RU\" \/>\n<meta property=\"og:type\" content=\"article\" \/>\n<meta property=\"og:title\" content=\"\u041f\u0420\u0410\u0419\u0421-\u041b\u0418\u0421\u0422\" \/>\n<meta property=\"og:description\" content=\"A\u043a\u0442\u0438\u0432\u043d\u044b\u0439 \u043e\u0442\u0434\u044b\u0445 \u0432 \u041b\u044f\u044d\u043d\u0435-\u0412\u0438\u0440\u0443\u043c\u0430\u0430. \u041f\u043e\u0445\u043e\u0434\u044b \u043d\u0430 \u043a\u0430\u043d\u043e\u044d \u0438 \u043f\u0440\u043e\u043a\u0430\u0442 \u0441\u043d\u0430\u0440\u044f\u0436\u0435\u043d\u0438\u044f. Peotelkide ja \u00f5llem\u00f6\u00f6bli rent. \u041f\u0440\u043e\u0436\u0438\u0432\u0430\u043d\u0438\u0435 \u0438 \u0441\u0430\u0443\u043d\u0430\" \/>\n<meta property=\"og:url\" content=\"https:\/\/samisiil.eu\/ru\/prajs-list\/\" \/>\n<meta property=\"og:site_name\" content=\"S\u00c4MI SIIL SEIKLEB\" \/>\n<meta property=\"article:publisher\" content=\"https:\/\/www.facebook.com\/samisiil\" \/>\n<meta property=\"article:modified_time\" content=\"2022-06-28T20:06:13+00:00\" \/>\n<meta name=\"twitter:card\" content=\"summary_large_image\" \/>\n<meta name=\"twitter:label1\" content=\"\u041f\u0440\u0438\u043c\u0435\u0440\u043d\u043e\u0435 \u0432\u0440\u0435\u043c\u044f \u0434\u043b\u044f \u0447\u0442\u0435\u043d\u0438\u044f\" \/>\n\t<meta name=\"twitter:data1\" content=\"10 \u043c\u0438\u043d\u0443\u0442\" \/>\n<script type=\"application\/ld+json\" class=\"yoast-schema-graph\">{\"@context\":\"https:\/\/schema.org\",\"@graph\":[{\"@type\":\"WebPage\",\"@id\":\"https:\/\/samisiil.eu\/ru\/prajs-list\/\",\"url\":\"https:\/\/samisiil.eu\/ru\/prajs-list\/\",\"name\":\"\u041f\u0420\u0410\u0419\u0421-\u041b\u0418\u0421\u0422\",\"isPartOf\":{\"@id\":\"https:\/\/samisiil.eu\/ru\/#website\"},\"datePublished\":\"2021-01-13T12:40:00+00:00\",\"dateModified\":\"2022-06-28T20:06:13+00:00\",\"description\":\"A\u043a\u0442\u0438\u0432\u043d\u044b\u0439 \u043e\u0442\u0434\u044b\u0445 \u0432 \u041b\u044f\u044d\u043d\u0435-\u0412\u0438\u0440\u0443\u043c\u0430\u0430. \u041f\u043e\u0445\u043e\u0434\u044b \u043d\u0430 \u043a\u0430\u043d\u043e\u044d \u0438 \u043f\u0440\u043e\u043a\u0430\u0442 \u0441\u043d\u0430\u0440\u044f\u0436\u0435\u043d\u0438\u044f. Peotelkide ja \u00f5llem\u00f6\u00f6bli rent. \u041f\u0440\u043e\u0436\u0438\u0432\u0430\u043d\u0438\u0435 \u0438 \u0441\u0430\u0443\u043d\u0430\",\"breadcrumb\":{\"@id\":\"https:\/\/samisiil.eu\/ru\/prajs-list\/#breadcrumb\"},\"inLanguage\":\"ru-RU\",\"potentialAction\":[{\"@type\":\"ReadAction\",\"target\":[\"https:\/\/samisiil.eu\/ru\/prajs-list\/\"]}]},{\"@type\":\"BreadcrumbList\",\"@id\":\"https:\/\/samisiil.eu\/ru\/prajs-list\/#breadcrumb\",\"itemListElement\":[{\"@type\":\"ListItem\",\"position\":1,\"name\":\"Home\",\"item\":\"https:\/\/samisiil.eu\/ru\/\"},{\"@type\":\"ListItem\",\"position\":2,\"name\":\"\u041f\u0440\u0430\u0439\u0441-\u043b\u0438\u0441\u0442\"}]},{\"@type\":\"WebSite\",\"@id\":\"https:\/\/samisiil.eu\/ru\/#website\",\"url\":\"https:\/\/samisiil.eu\/ru\/\",\"name\":\"S\u00c4MI SIIL SEIKLEB\",\"description\":\"S\u00c4MI SIIL SEIKLEB\",\"publisher\":{\"@id\":\"https:\/\/samisiil.eu\/ru\/#organization\"},\"potentialAction\":[{\"@type\":\"SearchAction\",\"target\":{\"@type\":\"EntryPoint\",\"urlTemplate\":\"https:\/\/samisiil.eu\/ru\/?s={search_term_string}\"},\"query-input\":{\"@type\":\"PropertyValueSpecification\",\"valueRequired\":true,\"valueName\":\"search_term_string\"}}],\"inLanguage\":\"ru-RU\"},{\"@type\":\"Organization\",\"@id\":\"https:\/\/samisiil.eu\/ru\/#organization\",\"name\":\"S\u00e4mi Siil\",\"url\":\"https:\/\/samisiil.eu\/ru\/\",\"logo\":{\"@type\":\"ImageObject\",\"inLanguage\":\"ru-RU\",\"@id\":\"https:\/\/samisiil.eu\/ru\/#\/schema\/logo\/image\/\",\"url\":\"https:\/\/samisiil.eu\/wp-content\/uploads\/2019\/07\/logo.png\",\"contentUrl\":\"https:\/\/samisiil.eu\/wp-content\/uploads\/2019\/07\/logo.png\",\"width\":500,\"height\":230,\"caption\":\"S\u00e4mi Siil\"},\"image\":{\"@id\":\"https:\/\/samisiil.eu\/ru\/#\/schema\/logo\/image\/\"},\"sameAs\":[\"https:\/\/www.facebook.com\/samisiil\"]}]}<\/script>\n<!-- \/ Yoast SEO plugin. -->","yoast_head_json":{"title":"\u041f\u0420\u0410\u0419\u0421-\u041b\u0418\u0421\u0422","description":"A\u043a\u0442\u0438\u0432\u043d\u044b\u0439 \u043e\u0442\u0434\u044b\u0445 \u0432 \u041b\u044f\u044d\u043d\u0435-\u0412\u0438\u0440\u0443\u043c\u0430\u0430. \u041f\u043e\u0445\u043e\u0434\u044b \u043d\u0430 \u043a\u0430\u043d\u043e\u044d \u0438 \u043f\u0440\u043e\u043a\u0430\u0442 \u0441\u043d\u0430\u0440\u044f\u0436\u0435\u043d\u0438\u044f. Peotelkide ja \u00f5llem\u00f6\u00f6bli rent. \u041f\u0440\u043e\u0436\u0438\u0432\u0430\u043d\u0438\u0435 \u0438 \u0441\u0430\u0443\u043d\u0430","robots":{"index":"index","follow":"follow","max-snippet":"max-snippet:-1","max-image-preview":"max-image-preview:large","max-video-preview":"max-video-preview:-1"},"canonical":"https:\/\/samisiil.eu\/ru\/prajs-list\/","og_locale":"ru_RU","og_type":"article","og_title":"\u041f\u0420\u0410\u0419\u0421-\u041b\u0418\u0421\u0422","og_description":"A\u043a\u0442\u0438\u0432\u043d\u044b\u0439 \u043e\u0442\u0434\u044b\u0445 \u0432 \u041b\u044f\u044d\u043d\u0435-\u0412\u0438\u0440\u0443\u043c\u0430\u0430. \u041f\u043e\u0445\u043e\u0434\u044b \u043d\u0430 \u043a\u0430\u043d\u043e\u044d \u0438 \u043f\u0440\u043e\u043a\u0430\u0442 \u0441\u043d\u0430\u0440\u044f\u0436\u0435\u043d\u0438\u044f. Peotelkide ja \u00f5llem\u00f6\u00f6bli rent. \u041f\u0440\u043e\u0436\u0438\u0432\u0430\u043d\u0438\u0435 \u0438 \u0441\u0430\u0443\u043d\u0430","og_url":"https:\/\/samisiil.eu\/ru\/prajs-list\/","og_site_name":"S\u00c4MI SIIL SEIKLEB","article_publisher":"https:\/\/www.facebook.com\/samisiil","article_modified_time":"2022-06-28T20:06:13+00:00","twitter_card":"summary_large_image","twitter_misc":{"\u041f\u0440\u0438\u043c\u0435\u0440\u043d\u043e\u0435 \u0432\u0440\u0435\u043c\u044f \u0434\u043b\u044f \u0447\u0442\u0435\u043d\u0438\u044f":"10 \u043c\u0438\u043d\u0443\u0442"},"schema":{"@context":"https:\/\/schema.org","@graph":[{"@type":"WebPage","@id":"https:\/\/samisiil.eu\/ru\/prajs-list\/","url":"https:\/\/samisiil.eu\/ru\/prajs-list\/","name":"\u041f\u0420\u0410\u0419\u0421-\u041b\u0418\u0421\u0422","isPartOf":{"@id":"https:\/\/samisiil.eu\/ru\/#website"},"datePublished":"2021-01-13T12:40:00+00:00","dateModified":"2022-06-28T20:06:13+00:00","description":"A\u043a\u0442\u0438\u0432\u043d\u044b\u0439 \u043e\u0442\u0434\u044b\u0445 \u0432 \u041b\u044f\u044d\u043d\u0435-\u0412\u0438\u0440\u0443\u043c\u0430\u0430. \u041f\u043e\u0445\u043e\u0434\u044b \u043d\u0430 \u043a\u0430\u043d\u043e\u044d \u0438 \u043f\u0440\u043e\u043a\u0430\u0442 \u0441\u043d\u0430\u0440\u044f\u0436\u0435\u043d\u0438\u044f. Peotelkide ja \u00f5llem\u00f6\u00f6bli rent. \u041f\u0440\u043e\u0436\u0438\u0432\u0430\u043d\u0438\u0435 \u0438 \u0441\u0430\u0443\u043d\u0430","breadcrumb":{"@id":"https:\/\/samisiil.eu\/ru\/prajs-list\/#breadcrumb"},"inLanguage":"ru-RU","potentialAction":[{"@type":"ReadAction","target":["https:\/\/samisiil.eu\/ru\/prajs-list\/"]}]},{"@type":"BreadcrumbList","@id":"https:\/\/samisiil.eu\/ru\/prajs-list\/#breadcrumb","itemListElement":[{"@type":"ListItem","position":1,"name":"Home","item":"https:\/\/samisiil.eu\/ru\/"},{"@type":"ListItem","position":2,"name":"\u041f\u0440\u0430\u0439\u0441-\u043b\u0438\u0441\u0442"}]},{"@type":"WebSite","@id":"https:\/\/samisiil.eu\/ru\/#website","url":"https:\/\/samisiil.eu\/ru\/","name":"S\u00c4MI SIIL SEIKLEB","description":"S\u00c4MI SIIL SEIKLEB","publisher":{"@id":"https:\/\/samisiil.eu\/ru\/#organization"},"potentialAction":[{"@type":"SearchAction","target":{"@type":"EntryPoint","urlTemplate":"https:\/\/samisiil.eu\/ru\/?s={search_term_string}"},"query-input":{"@type":"PropertyValueSpecification","valueRequired":true,"valueName":"search_term_string"}}],"inLanguage":"ru-RU"},{"@type":"Organization","@id":"https:\/\/samisiil.eu\/ru\/#organization","name":"S\u00e4mi Siil","url":"https:\/\/samisiil.eu\/ru\/","logo":{"@type":"ImageObject","inLanguage":"ru-RU","@id":"https:\/\/samisiil.eu\/ru\/#\/schema\/logo\/image\/","url":"https:\/\/samisiil.eu\/wp-content\/uploads\/2019\/07\/logo.png","contentUrl":"https:\/\/samisiil.eu\/wp-content\/uploads\/2019\/07\/logo.png","width":500,"height":230,"caption":"S\u00e4mi Siil"},"image":{"@id":"https:\/\/samisiil.eu\/ru\/#\/schema\/logo\/image\/"},"sameAs":["https:\/\/www.facebook.com\/samisiil"]}]}},"_links":{"self":[{"href":"https:\/\/samisiil.eu\/ru\/wp-json\/wp\/v2\/pages\/1416","targetHints":{"allow":["GET"]}}],"collection":[{"href":"https:\/\/samisiil.eu\/ru\/wp-json\/wp\/v2\/pages"}],"about":[{"href":"https:\/\/samisiil.eu\/ru\/wp-json\/wp\/v2\/types\/page"}],"author":[{"embeddable":true,"href":"https:\/\/samisiil.eu\/ru\/wp-json\/wp\/v2\/users\/2"}],"replies":[{"embeddable":true,"href":"https:\/\/samisiil.eu\/ru\/wp-json\/wp\/v2\/comments?post=1416"}],"version-history":[{"count":23,"href":"https:\/\/samisiil.eu\/ru\/wp-json\/wp\/v2\/pages\/1416\/revisions"}],"predecessor-version":[{"id":1880,"href":"https:\/\/samisiil.eu\/ru\/wp-json\/wp\/v2\/pages\/1416\/revisions\/1880"}],"wp:attachment":[{"href":"https:\/\/samisiil.eu\/ru\/wp-json\/wp\/v2\/media?parent=1416"}],"curies":[{"name":"wp","href":"https:\/\/api.w.org\/{rel}","templated":true}]}}