{"id":1431,"date":"2021-01-13T14:40:30","date_gmt":"2021-01-13T12:40:30","guid":{"rendered":"https:\/\/samisiil.eu\/%d1%80%d0%b5%d0%ba%d0%b0-%d0%ba%d1%83%d0%bd%d0%b4%d0%b0\/"},"modified":"2021-01-13T19:48:57","modified_gmt":"2021-01-13T17:48:57","slug":"reka-kunda","status":"publish","type":"page","link":"https:\/\/samisiil.eu\/ru\/aktivnyj-otdyh-na-reke\/reka-kunda\/","title":{"rendered":"\u0420\u0435\u043a\u0430 \u041a\u0443\u043d\u0434\u0430"},"content":{"rendered":"<div id='av_section_1'  class='avia-section main_color avia-section-large avia-no-border-styling  avia-bg-style-scroll  avia-builder-el-0  avia-builder-el-no-sibling   container_wrap sidebar_right' style=' '  ><div class='container' ><main  role=\"main\" itemprop=\"mainContentOfPage\"  class='template-page content  av-content-small alpha units'><div class='post-entry post-entry-type-page post-entry-1431'><div class='entry-content-wrapper clearfix'>\n<div class=\"flex_column av_one_fifth  av-hide-on-mobile  flex_column_div av-zero-column-padding first  avia-builder-el-1  el_before_av_four_fifth  avia-builder-el-first  \" style='border-radius:0px; '><div  class='avia-builder-widget-area clearfix  avia-builder-el-2  avia-builder-el-no-sibling '><section id=\"nav_menu-2\" class=\"widget clearfix widget_nav_menu\"><div class=\"menu-joed-russian-container\"><ul id=\"menu-joed-russian\" class=\"menu\"><li id=\"menu-item-1547\" class=\"menu-item menu-item-type-post_type menu-item-object-page menu-item-has-children menu-item-1547\"><a href=\"https:\/\/samisiil.eu\/ru\/aktivnyj-otdyh-na-reke\/\">\u0410\u043a\u0442\u0438\u0432\u043d\u044b\u0439 \u043e\u0442\u0434\u044b\u0445 \u043d\u0430 \u0440\u0435\u043a\u0435<\/a>\n<ul class=\"sub-menu\">\n\t<li id=\"menu-item-1548\" class=\"menu-item menu-item-type-post_type menu-item-object-page menu-item-1548\"><a href=\"https:\/\/samisiil.eu\/ru\/aktivnyj-otdyh-na-reke\/reka-kunda\/\">\u0420\u0435\u043a\u0430 \u041a\u0443\u043d\u0434\u0430<\/a><\/li>\n<\/ul>\n<\/li>\n<\/ul><\/div><span class=\"seperator extralight-border\"><\/span><\/section><\/div><\/div><div class=\"flex_column av_four_fifth  flex_column_div av-zero-column-padding   avia-builder-el-3  el_after_av_one_fifth  avia-builder-el-last  \" style='border-radius:0px; '><p><div  style='padding-bottom:10px; ' class='av-special-heading av-special-heading-h2  blockquote modern-quote  avia-builder-el-4  el_before_av_hr  avia-builder-el-first  '><h2 class='av-special-heading-tag '  itemprop=\"headline\"  >\u0420\u0435\u043a\u0430 \u041a\u0443\u043d\u0434\u0430<\/h2><div class='special-heading-border'><div class='special-heading-inner-border' ><\/div><\/div><\/div><br \/>\n<div  style=' margin-top:20px; margin-bottom:30px;'  class='hr hr-custom hr-left hr-icon-no   avia-builder-el-5  el_after_av_heading  el_before_av_textblock '><span class='hr-inner  inner-border-av-border-fat' style=' width:50px;' ><span class='hr-inner-style'><\/span><\/span><\/div><br \/>\n<section class=\"av_textblock_section \"  itemscope=\"itemscope\" itemtype=\"https:\/\/schema.org\/CreativeWork\" ><div class='avia_textblock  '   itemprop=\"text\" ><p>\u0420\u0435\u043a\u0430 \u041a\u0443\u043d\u0434\u0430 \u0442\u0430\u043a\u0436\u0435 \u0438\u0437\u0432\u0435\u0441\u0442\u043d\u0430 \u043f\u043e\u0434 \u0442\u0430\u043a\u0438\u043c\u0438 \u043d\u0430\u0437\u0432\u0430\u043d\u0438\u044f\u043c\u0438, \u043a\u0430\u043a \u0440\u0435\u043a\u0430 \u0412\u044b\u0445\u0443, \u041f\u044b\u043b\u0443\u043b\u0430, \u0421\u044f\u043c\u0438 \u0438 \u0421\u0435\u043c\u043c\u0438\u0439\u044b\u0433\u0438. \u0420\u0435\u043a\u0430 \u0431\u0435\u0440\u0435\u0442 \u043d\u0430\u0447\u0430\u043b\u043e \u0432 1,5 \u043a\u043c \u043a \u0441\u0435\u0432\u0435\u0440\u0443 \u043e\u0442 \u043d\u0435\u0431\u043e\u043b\u044c\u0448\u043e\u0433\u043e \u0433\u043e\u0440\u043e\u0434\u043a\u0430 \u0420\u043e\u044d\u043b\u0430 \u043d\u0430 \u0432\u043e\u0441\u0442\u043e\u0447\u043d\u043e\u0439 \u043e\u043a\u0440\u0430\u0438\u043d\u0435 \u0432\u043e\u0437\u0432\u044b\u0448\u0435\u043d\u043d\u043e\u0441\u0442\u0438 \u041f\u0430\u043d\u0434\u0438\u0432\u0435\u0440\u0435 \u0438 \u0432\u043f\u0430\u0434\u0430\u0435\u0442 \u0432 \u0437\u0430\u043b\u0438\u0432 \u041a\u0443\u043d\u0434\u0430 \u0432 \u0424\u0438\u043d\u0441\u043a\u043e\u043c \u0437\u0430\u043b\u0438\u0432\u0435, \u043f\u0440\u0438\u043d\u0430\u0434\u043b\u0435\u0436\u0430\u0449\u0435\u043c \u0431\u0430\u0441\u0441\u0435\u0439\u043d\u0443 \u0424\u0438\u043d\u0441\u043a\u043e\u0433\u043e \u0437\u0430\u043b\u0438\u0432\u0430. \u0414\u043b\u0438\u043d\u0430 69 \u043a\u043c, \u043f\u043b\u043e\u0449\u0430\u0434\u044c \u0432\u043e\u0434\u043e\u0441\u0431\u043e\u0440\u0430 530 \u043a\u043c\u00b2. \u042d\u0442\u043e \u0441\u0430\u043c\u0430\u044f \u0434\u043b\u0438\u043d\u043d\u0430\u044f \u0438 \u0431\u043e\u0433\u0430\u0442\u0430\u044f \u0432\u043e\u0434\u043e\u0439 \u0440\u0435\u043a\u0430 \u0432 \u041b\u044f\u044d\u043d\u0435-\u0412\u0438\u0440\u0443, \u043a\u043e\u0442\u043e\u0440\u0430\u044f \u0432 \u041a\u0443\u043d\u0434\u0430 \u043e\u0431\u0440\u0430\u0437\u0443\u0435\u0442 \u043a\u0430\u043d\u044c\u043e\u043d \u0441 \u0433\u043b\u0443\u0431\u043e\u043a\u0438\u043c\u0438 \u0441\u0442\u0435\u043d\u0430\u043c\u0438 \u0438\u0437 \u043f\u0435\u0441\u0447\u0430\u043d\u0438\u043a\u0430.<\/p>\n<p><strong><em>\u041f\u043e\u0445\u043e\u0434\u044b \u043d\u0430 \u043a\u0430\u043d\u043e\u044d \u0432\u043e\u0437\u043c\u043e\u0436\u043d\u044b \u043f\u043e \u0440\u0430\u0437\u043d\u044b\u043c \u043c\u0430\u0440\u0448\u0440\u0443\u0442\u0430\u043c \u043f\u0440\u043e\u0434\u043e\u043b\u0436\u0438\u0442\u0435\u043b\u044c\u043d\u043e\u0441\u0442\u044c\u044e \u043e\u0442 2,5 \u0434\u043e 4,5 \u0447\u0430\u0441\u043e\u0432.<\/em><\/strong><\/p>\n<p>\u0412 \u0421\u044f\u043c\u0438 \u0443 \u043d\u0430\u0441 \u0435\u0441\u0442\u044c \u0445\u043e\u0440\u043e\u0448\u0435\u0435 \u043c\u0435\u0441\u0442\u043e, \u0433\u0434\u0435 \u043c\u043e\u0436\u043d\u043e \u043f\u043e\u0436\u0430\u0440\u0438\u0442\u044c \u043d\u0430 \u0433\u0440\u0438\u043b\u0435 \u0438 \u0440\u0430\u0441\u0441\u043b\u0430\u0431\u0438\u0442\u044c\u0441\u044f \u043f\u043e\u0441\u043b\u0435 \u043f\u043e\u0445\u043e\u0434\u0430!<\/p>\n<\/div><\/section><br \/>\n<div  style=' margin-top:20px; margin-bottom:30px;'  class='hr hr-custom hr-left hr-icon-no   avia-builder-el-7  el_after_av_textblock  el_before_av_masonry_gallery  avia-builder-el-last '><span class='hr-inner  inner-border-av-border-fat' style=' width:50px;' ><span class='hr-inner-style'><\/span><\/span><\/div><br \/>\n<div id='av-masonry-1' class='av-masonry  noHover av-flex-size av-large-gap av-hover-overlay-active av-masonry-animation-active av-masonry-col-5 av-caption-always av-caption-style- av-masonry-gallery     '  ><div class='av-masonry-container isotope av-js-disabled ' ><div class='av-masonry-entry isotope-item av-masonry-item-no-image '><\/div><a href=\"https:\/\/samisiil.eu\/wp-content\/uploads\/2019\/08\/DSC_0034-1030x687.jpg\"  aria-label=\"image DSC_0034\"  id='av-masonry-1-item-1217' data-av-masonry-item='1217' class='av-masonry-entry isotope-item post-1217 attachment type-attachment status-inherit hentry  av-masonry-item-with-image' title=\"DSC_0034\" alt=\"\"   itemprop=\"thumbnailUrl\" ><div class='av-inner-masonry-sizer'><\/div><figure class='av-inner-masonry main_color'><div class=\"av-masonry-outerimage-container\"><div class=\"av-masonry-image-container\" ><img decoding=\"async\" width=\"705\" height=\"470\" class=\"wp-image-1217 avia-img-lazy-loading-not-1217\"  src=\"https:\/\/samisiil.eu\/wp-content\/uploads\/2019\/08\/DSC_0034-705x470.jpg\" title=\"DSC_0034\" alt=\"\" srcset=\"https:\/\/samisiil.eu\/wp-content\/uploads\/2019\/08\/DSC_0034-705x470.jpg 705w, https:\/\/samisiil.eu\/wp-content\/uploads\/2019\/08\/DSC_0034-300x200.jpg 300w, https:\/\/samisiil.eu\/wp-content\/uploads\/2019\/08\/DSC_0034-768x512.jpg 768w, https:\/\/samisiil.eu\/wp-content\/uploads\/2019\/08\/DSC_0034-1030x687.jpg 1030w, https:\/\/samisiil.eu\/wp-content\/uploads\/2019\/08\/DSC_0034-1500x1000.jpg 1500w, https:\/\/samisiil.eu\/wp-content\/uploads\/2019\/08\/DSC_0034-450x300.jpg 450w\" sizes=\"(max-width: 705px) 100vw, 705px\" \/><\/div><\/div><\/figure><\/a><!--end av-masonry entry--><a href=\"https:\/\/samisiil.eu\/wp-content\/uploads\/2019\/08\/DSC_0125-1030x687.jpg\"  aria-label=\"image DSC_0125\"  id='av-masonry-1-item-1219' data-av-masonry-item='1219' class='av-masonry-entry isotope-item post-1219 attachment type-attachment status-inherit hentry  av-masonry-item-with-image' title=\"DSC_0125\" alt=\"\"   itemprop=\"thumbnailUrl\" ><div class='av-inner-masonry-sizer'><\/div><figure class='av-inner-masonry main_color'><div class=\"av-masonry-outerimage-container\"><div class=\"av-masonry-image-container\" ><img decoding=\"async\" width=\"705\" height=\"470\" class=\"wp-image-1219 avia-img-lazy-loading-not-1219\"  src=\"https:\/\/samisiil.eu\/wp-content\/uploads\/2019\/08\/DSC_0125-705x470.jpg\" title=\"DSC_0125\" alt=\"\" srcset=\"https:\/\/samisiil.eu\/wp-content\/uploads\/2019\/08\/DSC_0125-705x470.jpg 705w, https:\/\/samisiil.eu\/wp-content\/uploads\/2019\/08\/DSC_0125-300x200.jpg 300w, https:\/\/samisiil.eu\/wp-content\/uploads\/2019\/08\/DSC_0125-768x512.jpg 768w, https:\/\/samisiil.eu\/wp-content\/uploads\/2019\/08\/DSC_0125-1030x687.jpg 1030w, https:\/\/samisiil.eu\/wp-content\/uploads\/2019\/08\/DSC_0125-1500x1000.jpg 1500w, https:\/\/samisiil.eu\/wp-content\/uploads\/2019\/08\/DSC_0125-450x300.jpg 450w\" sizes=\"(max-width: 705px) 100vw, 705px\" \/><\/div><\/div><\/figure><\/a><!--end av-masonry entry--><a href=\"https:\/\/samisiil.eu\/wp-content\/uploads\/2019\/08\/DSC_0155-1030x687.jpg\"  aria-label=\"image DSC_0155\"  id='av-masonry-1-item-1221' data-av-masonry-item='1221' class='av-masonry-entry isotope-item post-1221 attachment type-attachment status-inherit hentry  av-masonry-item-with-image' title=\"DSC_0155\" alt=\"\"   itemprop=\"thumbnailUrl\" ><div class='av-inner-masonry-sizer'><\/div><figure class='av-inner-masonry main_color'><div class=\"av-masonry-outerimage-container\"><div class=\"av-masonry-image-container\" ><img decoding=\"async\" width=\"705\" height=\"470\" class=\"wp-image-1221 avia-img-lazy-loading-not-1221\"  src=\"https:\/\/samisiil.eu\/wp-content\/uploads\/2019\/08\/DSC_0155-705x470.jpg\" title=\"DSC_0155\" alt=\"\" srcset=\"https:\/\/samisiil.eu\/wp-content\/uploads\/2019\/08\/DSC_0155-705x470.jpg 705w, https:\/\/samisiil.eu\/wp-content\/uploads\/2019\/08\/DSC_0155-300x200.jpg 300w, https:\/\/samisiil.eu\/wp-content\/uploads\/2019\/08\/DSC_0155-768x512.jpg 768w, https:\/\/samisiil.eu\/wp-content\/uploads\/2019\/08\/DSC_0155-1030x687.jpg 1030w, https:\/\/samisiil.eu\/wp-content\/uploads\/2019\/08\/DSC_0155-1500x1000.jpg 1500w, https:\/\/samisiil.eu\/wp-content\/uploads\/2019\/08\/DSC_0155-450x300.jpg 450w\" sizes=\"(max-width: 705px) 100vw, 705px\" \/><\/div><\/div><\/figure><\/a><!--end av-masonry entry--><a href=\"https:\/\/samisiil.eu\/wp-content\/uploads\/2019\/08\/DSC_0175-1030x687.jpg\"  aria-label=\"image DSC_0175\"  id='av-masonry-1-item-1223' data-av-masonry-item='1223' class='av-masonry-entry isotope-item post-1223 attachment type-attachment status-inherit hentry  av-masonry-item-with-image' title=\"DSC_0175\" alt=\"\"   itemprop=\"thumbnailUrl\" ><div class='av-inner-masonry-sizer'><\/div><figure class='av-inner-masonry main_color'><div class=\"av-masonry-outerimage-container\"><div class=\"av-masonry-image-container\" ><img decoding=\"async\" width=\"705\" height=\"470\" class=\"wp-image-1223 avia-img-lazy-loading-not-1223\"  src=\"https:\/\/samisiil.eu\/wp-content\/uploads\/2019\/08\/DSC_0175-705x470.jpg\" title=\"DSC_0175\" alt=\"\" srcset=\"https:\/\/samisiil.eu\/wp-content\/uploads\/2019\/08\/DSC_0175-705x470.jpg 705w, https:\/\/samisiil.eu\/wp-content\/uploads\/2019\/08\/DSC_0175-300x200.jpg 300w, https:\/\/samisiil.eu\/wp-content\/uploads\/2019\/08\/DSC_0175-768x512.jpg 768w, https:\/\/samisiil.eu\/wp-content\/uploads\/2019\/08\/DSC_0175-1030x687.jpg 1030w, https:\/\/samisiil.eu\/wp-content\/uploads\/2019\/08\/DSC_0175-1500x1000.jpg 1500w, https:\/\/samisiil.eu\/wp-content\/uploads\/2019\/08\/DSC_0175-450x300.jpg 450w\" sizes=\"(max-width: 705px) 100vw, 705px\" \/><\/div><\/div><\/figure><\/a><!--end av-masonry entry--><a href=\"https:\/\/samisiil.eu\/wp-content\/uploads\/2019\/08\/DSC_0229-1030x687.jpg\"  aria-label=\"image DSC_0229\"  id='av-masonry-1-item-1225' data-av-masonry-item='1225' class='av-masonry-entry isotope-item post-1225 attachment type-attachment status-inherit hentry  av-masonry-item-with-image' title=\"DSC_0229\" alt=\"\"   itemprop=\"thumbnailUrl\" ><div class='av-inner-masonry-sizer'><\/div><figure class='av-inner-masonry main_color'><div class=\"av-masonry-outerimage-container\"><div class=\"av-masonry-image-container\" ><img decoding=\"async\" width=\"705\" height=\"470\" class=\"wp-image-1225 avia-img-lazy-loading-not-1225\"  src=\"https:\/\/samisiil.eu\/wp-content\/uploads\/2019\/08\/DSC_0229-705x470.jpg\" title=\"DSC_0229\" alt=\"\" srcset=\"https:\/\/samisiil.eu\/wp-content\/uploads\/2019\/08\/DSC_0229-705x470.jpg 705w, https:\/\/samisiil.eu\/wp-content\/uploads\/2019\/08\/DSC_0229-300x200.jpg 300w, https:\/\/samisiil.eu\/wp-content\/uploads\/2019\/08\/DSC_0229-768x512.jpg 768w, https:\/\/samisiil.eu\/wp-content\/uploads\/2019\/08\/DSC_0229-1030x687.jpg 1030w, https:\/\/samisiil.eu\/wp-content\/uploads\/2019\/08\/DSC_0229-1500x1000.jpg 1500w, https:\/\/samisiil.eu\/wp-content\/uploads\/2019\/08\/DSC_0229-450x300.jpg 450w\" sizes=\"(max-width: 705px) 100vw, 705px\" \/><\/div><\/div><\/figure><\/a><!--end av-masonry entry--><\/div><\/div><\/p><\/div><\/div><\/div><\/main><!-- close content main element --><\/div><\/div><div id='after_section_1'  class='main_color av_default_container_wrap container_wrap sidebar_right' style=' '  ><div class='container' ><div class='template-page content  av-content-small alpha units'><div class='post-entry post-entry-type-page post-entry-1431'><div class='entry-content-wrapper clearfix'>\n","protected":false},"excerpt":{"rendered":"","protected":false},"author":2,"featured_media":0,"parent":1494,"menu_order":0,"comment_status":"closed","ping_status":"closed","template":"","meta":{"footnotes":""},"class_list":["post-1431","page","type-page","status-publish","hentry"],"yoast_head":"<!-- This site is optimized with the Yoast SEO plugin v24.9 - https:\/\/yoast.com\/wordpress\/plugins\/seo\/ -->\n<title>\u0420\u0435\u043a\u0430 \u041a\u0443\u043d\u0434\u0430<\/title>\n<meta name=\"description\" content=\"A\u043a\u0442\u0438\u0432\u043d\u044b\u0439 \u043e\u0442\u0434\u044b\u0445 \u0432 \u041b\u044f\u044d\u043d\u0435-\u0412\u0438\u0440\u0443\u043c\u0430\u0430. \u041f\u043e\u0445\u043e\u0434\u044b \u043d\u0430 \u043a\u0430\u043d\u043e\u044d \u0438 \u043f\u0440\u043e\u043a\u0430\u0442 \u0441\u043d\u0430\u0440\u044f\u0436\u0435\u043d\u0438\u044f. Peotelkide ja \u00f5llem\u00f6\u00f6bli rent. \u041f\u0440\u043e\u0436\u0438\u0432\u0430\u043d\u0438\u0435 \u0438 \u0441\u0430\u0443\u043d\u0430\" \/>\n<meta name=\"robots\" content=\"index, follow, max-snippet:-1, max-image-preview:large, max-video-preview:-1\" \/>\n<link rel=\"canonical\" href=\"https:\/\/samisiil.eu\/ru\/aktivnyj-otdyh-na-reke\/reka-kunda\/\" \/>\n<meta property=\"og:locale\" content=\"ru_RU\" \/>\n<meta property=\"og:type\" content=\"article\" \/>\n<meta property=\"og:title\" content=\"\u0420\u0435\u043a\u0430 \u041a\u0443\u043d\u0434\u0430\" \/>\n<meta property=\"og:description\" content=\"A\u043a\u0442\u0438\u0432\u043d\u044b\u0439 \u043e\u0442\u0434\u044b\u0445 \u0432 \u041b\u044f\u044d\u043d\u0435-\u0412\u0438\u0440\u0443\u043c\u0430\u0430. \u041f\u043e\u0445\u043e\u0434\u044b \u043d\u0430 \u043a\u0430\u043d\u043e\u044d \u0438 \u043f\u0440\u043e\u043a\u0430\u0442 \u0441\u043d\u0430\u0440\u044f\u0436\u0435\u043d\u0438\u044f. Peotelkide ja \u00f5llem\u00f6\u00f6bli rent. \u041f\u0440\u043e\u0436\u0438\u0432\u0430\u043d\u0438\u0435 \u0438 \u0441\u0430\u0443\u043d\u0430\" \/>\n<meta property=\"og:url\" content=\"https:\/\/samisiil.eu\/ru\/aktivnyj-otdyh-na-reke\/reka-kunda\/\" \/>\n<meta property=\"og:site_name\" content=\"S\u00c4MI SIIL SEIKLEB\" \/>\n<meta property=\"article:publisher\" content=\"https:\/\/www.facebook.com\/samisiil\" \/>\n<meta property=\"article:modified_time\" content=\"2021-01-13T17:48:57+00:00\" \/>\n<meta name=\"twitter:card\" content=\"summary_large_image\" \/>\n<meta name=\"twitter:label1\" content=\"\u041f\u0440\u0438\u043c\u0435\u0440\u043d\u043e\u0435 \u0432\u0440\u0435\u043c\u044f \u0434\u043b\u044f \u0447\u0442\u0435\u043d\u0438\u044f\" \/>\n\t<meta name=\"twitter:data1\" content=\"3 \u043c\u0438\u043d\u0443\u0442\u044b\" \/>\n<script type=\"application\/ld+json\" class=\"yoast-schema-graph\">{\"@context\":\"https:\/\/schema.org\",\"@graph\":[{\"@type\":\"WebPage\",\"@id\":\"https:\/\/samisiil.eu\/ru\/aktivnyj-otdyh-na-reke\/reka-kunda\/\",\"url\":\"https:\/\/samisiil.eu\/ru\/aktivnyj-otdyh-na-reke\/reka-kunda\/\",\"name\":\"\u0420\u0435\u043a\u0430 \u041a\u0443\u043d\u0434\u0430\",\"isPartOf\":{\"@id\":\"https:\/\/samisiil.eu\/ru\/#website\"},\"datePublished\":\"2021-01-13T12:40:30+00:00\",\"dateModified\":\"2021-01-13T17:48:57+00:00\",\"description\":\"A\u043a\u0442\u0438\u0432\u043d\u044b\u0439 \u043e\u0442\u0434\u044b\u0445 \u0432 \u041b\u044f\u044d\u043d\u0435-\u0412\u0438\u0440\u0443\u043c\u0430\u0430. \u041f\u043e\u0445\u043e\u0434\u044b \u043d\u0430 \u043a\u0430\u043d\u043e\u044d \u0438 \u043f\u0440\u043e\u043a\u0430\u0442 \u0441\u043d\u0430\u0440\u044f\u0436\u0435\u043d\u0438\u044f. Peotelkide ja \u00f5llem\u00f6\u00f6bli rent. \u041f\u0440\u043e\u0436\u0438\u0432\u0430\u043d\u0438\u0435 \u0438 \u0441\u0430\u0443\u043d\u0430\",\"breadcrumb\":{\"@id\":\"https:\/\/samisiil.eu\/ru\/aktivnyj-otdyh-na-reke\/reka-kunda\/#breadcrumb\"},\"inLanguage\":\"ru-RU\",\"potentialAction\":[{\"@type\":\"ReadAction\",\"target\":[\"https:\/\/samisiil.eu\/ru\/aktivnyj-otdyh-na-reke\/reka-kunda\/\"]}]},{\"@type\":\"BreadcrumbList\",\"@id\":\"https:\/\/samisiil.eu\/ru\/aktivnyj-otdyh-na-reke\/reka-kunda\/#breadcrumb\",\"itemListElement\":[{\"@type\":\"ListItem\",\"position\":1,\"name\":\"Home\",\"item\":\"https:\/\/samisiil.eu\/ru\/\"},{\"@type\":\"ListItem\",\"position\":2,\"name\":\"\u0410\u043a\u0442\u0438\u0432\u043d\u044b\u0439 \u043e\u0442\u0434\u044b\u0445 \u043d\u0430 \u0440\u0435\u043a\u0435\",\"item\":\"https:\/\/samisiil.eu\/ru\/kanuumatkad\/\"},{\"@type\":\"ListItem\",\"position\":3,\"name\":\"\u0420\u0435\u043a\u0430 \u041a\u0443\u043d\u0434\u0430\"}]},{\"@type\":\"WebSite\",\"@id\":\"https:\/\/samisiil.eu\/ru\/#website\",\"url\":\"https:\/\/samisiil.eu\/ru\/\",\"name\":\"S\u00c4MI SIIL SEIKLEB\",\"description\":\"S\u00c4MI SIIL SEIKLEB\",\"publisher\":{\"@id\":\"https:\/\/samisiil.eu\/ru\/#organization\"},\"potentialAction\":[{\"@type\":\"SearchAction\",\"target\":{\"@type\":\"EntryPoint\",\"urlTemplate\":\"https:\/\/samisiil.eu\/ru\/?s={search_term_string}\"},\"query-input\":{\"@type\":\"PropertyValueSpecification\",\"valueRequired\":true,\"valueName\":\"search_term_string\"}}],\"inLanguage\":\"ru-RU\"},{\"@type\":\"Organization\",\"@id\":\"https:\/\/samisiil.eu\/ru\/#organization\",\"name\":\"S\u00e4mi Siil\",\"url\":\"https:\/\/samisiil.eu\/ru\/\",\"logo\":{\"@type\":\"ImageObject\",\"inLanguage\":\"ru-RU\",\"@id\":\"https:\/\/samisiil.eu\/ru\/#\/schema\/logo\/image\/\",\"url\":\"https:\/\/samisiil.eu\/wp-content\/uploads\/2019\/07\/logo.png\",\"contentUrl\":\"https:\/\/samisiil.eu\/wp-content\/uploads\/2019\/07\/logo.png\",\"width\":500,\"height\":230,\"caption\":\"S\u00e4mi Siil\"},\"image\":{\"@id\":\"https:\/\/samisiil.eu\/ru\/#\/schema\/logo\/image\/\"},\"sameAs\":[\"https:\/\/www.facebook.com\/samisiil\"]}]}<\/script>\n<!-- \/ Yoast SEO plugin. -->","yoast_head_json":{"title":"\u0420\u0435\u043a\u0430 \u041a\u0443\u043d\u0434\u0430","description":"A\u043a\u0442\u0438\u0432\u043d\u044b\u0439 \u043e\u0442\u0434\u044b\u0445 \u0432 \u041b\u044f\u044d\u043d\u0435-\u0412\u0438\u0440\u0443\u043c\u0430\u0430. \u041f\u043e\u0445\u043e\u0434\u044b \u043d\u0430 \u043a\u0430\u043d\u043e\u044d \u0438 \u043f\u0440\u043e\u043a\u0430\u0442 \u0441\u043d\u0430\u0440\u044f\u0436\u0435\u043d\u0438\u044f. Peotelkide ja \u00f5llem\u00f6\u00f6bli rent. \u041f\u0440\u043e\u0436\u0438\u0432\u0430\u043d\u0438\u0435 \u0438 \u0441\u0430\u0443\u043d\u0430","robots":{"index":"index","follow":"follow","max-snippet":"max-snippet:-1","max-image-preview":"max-image-preview:large","max-video-preview":"max-video-preview:-1"},"canonical":"https:\/\/samisiil.eu\/ru\/aktivnyj-otdyh-na-reke\/reka-kunda\/","og_locale":"ru_RU","og_type":"article","og_title":"\u0420\u0435\u043a\u0430 \u041a\u0443\u043d\u0434\u0430","og_description":"A\u043a\u0442\u0438\u0432\u043d\u044b\u0439 \u043e\u0442\u0434\u044b\u0445 \u0432 \u041b\u044f\u044d\u043d\u0435-\u0412\u0438\u0440\u0443\u043c\u0430\u0430. \u041f\u043e\u0445\u043e\u0434\u044b \u043d\u0430 \u043a\u0430\u043d\u043e\u044d \u0438 \u043f\u0440\u043e\u043a\u0430\u0442 \u0441\u043d\u0430\u0440\u044f\u0436\u0435\u043d\u0438\u044f. Peotelkide ja \u00f5llem\u00f6\u00f6bli rent. \u041f\u0440\u043e\u0436\u0438\u0432\u0430\u043d\u0438\u0435 \u0438 \u0441\u0430\u0443\u043d\u0430","og_url":"https:\/\/samisiil.eu\/ru\/aktivnyj-otdyh-na-reke\/reka-kunda\/","og_site_name":"S\u00c4MI SIIL SEIKLEB","article_publisher":"https:\/\/www.facebook.com\/samisiil","article_modified_time":"2021-01-13T17:48:57+00:00","twitter_card":"summary_large_image","twitter_misc":{"\u041f\u0440\u0438\u043c\u0435\u0440\u043d\u043e\u0435 \u0432\u0440\u0435\u043c\u044f \u0434\u043b\u044f \u0447\u0442\u0435\u043d\u0438\u044f":"3 \u043c\u0438\u043d\u0443\u0442\u044b"},"schema":{"@context":"https:\/\/schema.org","@graph":[{"@type":"WebPage","@id":"https:\/\/samisiil.eu\/ru\/aktivnyj-otdyh-na-reke\/reka-kunda\/","url":"https:\/\/samisiil.eu\/ru\/aktivnyj-otdyh-na-reke\/reka-kunda\/","name":"\u0420\u0435\u043a\u0430 \u041a\u0443\u043d\u0434\u0430","isPartOf":{"@id":"https:\/\/samisiil.eu\/ru\/#website"},"datePublished":"2021-01-13T12:40:30+00:00","dateModified":"2021-01-13T17:48:57+00:00","description":"A\u043a\u0442\u0438\u0432\u043d\u044b\u0439 \u043e\u0442\u0434\u044b\u0445 \u0432 \u041b\u044f\u044d\u043d\u0435-\u0412\u0438\u0440\u0443\u043c\u0430\u0430. \u041f\u043e\u0445\u043e\u0434\u044b \u043d\u0430 \u043a\u0430\u043d\u043e\u044d \u0438 \u043f\u0440\u043e\u043a\u0430\u0442 \u0441\u043d\u0430\u0440\u044f\u0436\u0435\u043d\u0438\u044f. Peotelkide ja \u00f5llem\u00f6\u00f6bli rent. \u041f\u0440\u043e\u0436\u0438\u0432\u0430\u043d\u0438\u0435 \u0438 \u0441\u0430\u0443\u043d\u0430","breadcrumb":{"@id":"https:\/\/samisiil.eu\/ru\/aktivnyj-otdyh-na-reke\/reka-kunda\/#breadcrumb"},"inLanguage":"ru-RU","potentialAction":[{"@type":"ReadAction","target":["https:\/\/samisiil.eu\/ru\/aktivnyj-otdyh-na-reke\/reka-kunda\/"]}]},{"@type":"BreadcrumbList","@id":"https:\/\/samisiil.eu\/ru\/aktivnyj-otdyh-na-reke\/reka-kunda\/#breadcrumb","itemListElement":[{"@type":"ListItem","position":1,"name":"Home","item":"https:\/\/samisiil.eu\/ru\/"},{"@type":"ListItem","position":2,"name":"\u0410\u043a\u0442\u0438\u0432\u043d\u044b\u0439 \u043e\u0442\u0434\u044b\u0445 \u043d\u0430 \u0440\u0435\u043a\u0435","item":"https:\/\/samisiil.eu\/ru\/kanuumatkad\/"},{"@type":"ListItem","position":3,"name":"\u0420\u0435\u043a\u0430 \u041a\u0443\u043d\u0434\u0430"}]},{"@type":"WebSite","@id":"https:\/\/samisiil.eu\/ru\/#website","url":"https:\/\/samisiil.eu\/ru\/","name":"S\u00c4MI SIIL SEIKLEB","description":"S\u00c4MI SIIL SEIKLEB","publisher":{"@id":"https:\/\/samisiil.eu\/ru\/#organization"},"potentialAction":[{"@type":"SearchAction","target":{"@type":"EntryPoint","urlTemplate":"https:\/\/samisiil.eu\/ru\/?s={search_term_string}"},"query-input":{"@type":"PropertyValueSpecification","valueRequired":true,"valueName":"search_term_string"}}],"inLanguage":"ru-RU"},{"@type":"Organization","@id":"https:\/\/samisiil.eu\/ru\/#organization","name":"S\u00e4mi Siil","url":"https:\/\/samisiil.eu\/ru\/","logo":{"@type":"ImageObject","inLanguage":"ru-RU","@id":"https:\/\/samisiil.eu\/ru\/#\/schema\/logo\/image\/","url":"https:\/\/samisiil.eu\/wp-content\/uploads\/2019\/07\/logo.png","contentUrl":"https:\/\/samisiil.eu\/wp-content\/uploads\/2019\/07\/logo.png","width":500,"height":230,"caption":"S\u00e4mi Siil"},"image":{"@id":"https:\/\/samisiil.eu\/ru\/#\/schema\/logo\/image\/"},"sameAs":["https:\/\/www.facebook.com\/samisiil"]}]}},"_links":{"self":[{"href":"https:\/\/samisiil.eu\/ru\/wp-json\/wp\/v2\/pages\/1431","targetHints":{"allow":["GET"]}}],"collection":[{"href":"https:\/\/samisiil.eu\/ru\/wp-json\/wp\/v2\/pages"}],"about":[{"href":"https:\/\/samisiil.eu\/ru\/wp-json\/wp\/v2\/types\/page"}],"author":[{"embeddable":true,"href":"https:\/\/samisiil.eu\/ru\/wp-json\/wp\/v2\/users\/2"}],"replies":[{"embeddable":true,"href":"https:\/\/samisiil.eu\/ru\/wp-json\/wp\/v2\/comments?post=1431"}],"version-history":[{"count":11,"href":"https:\/\/samisiil.eu\/ru\/wp-json\/wp\/v2\/pages\/1431\/revisions"}],"predecessor-version":[{"id":1646,"href":"https:\/\/samisiil.eu\/ru\/wp-json\/wp\/v2\/pages\/1431\/revisions\/1646"}],"up":[{"embeddable":true,"href":"https:\/\/samisiil.eu\/ru\/wp-json\/wp\/v2\/pages\/1494"}],"wp:attachment":[{"href":"https:\/\/samisiil.eu\/ru\/wp-json\/wp\/v2\/media?parent=1431"}],"curies":[{"name":"wp","href":"https:\/\/api.w.org\/{rel}","templated":true}]}}