{"id":1442,"date":"2021-01-13T14:44:29","date_gmt":"2021-01-13T12:44:29","guid":{"rendered":"https:\/\/samisiil.eu\/%d0%b4%d0%be%d0%bc%d0%b0%d1%88%d0%bd%d1%8f%d1%8f-%d1%81%d1%82%d1%80%d0%b0%d0%bd%d0%b8%d1%86%d0%b0\/"},"modified":"2021-01-13T19:49:15","modified_gmt":"2021-01-13T17:49:15","slug":"domashnyaya-stranicza","status":"publish","type":"page","link":"https:\/\/samisiil.eu\/ru\/","title":{"rendered":"\u0413\u043b\u0430\u0432\u043d\u0430\u044f"},"content":{"rendered":"<div id='av_section_1'  class='avia-section main_color avia-section-default avia-no-border-styling  avia-bg-style-scroll  avia-builder-el-0  avia-builder-el-no-sibling   container_wrap sidebar_right' style='background-color: #ffffff;background-image: linear-gradient(#ffffff,rgba(176,198,139,0.14)); '  ><div class='container' ><main  role=\"main\" itemprop=\"mainContentOfPage\"  class='template-page content  av-content-small alpha units'><div class='post-entry post-entry-type-page post-entry-1442'><div class='entry-content-wrapper clearfix'>\n<div id='frontpage-masonry' class='av-masonry  noHover av-fixed-size av-large-gap av-hover-overlay-active av-masonry-animation-active av-masonry-col-3 av-caption-on-hover-hide av-caption-style-overlay    '  ><div class='av-masonry-container isotope av-js-disabled ' ><div class='av-masonry-entry isotope-item av-masonry-item-no-image '><\/div><a href=\"\/ru\/aktivnyj-otdyh-na-reke\"  id='av-masonry-1-item-1553' data-av-masonry-item='1553' class='av-masonry-entry isotope-item post-1553 portfolio type-portfolio status-publish has-post-thumbnail hentry portfolio_entries-glavnaya  av-masonry-item-with-image av-grid-img' title=\"Kanuumatkad\"  itemscope=\"itemscope\" itemtype=\"https:\/\/schema.org\/CreativeWork\" ><div class='av-inner-masonry-sizer'><\/div><figure class='av-inner-masonry main_color'><div class=\"av-masonry-outerimage-container\"><div class=\"av-masonry-image-container\" style=\"background-image: url(https:\/\/samisiil.eu\/wp-content\/uploads\/2018\/11\/IMG_20190629_150715-705x529.jpg);\" title=\"Kanuumatkad\" ><\/div><\/div><figcaption class='av-inner-masonry-content site-background'><div class='av-inner-masonry-content-pos'><div class='av-inner-masonry-content-pos-content'><div class='avia-arrow'><\/div><h3 class='av-masonry-entry-title entry-title '  itemprop=\"headline\" >\u0410\u043a\u0442\u0438\u0432\u043d\u044b\u0439 \u043e\u0442\u0434\u044b\u0445 \u043d\u0430 \u0440\u0435\u043a\u0435<\/h3><\/div><\/div><\/figcaption><\/figure><\/a><!--end av-masonry entry--><a href=\"\/ru\/prozhivanie\/\"  id='av-masonry-1-item-1561' data-av-masonry-item='1561' class='av-masonry-entry isotope-item post-1561 portfolio type-portfolio status-publish has-post-thumbnail hentry portfolio_entries-glavnaya  av-masonry-item-with-image av-grid-img' title=\"majutus\"  itemscope=\"itemscope\" itemtype=\"https:\/\/schema.org\/CreativeWork\" ><div class='av-inner-masonry-sizer'><\/div><figure class='av-inner-masonry main_color'><div class=\"av-masonry-outerimage-container\"><div class=\"av-masonry-image-container\" style=\"background-image: url(https:\/\/samisiil.eu\/wp-content\/uploads\/2018\/11\/majutus-1-705x529.jpg);\" title=\"majutus\" ><\/div><\/div><figcaption class='av-inner-masonry-content site-background'><div class='av-inner-masonry-content-pos'><div class='av-inner-masonry-content-pos-content'><div class='avia-arrow'><\/div><h3 class='av-masonry-entry-title entry-title '  itemprop=\"headline\" >\u041f\u0440\u043e\u0436\u0438\u0432\u0430\u043d\u0438\u0435<\/h3><\/div><\/div><\/figcaption><\/figure><\/a><!--end av-masonry entry--><a href=\"\/ru\/pejntbol\/\"  id='av-masonry-1-item-1557' data-av-masonry-item='1557' class='av-masonry-entry isotope-item post-1557 portfolio type-portfolio status-publish has-post-thumbnail hentry portfolio_entries-glavnaya  av-masonry-item-with-image av-grid-img' title=\"Paintball\"  itemscope=\"itemscope\" itemtype=\"https:\/\/schema.org\/CreativeWork\" ><div class='av-inner-masonry-sizer'><\/div><figure class='av-inner-masonry main_color'><div class=\"av-masonry-outerimage-container\"><div class=\"av-masonry-image-container\" style=\"background-image: url(https:\/\/samisiil.eu\/wp-content\/uploads\/2020\/10\/0010580_paintball-adventure-vancouver.jpeg);\" title=\"Paintball\" ><\/div><\/div><figcaption class='av-inner-masonry-content site-background'><div class='av-inner-masonry-content-pos'><div class='av-inner-masonry-content-pos-content'><div class='avia-arrow'><\/div><h3 class='av-masonry-entry-title entry-title '  itemprop=\"headline\" >\u041f\u043f\u0435\u0439\u043d\u0442\u0431\u043e\u043b<\/h3><\/div><\/div><\/figcaption><\/figure><\/a><!--end av-masonry entry--><a href=\"\/ru\/sdaem-v-arendu\"  id='av-masonry-1-item-1569' data-av-masonry-item='1569' class='av-masonry-entry isotope-item post-1569 portfolio type-portfolio status-publish has-post-thumbnail hentry portfolio_entries-glavnaya  av-masonry-item-with-image av-grid-img' title=\"Peotelk 5&#215;10 m\"  itemscope=\"itemscope\" itemtype=\"https:\/\/schema.org\/CreativeWork\" ><div class='av-inner-masonry-sizer'><\/div><figure class='av-inner-masonry main_color'><div class=\"av-masonry-outerimage-container\"><div class=\"av-masonry-image-container\" style=\"background-image: url(https:\/\/samisiil.eu\/wp-content\/uploads\/2019\/06\/DSC_0015-705x397.jpg);\" title=\"Peotelk 5&#215;10 m\" ><\/div><\/div><figcaption class='av-inner-masonry-content site-background'><div class='av-inner-masonry-content-pos'><div class='av-inner-masonry-content-pos-content'><div class='avia-arrow'><\/div><h3 class='av-masonry-entry-title entry-title '  itemprop=\"headline\" >\u0421\u0434\u0430\u0435\u043c \u0432 \u0430\u0440\u0435\u043d\u0434\u0443<\/h3><\/div><\/div><\/figcaption><\/figure><\/a><!--end av-masonry entry--><a href=\"\/ru\/sauny\/\"  id='av-masonry-1-item-1565' data-av-masonry-item='1565' class='av-masonry-entry isotope-item post-1565 portfolio type-portfolio status-publish has-post-thumbnail hentry portfolio_entries-glavnaya  av-masonry-item-with-image av-grid-img' title=\"Saunasamaan\"  itemscope=\"itemscope\" itemtype=\"https:\/\/schema.org\/CreativeWork\" ><div class='av-inner-masonry-sizer'><\/div><figure class='av-inner-masonry main_color'><div class=\"av-masonry-outerimage-container\"><div class=\"av-masonry-image-container\" style=\"background-image: url(https:\/\/samisiil.eu\/wp-content\/uploads\/2019\/08\/68760084_433168010742004_5222356249667960832_n-705x470.jpg);\" title=\"Saunasamaan\" ><\/div><\/div><figcaption class='av-inner-masonry-content site-background'><div class='av-inner-masonry-content-pos'><div class='av-inner-masonry-content-pos-content'><div class='avia-arrow'><\/div><h3 class='av-masonry-entry-title entry-title '  itemprop=\"headline\" >\u0421\u0430\u0443\u043d\u044b<\/h3><\/div><\/div><\/figcaption><\/figure><\/a><!--end av-masonry entry--><a href=\"\/ru\/galereya\/\"  id='av-masonry-1-item-1573' data-av-masonry-item='1573' class='av-masonry-entry isotope-item post-1573 portfolio type-portfolio status-publish has-post-thumbnail hentry portfolio_entries-glavnaya  av-masonry-item-with-image av-grid-img' title=\"Kanuumatkad\"  itemscope=\"itemscope\" itemtype=\"https:\/\/schema.org\/CreativeWork\" ><div class='av-inner-masonry-sizer'><\/div><figure class='av-inner-masonry main_color'><div class=\"av-masonry-outerimage-container\"><div class=\"av-masonry-image-container\" style=\"background-image: url(https:\/\/samisiil.eu\/wp-content\/uploads\/2019\/07\/IMG_20190629_143052-1-705x529.jpg);\" title=\"Kanuumatkad\" ><\/div><\/div><figcaption class='av-inner-masonry-content site-background'><div class='av-inner-masonry-content-pos'><div class='av-inner-masonry-content-pos-content'><div class='avia-arrow'><\/div><h3 class='av-masonry-entry-title entry-title '  itemprop=\"headline\" >\u0413\u0430\u043b\u0435\u0440\u0435\u044f<\/h3><\/div><\/div><\/figcaption><\/figure><\/a><!--end av-masonry entry--><\/div><\/div>\n<\/div><\/div><\/main><!-- close content main element --><\/div><\/div><div id='after_section_1'  class='main_color av_default_container_wrap container_wrap sidebar_right' style=' '  ><div class='container' ><div class='template-page content  av-content-small alpha units'><div class='post-entry post-entry-type-page post-entry-1442'><div class='entry-content-wrapper clearfix'>\n","protected":false},"excerpt":{"rendered":"","protected":false},"author":1,"featured_media":0,"parent":0,"menu_order":0,"comment_status":"closed","ping_status":"closed","template":"","meta":{"footnotes":""},"class_list":["post-1442","page","type-page","status-publish","hentry"],"yoast_head":"<!-- This site is optimized with the Yoast SEO plugin v24.9 - https:\/\/yoast.com\/wordpress\/plugins\/seo\/ -->\n<title>\u0414\u043e\u043c\u0430\u0448\u043d\u044f\u044f \u0441\u0442\u0440\u0430\u043d\u0438\u0446\u0430- \u041f\u0440\u0438\u043a\u043b\u044e\u0447\u0435\u043d\u0438\u044f \u0421\u0430\u043c\u0438 \u0415\u0436\u0438\u043a\u0430<\/title>\n<meta name=\"description\" content=\"A\u043a\u0442\u0438\u0432\u043d\u044b\u0439 \u043e\u0442\u0434\u044b\u0445 \u0432 \u041b\u044f\u044d\u043d\u0435-\u0412\u0438\u0440\u0443\u043c\u0430\u0430. \u041f\u043e\u0445\u043e\u0434\u044b \u043d\u0430 \u043a\u0430\u043d\u043e\u044d \u0438 \u043f\u0440\u043e\u043a\u0430\u0442 \u0441\u043d\u0430\u0440\u044f\u0436\u0435\u043d\u0438\u044f. Peotelkide ja \u00f5llem\u00f6\u00f6bli rent. \u041f\u0440\u043e\u0436\u0438\u0432\u0430\u043d\u0438\u0435 \u0438 \u0441\u0430\u0443\u043d\u0430\" \/>\n<meta name=\"robots\" content=\"index, follow, max-snippet:-1, max-image-preview:large, max-video-preview:-1\" \/>\n<link rel=\"canonical\" href=\"https:\/\/samisiil.eu\/ru\/\" \/>\n<meta property=\"og:locale\" content=\"ru_RU\" \/>\n<meta property=\"og:type\" content=\"article\" \/>\n<meta property=\"og:title\" content=\"\u0414\u043e\u043c\u0430\u0448\u043d\u044f\u044f \u0441\u0442\u0440\u0430\u043d\u0438\u0446\u0430- \u041f\u0440\u0438\u043a\u043b\u044e\u0447\u0435\u043d\u0438\u044f \u0421\u0430\u043c\u0438 \u0415\u0436\u0438\u043a\u0430\" \/>\n<meta property=\"og:description\" content=\"A\u043a\u0442\u0438\u0432\u043d\u044b\u0439 \u043e\u0442\u0434\u044b\u0445 \u0432 \u041b\u044f\u044d\u043d\u0435-\u0412\u0438\u0440\u0443\u043c\u0430\u0430. \u041f\u043e\u0445\u043e\u0434\u044b \u043d\u0430 \u043a\u0430\u043d\u043e\u044d \u0438 \u043f\u0440\u043e\u043a\u0430\u0442 \u0441\u043d\u0430\u0440\u044f\u0436\u0435\u043d\u0438\u044f. Peotelkide ja \u00f5llem\u00f6\u00f6bli rent. \u041f\u0440\u043e\u0436\u0438\u0432\u0430\u043d\u0438\u0435 \u0438 \u0441\u0430\u0443\u043d\u0430\" \/>\n<meta property=\"og:url\" content=\"https:\/\/samisiil.eu\/ru\/\" \/>\n<meta property=\"og:site_name\" content=\"S\u00c4MI SIIL SEIKLEB\" \/>\n<meta property=\"article:publisher\" content=\"https:\/\/www.facebook.com\/samisiil\" \/>\n<meta property=\"article:modified_time\" content=\"2021-01-13T17:49:15+00:00\" \/>\n<meta name=\"twitter:card\" content=\"summary_large_image\" \/>\n<meta name=\"twitter:label1\" content=\"\u041f\u0440\u0438\u043c\u0435\u0440\u043d\u043e\u0435 \u0432\u0440\u0435\u043c\u044f \u0434\u043b\u044f \u0447\u0442\u0435\u043d\u0438\u044f\" \/>\n\t<meta name=\"twitter:data1\" content=\"1 \u043c\u0438\u043d\u0443\u0442\u0430\" \/>\n<script type=\"application\/ld+json\" class=\"yoast-schema-graph\">{\"@context\":\"https:\/\/schema.org\",\"@graph\":[{\"@type\":\"WebPage\",\"@id\":\"https:\/\/samisiil.eu\/ru\/\",\"url\":\"https:\/\/samisiil.eu\/ru\/\",\"name\":\"\u0414\u043e\u043c\u0430\u0448\u043d\u044f\u044f \u0441\u0442\u0440\u0430\u043d\u0438\u0446\u0430- \u041f\u0440\u0438\u043a\u043b\u044e\u0447\u0435\u043d\u0438\u044f \u0421\u0430\u043c\u0438 \u0415\u0436\u0438\u043a\u0430\",\"isPartOf\":{\"@id\":\"https:\/\/samisiil.eu\/ru\/#website\"},\"datePublished\":\"2021-01-13T12:44:29+00:00\",\"dateModified\":\"2021-01-13T17:49:15+00:00\",\"description\":\"A\u043a\u0442\u0438\u0432\u043d\u044b\u0439 \u043e\u0442\u0434\u044b\u0445 \u0432 \u041b\u044f\u044d\u043d\u0435-\u0412\u0438\u0440\u0443\u043c\u0430\u0430. \u041f\u043e\u0445\u043e\u0434\u044b \u043d\u0430 \u043a\u0430\u043d\u043e\u044d \u0438 \u043f\u0440\u043e\u043a\u0430\u0442 \u0441\u043d\u0430\u0440\u044f\u0436\u0435\u043d\u0438\u044f. Peotelkide ja \u00f5llem\u00f6\u00f6bli rent. \u041f\u0440\u043e\u0436\u0438\u0432\u0430\u043d\u0438\u0435 \u0438 \u0441\u0430\u0443\u043d\u0430\",\"breadcrumb\":{\"@id\":\"https:\/\/samisiil.eu\/ru\/#breadcrumb\"},\"inLanguage\":\"ru-RU\",\"potentialAction\":[{\"@type\":\"ReadAction\",\"target\":[\"https:\/\/samisiil.eu\/ru\/\"]}]},{\"@type\":\"BreadcrumbList\",\"@id\":\"https:\/\/samisiil.eu\/ru\/#breadcrumb\",\"itemListElement\":[{\"@type\":\"ListItem\",\"position\":1,\"name\":\"Home\",\"item\":\"https:\/\/samisiil.eu\/ru\/\"},{\"@type\":\"ListItem\",\"position\":2,\"name\":\"\u0413\u043b\u0430\u0432\u043d\u0430\u044f\"}]},{\"@type\":\"WebSite\",\"@id\":\"https:\/\/samisiil.eu\/ru\/#website\",\"url\":\"https:\/\/samisiil.eu\/ru\/\",\"name\":\"S\u00c4MI SIIL SEIKLEB\",\"description\":\"S\u00c4MI SIIL SEIKLEB\",\"publisher\":{\"@id\":\"https:\/\/samisiil.eu\/ru\/#organization\"},\"potentialAction\":[{\"@type\":\"SearchAction\",\"target\":{\"@type\":\"EntryPoint\",\"urlTemplate\":\"https:\/\/samisiil.eu\/ru\/?s={search_term_string}\"},\"query-input\":{\"@type\":\"PropertyValueSpecification\",\"valueRequired\":true,\"valueName\":\"search_term_string\"}}],\"inLanguage\":\"ru-RU\"},{\"@type\":\"Organization\",\"@id\":\"https:\/\/samisiil.eu\/ru\/#organization\",\"name\":\"S\u00e4mi Siil\",\"url\":\"https:\/\/samisiil.eu\/ru\/\",\"logo\":{\"@type\":\"ImageObject\",\"inLanguage\":\"ru-RU\",\"@id\":\"https:\/\/samisiil.eu\/ru\/#\/schema\/logo\/image\/\",\"url\":\"https:\/\/samisiil.eu\/wp-content\/uploads\/2019\/07\/logo.png\",\"contentUrl\":\"https:\/\/samisiil.eu\/wp-content\/uploads\/2019\/07\/logo.png\",\"width\":500,\"height\":230,\"caption\":\"S\u00e4mi Siil\"},\"image\":{\"@id\":\"https:\/\/samisiil.eu\/ru\/#\/schema\/logo\/image\/\"},\"sameAs\":[\"https:\/\/www.facebook.com\/samisiil\"]}]}<\/script>\n<!-- \/ Yoast SEO plugin. -->","yoast_head_json":{"title":"\u0414\u043e\u043c\u0430\u0448\u043d\u044f\u044f \u0441\u0442\u0440\u0430\u043d\u0438\u0446\u0430- \u041f\u0440\u0438\u043a\u043b\u044e\u0447\u0435\u043d\u0438\u044f \u0421\u0430\u043c\u0438 \u0415\u0436\u0438\u043a\u0430","description":"A\u043a\u0442\u0438\u0432\u043d\u044b\u0439 \u043e\u0442\u0434\u044b\u0445 \u0432 \u041b\u044f\u044d\u043d\u0435-\u0412\u0438\u0440\u0443\u043c\u0430\u0430. \u041f\u043e\u0445\u043e\u0434\u044b \u043d\u0430 \u043a\u0430\u043d\u043e\u044d \u0438 \u043f\u0440\u043e\u043a\u0430\u0442 \u0441\u043d\u0430\u0440\u044f\u0436\u0435\u043d\u0438\u044f. Peotelkide ja \u00f5llem\u00f6\u00f6bli rent. \u041f\u0440\u043e\u0436\u0438\u0432\u0430\u043d\u0438\u0435 \u0438 \u0441\u0430\u0443\u043d\u0430","robots":{"index":"index","follow":"follow","max-snippet":"max-snippet:-1","max-image-preview":"max-image-preview:large","max-video-preview":"max-video-preview:-1"},"canonical":"https:\/\/samisiil.eu\/ru\/","og_locale":"ru_RU","og_type":"article","og_title":"\u0414\u043e\u043c\u0430\u0448\u043d\u044f\u044f \u0441\u0442\u0440\u0430\u043d\u0438\u0446\u0430- \u041f\u0440\u0438\u043a\u043b\u044e\u0447\u0435\u043d\u0438\u044f \u0421\u0430\u043c\u0438 \u0415\u0436\u0438\u043a\u0430","og_description":"A\u043a\u0442\u0438\u0432\u043d\u044b\u0439 \u043e\u0442\u0434\u044b\u0445 \u0432 \u041b\u044f\u044d\u043d\u0435-\u0412\u0438\u0440\u0443\u043c\u0430\u0430. \u041f\u043e\u0445\u043e\u0434\u044b \u043d\u0430 \u043a\u0430\u043d\u043e\u044d \u0438 \u043f\u0440\u043e\u043a\u0430\u0442 \u0441\u043d\u0430\u0440\u044f\u0436\u0435\u043d\u0438\u044f. Peotelkide ja \u00f5llem\u00f6\u00f6bli rent. \u041f\u0440\u043e\u0436\u0438\u0432\u0430\u043d\u0438\u0435 \u0438 \u0441\u0430\u0443\u043d\u0430","og_url":"https:\/\/samisiil.eu\/ru\/","og_site_name":"S\u00c4MI SIIL SEIKLEB","article_publisher":"https:\/\/www.facebook.com\/samisiil","article_modified_time":"2021-01-13T17:49:15+00:00","twitter_card":"summary_large_image","twitter_misc":{"\u041f\u0440\u0438\u043c\u0435\u0440\u043d\u043e\u0435 \u0432\u0440\u0435\u043c\u044f \u0434\u043b\u044f \u0447\u0442\u0435\u043d\u0438\u044f":"1 \u043c\u0438\u043d\u0443\u0442\u0430"},"schema":{"@context":"https:\/\/schema.org","@graph":[{"@type":"WebPage","@id":"https:\/\/samisiil.eu\/ru\/","url":"https:\/\/samisiil.eu\/ru\/","name":"\u0414\u043e\u043c\u0430\u0448\u043d\u044f\u044f \u0441\u0442\u0440\u0430\u043d\u0438\u0446\u0430- \u041f\u0440\u0438\u043a\u043b\u044e\u0447\u0435\u043d\u0438\u044f \u0421\u0430\u043c\u0438 \u0415\u0436\u0438\u043a\u0430","isPartOf":{"@id":"https:\/\/samisiil.eu\/ru\/#website"},"datePublished":"2021-01-13T12:44:29+00:00","dateModified":"2021-01-13T17:49:15+00:00","description":"A\u043a\u0442\u0438\u0432\u043d\u044b\u0439 \u043e\u0442\u0434\u044b\u0445 \u0432 \u041b\u044f\u044d\u043d\u0435-\u0412\u0438\u0440\u0443\u043c\u0430\u0430. \u041f\u043e\u0445\u043e\u0434\u044b \u043d\u0430 \u043a\u0430\u043d\u043e\u044d \u0438 \u043f\u0440\u043e\u043a\u0430\u0442 \u0441\u043d\u0430\u0440\u044f\u0436\u0435\u043d\u0438\u044f. Peotelkide ja \u00f5llem\u00f6\u00f6bli rent. \u041f\u0440\u043e\u0436\u0438\u0432\u0430\u043d\u0438\u0435 \u0438 \u0441\u0430\u0443\u043d\u0430","breadcrumb":{"@id":"https:\/\/samisiil.eu\/ru\/#breadcrumb"},"inLanguage":"ru-RU","potentialAction":[{"@type":"ReadAction","target":["https:\/\/samisiil.eu\/ru\/"]}]},{"@type":"BreadcrumbList","@id":"https:\/\/samisiil.eu\/ru\/#breadcrumb","itemListElement":[{"@type":"ListItem","position":1,"name":"Home","item":"https:\/\/samisiil.eu\/ru\/"},{"@type":"ListItem","position":2,"name":"\u0413\u043b\u0430\u0432\u043d\u0430\u044f"}]},{"@type":"WebSite","@id":"https:\/\/samisiil.eu\/ru\/#website","url":"https:\/\/samisiil.eu\/ru\/","name":"S\u00c4MI SIIL SEIKLEB","description":"S\u00c4MI SIIL SEIKLEB","publisher":{"@id":"https:\/\/samisiil.eu\/ru\/#organization"},"potentialAction":[{"@type":"SearchAction","target":{"@type":"EntryPoint","urlTemplate":"https:\/\/samisiil.eu\/ru\/?s={search_term_string}"},"query-input":{"@type":"PropertyValueSpecification","valueRequired":true,"valueName":"search_term_string"}}],"inLanguage":"ru-RU"},{"@type":"Organization","@id":"https:\/\/samisiil.eu\/ru\/#organization","name":"S\u00e4mi Siil","url":"https:\/\/samisiil.eu\/ru\/","logo":{"@type":"ImageObject","inLanguage":"ru-RU","@id":"https:\/\/samisiil.eu\/ru\/#\/schema\/logo\/image\/","url":"https:\/\/samisiil.eu\/wp-content\/uploads\/2019\/07\/logo.png","contentUrl":"https:\/\/samisiil.eu\/wp-content\/uploads\/2019\/07\/logo.png","width":500,"height":230,"caption":"S\u00e4mi Siil"},"image":{"@id":"https:\/\/samisiil.eu\/ru\/#\/schema\/logo\/image\/"},"sameAs":["https:\/\/www.facebook.com\/samisiil"]}]}},"_links":{"self":[{"href":"https:\/\/samisiil.eu\/ru\/wp-json\/wp\/v2\/pages\/1442","targetHints":{"allow":["GET"]}}],"collection":[{"href":"https:\/\/samisiil.eu\/ru\/wp-json\/wp\/v2\/pages"}],"about":[{"href":"https:\/\/samisiil.eu\/ru\/wp-json\/wp\/v2\/types\/page"}],"author":[{"embeddable":true,"href":"https:\/\/samisiil.eu\/ru\/wp-json\/wp\/v2\/users\/1"}],"replies":[{"embeddable":true,"href":"https:\/\/samisiil.eu\/ru\/wp-json\/wp\/v2\/comments?post=1442"}],"version-history":[{"count":14,"href":"https:\/\/samisiil.eu\/ru\/wp-json\/wp\/v2\/pages\/1442\/revisions"}],"predecessor-version":[{"id":1668,"href":"https:\/\/samisiil.eu\/ru\/wp-json\/wp\/v2\/pages\/1442\/revisions\/1668"}],"wp:attachment":[{"href":"https:\/\/samisiil.eu\/ru\/wp-json\/wp\/v2\/media?parent=1442"}],"curies":[{"name":"wp","href":"https:\/\/api.w.org\/{rel}","templated":true}]}}