{"id":1452,"date":"2021-01-13T14:49:16","date_gmt":"2021-01-13T12:49:16","guid":{"rendered":"https:\/\/samisiil.eu\/%d1%81%d0%b2%d1%8f%d0%b7%d0%b0%d1%82%d1%8c%d1%81%d1%8f-%d1%81-%d0%bd%d0%b0%d0%bc%d0%b8\/"},"modified":"2021-03-28T16:58:15","modified_gmt":"2021-03-28T13:58:15","slug":"svyazatsya-s-nami","status":"publish","type":"page","link":"https:\/\/samisiil.eu\/ru\/svyazatsya-s-nami\/","title":{"rendered":"\u041a\u043e\u043d\u0442\u0430\u043a\u0442"},"content":{"rendered":"<div id='contact-page'  class='av-layout-grid-container entry-content-wrapper main_color av-flex-cells     avia-builder-el-0  avia-builder-el-no-sibling  container_wrap sidebar_right' style=' '  >\n<div class=\"flex_cell no_margin av_one_full  avia-builder-el-1  avia-builder-el-no-sibling   av-zero-padding \"  style='vertical-align:top; padding:0px; ' ><div class='flex_cell_inner' ><div  class='av_gmaps_sc_main_wrap av_gmaps_main_wrap '><div id='av_gmap_0' class='avia-google-map-container avia-google-map-sc av_gmaps_show_unconditionally av-no-fallback-img ' data-mapid='av_gmap_0'  style='height: 700px;'><a class=\"av_gmaps_browser_disabled av_text_confirm_link av_text_confirm_link_visible\" href=\"https:\/\/www.google.com\/maps\/search\/?api=1&#038;query=J\u00f5ekalda,%20S\u00e4mi%20k\u00fcla,%20L\u00e4\u00e4ne-Virumaa\" target=\"_blank\" rel=\"noopener\">Maps were disabled by the visitor on this site. Click to open the map in a new window.<\/a><\/div><\/div>\n<\/div><\/div><\/div>\n","protected":false},"excerpt":{"rendered":"","protected":false},"author":1,"featured_media":0,"parent":0,"menu_order":0,"comment_status":"closed","ping_status":"closed","template":"","meta":{"footnotes":""},"class_list":["post-1452","page","type-page","status-publish","hentry"],"yoast_head":"<!-- This site is optimized with the Yoast SEO plugin v24.9 - https:\/\/yoast.com\/wordpress\/plugins\/seo\/ -->\n<title>\u041a\u043e\u043d\u0442\u0430\u043a\u0442<\/title>\n<meta name=\"description\" content=\"A\u043a\u0442\u0438\u0432\u043d\u044b\u0439 \u043e\u0442\u0434\u044b\u0445 \u0432 \u041b\u044f\u044d\u043d\u0435-\u0412\u0438\u0440\u0443\u043c\u0430\u0430. \u041f\u043e\u0445\u043e\u0434\u044b \u043d\u0430 \u043a\u0430\u043d\u043e\u044d \u0438 \u043f\u0440\u043e\u043a\u0430\u0442 \u0441\u043d\u0430\u0440\u044f\u0436\u0435\u043d\u0438\u044f. Peotelkide ja \u00f5llem\u00f6\u00f6bli rent. \u041f\u0440\u043e\u0436\u0438\u0432\u0430\u043d\u0438\u0435 \u0438 \u0441\u0430\u0443\u043d\u0430\" \/>\n<meta name=\"robots\" content=\"index, follow, max-snippet:-1, max-image-preview:large, max-video-preview:-1\" \/>\n<link rel=\"canonical\" href=\"https:\/\/samisiil.eu\/ru\/svyazatsya-s-nami\/\" \/>\n<meta property=\"og:locale\" content=\"ru_RU\" \/>\n<meta property=\"og:type\" content=\"article\" \/>\n<meta property=\"og:title\" content=\"\u041a\u043e\u043d\u0442\u0430\u043a\u0442\" \/>\n<meta property=\"og:description\" content=\"A\u043a\u0442\u0438\u0432\u043d\u044b\u0439 \u043e\u0442\u0434\u044b\u0445 \u0432 \u041b\u044f\u044d\u043d\u0435-\u0412\u0438\u0440\u0443\u043c\u0430\u0430. \u041f\u043e\u0445\u043e\u0434\u044b \u043d\u0430 \u043a\u0430\u043d\u043e\u044d \u0438 \u043f\u0440\u043e\u043a\u0430\u0442 \u0441\u043d\u0430\u0440\u044f\u0436\u0435\u043d\u0438\u044f. Peotelkide ja \u00f5llem\u00f6\u00f6bli rent. \u041f\u0440\u043e\u0436\u0438\u0432\u0430\u043d\u0438\u0435 \u0438 \u0441\u0430\u0443\u043d\u0430\" \/>\n<meta property=\"og:url\" content=\"https:\/\/samisiil.eu\/ru\/svyazatsya-s-nami\/\" \/>\n<meta property=\"og:site_name\" content=\"S\u00c4MI SIIL SEIKLEB\" \/>\n<meta property=\"article:publisher\" content=\"https:\/\/www.facebook.com\/samisiil\" \/>\n<meta property=\"article:modified_time\" content=\"2021-03-28T13:58:15+00:00\" \/>\n<meta name=\"twitter:card\" content=\"summary_large_image\" \/>\n<meta name=\"twitter:label1\" content=\"\u041f\u0440\u0438\u043c\u0435\u0440\u043d\u043e\u0435 \u0432\u0440\u0435\u043c\u044f \u0434\u043b\u044f \u0447\u0442\u0435\u043d\u0438\u044f\" \/>\n\t<meta name=\"twitter:data1\" content=\"1 \u043c\u0438\u043d\u0443\u0442\u0430\" \/>\n<script type=\"application\/ld+json\" class=\"yoast-schema-graph\">{\"@context\":\"https:\/\/schema.org\",\"@graph\":[{\"@type\":\"WebPage\",\"@id\":\"https:\/\/samisiil.eu\/ru\/svyazatsya-s-nami\/\",\"url\":\"https:\/\/samisiil.eu\/ru\/svyazatsya-s-nami\/\",\"name\":\"\u041a\u043e\u043d\u0442\u0430\u043a\u0442\",\"isPartOf\":{\"@id\":\"https:\/\/samisiil.eu\/ru\/#website\"},\"datePublished\":\"2021-01-13T12:49:16+00:00\",\"dateModified\":\"2021-03-28T13:58:15+00:00\",\"description\":\"A\u043a\u0442\u0438\u0432\u043d\u044b\u0439 \u043e\u0442\u0434\u044b\u0445 \u0432 \u041b\u044f\u044d\u043d\u0435-\u0412\u0438\u0440\u0443\u043c\u0430\u0430. \u041f\u043e\u0445\u043e\u0434\u044b \u043d\u0430 \u043a\u0430\u043d\u043e\u044d \u0438 \u043f\u0440\u043e\u043a\u0430\u0442 \u0441\u043d\u0430\u0440\u044f\u0436\u0435\u043d\u0438\u044f. Peotelkide ja \u00f5llem\u00f6\u00f6bli rent. \u041f\u0440\u043e\u0436\u0438\u0432\u0430\u043d\u0438\u0435 \u0438 \u0441\u0430\u0443\u043d\u0430\",\"breadcrumb\":{\"@id\":\"https:\/\/samisiil.eu\/ru\/svyazatsya-s-nami\/#breadcrumb\"},\"inLanguage\":\"ru-RU\",\"potentialAction\":[{\"@type\":\"ReadAction\",\"target\":[\"https:\/\/samisiil.eu\/ru\/svyazatsya-s-nami\/\"]}]},{\"@type\":\"BreadcrumbList\",\"@id\":\"https:\/\/samisiil.eu\/ru\/svyazatsya-s-nami\/#breadcrumb\",\"itemListElement\":[{\"@type\":\"ListItem\",\"position\":1,\"name\":\"Home\",\"item\":\"https:\/\/samisiil.eu\/ru\/\"},{\"@type\":\"ListItem\",\"position\":2,\"name\":\"\u041a\u043e\u043d\u0442\u0430\u043a\u0442\"}]},{\"@type\":\"WebSite\",\"@id\":\"https:\/\/samisiil.eu\/ru\/#website\",\"url\":\"https:\/\/samisiil.eu\/ru\/\",\"name\":\"S\u00c4MI SIIL SEIKLEB\",\"description\":\"S\u00c4MI SIIL SEIKLEB\",\"publisher\":{\"@id\":\"https:\/\/samisiil.eu\/ru\/#organization\"},\"potentialAction\":[{\"@type\":\"SearchAction\",\"target\":{\"@type\":\"EntryPoint\",\"urlTemplate\":\"https:\/\/samisiil.eu\/ru\/?s={search_term_string}\"},\"query-input\":{\"@type\":\"PropertyValueSpecification\",\"valueRequired\":true,\"valueName\":\"search_term_string\"}}],\"inLanguage\":\"ru-RU\"},{\"@type\":\"Organization\",\"@id\":\"https:\/\/samisiil.eu\/ru\/#organization\",\"name\":\"S\u00e4mi Siil\",\"url\":\"https:\/\/samisiil.eu\/ru\/\",\"logo\":{\"@type\":\"ImageObject\",\"inLanguage\":\"ru-RU\",\"@id\":\"https:\/\/samisiil.eu\/ru\/#\/schema\/logo\/image\/\",\"url\":\"https:\/\/samisiil.eu\/wp-content\/uploads\/2019\/07\/logo.png\",\"contentUrl\":\"https:\/\/samisiil.eu\/wp-content\/uploads\/2019\/07\/logo.png\",\"width\":500,\"height\":230,\"caption\":\"S\u00e4mi Siil\"},\"image\":{\"@id\":\"https:\/\/samisiil.eu\/ru\/#\/schema\/logo\/image\/\"},\"sameAs\":[\"https:\/\/www.facebook.com\/samisiil\"]}]}<\/script>\n<!-- \/ Yoast SEO plugin. -->","yoast_head_json":{"title":"\u041a\u043e\u043d\u0442\u0430\u043a\u0442","description":"A\u043a\u0442\u0438\u0432\u043d\u044b\u0439 \u043e\u0442\u0434\u044b\u0445 \u0432 \u041b\u044f\u044d\u043d\u0435-\u0412\u0438\u0440\u0443\u043c\u0430\u0430. \u041f\u043e\u0445\u043e\u0434\u044b \u043d\u0430 \u043a\u0430\u043d\u043e\u044d \u0438 \u043f\u0440\u043e\u043a\u0430\u0442 \u0441\u043d\u0430\u0440\u044f\u0436\u0435\u043d\u0438\u044f. Peotelkide ja \u00f5llem\u00f6\u00f6bli rent. \u041f\u0440\u043e\u0436\u0438\u0432\u0430\u043d\u0438\u0435 \u0438 \u0441\u0430\u0443\u043d\u0430","robots":{"index":"index","follow":"follow","max-snippet":"max-snippet:-1","max-image-preview":"max-image-preview:large","max-video-preview":"max-video-preview:-1"},"canonical":"https:\/\/samisiil.eu\/ru\/svyazatsya-s-nami\/","og_locale":"ru_RU","og_type":"article","og_title":"\u041a\u043e\u043d\u0442\u0430\u043a\u0442","og_description":"A\u043a\u0442\u0438\u0432\u043d\u044b\u0439 \u043e\u0442\u0434\u044b\u0445 \u0432 \u041b\u044f\u044d\u043d\u0435-\u0412\u0438\u0440\u0443\u043c\u0430\u0430. \u041f\u043e\u0445\u043e\u0434\u044b \u043d\u0430 \u043a\u0430\u043d\u043e\u044d \u0438 \u043f\u0440\u043e\u043a\u0430\u0442 \u0441\u043d\u0430\u0440\u044f\u0436\u0435\u043d\u0438\u044f. Peotelkide ja \u00f5llem\u00f6\u00f6bli rent. \u041f\u0440\u043e\u0436\u0438\u0432\u0430\u043d\u0438\u0435 \u0438 \u0441\u0430\u0443\u043d\u0430","og_url":"https:\/\/samisiil.eu\/ru\/svyazatsya-s-nami\/","og_site_name":"S\u00c4MI SIIL SEIKLEB","article_publisher":"https:\/\/www.facebook.com\/samisiil","article_modified_time":"2021-03-28T13:58:15+00:00","twitter_card":"summary_large_image","twitter_misc":{"\u041f\u0440\u0438\u043c\u0435\u0440\u043d\u043e\u0435 \u0432\u0440\u0435\u043c\u044f \u0434\u043b\u044f \u0447\u0442\u0435\u043d\u0438\u044f":"1 \u043c\u0438\u043d\u0443\u0442\u0430"},"schema":{"@context":"https:\/\/schema.org","@graph":[{"@type":"WebPage","@id":"https:\/\/samisiil.eu\/ru\/svyazatsya-s-nami\/","url":"https:\/\/samisiil.eu\/ru\/svyazatsya-s-nami\/","name":"\u041a\u043e\u043d\u0442\u0430\u043a\u0442","isPartOf":{"@id":"https:\/\/samisiil.eu\/ru\/#website"},"datePublished":"2021-01-13T12:49:16+00:00","dateModified":"2021-03-28T13:58:15+00:00","description":"A\u043a\u0442\u0438\u0432\u043d\u044b\u0439 \u043e\u0442\u0434\u044b\u0445 \u0432 \u041b\u044f\u044d\u043d\u0435-\u0412\u0438\u0440\u0443\u043c\u0430\u0430. \u041f\u043e\u0445\u043e\u0434\u044b \u043d\u0430 \u043a\u0430\u043d\u043e\u044d \u0438 \u043f\u0440\u043e\u043a\u0430\u0442 \u0441\u043d\u0430\u0440\u044f\u0436\u0435\u043d\u0438\u044f. Peotelkide ja \u00f5llem\u00f6\u00f6bli rent. \u041f\u0440\u043e\u0436\u0438\u0432\u0430\u043d\u0438\u0435 \u0438 \u0441\u0430\u0443\u043d\u0430","breadcrumb":{"@id":"https:\/\/samisiil.eu\/ru\/svyazatsya-s-nami\/#breadcrumb"},"inLanguage":"ru-RU","potentialAction":[{"@type":"ReadAction","target":["https:\/\/samisiil.eu\/ru\/svyazatsya-s-nami\/"]}]},{"@type":"BreadcrumbList","@id":"https:\/\/samisiil.eu\/ru\/svyazatsya-s-nami\/#breadcrumb","itemListElement":[{"@type":"ListItem","position":1,"name":"Home","item":"https:\/\/samisiil.eu\/ru\/"},{"@type":"ListItem","position":2,"name":"\u041a\u043e\u043d\u0442\u0430\u043a\u0442"}]},{"@type":"WebSite","@id":"https:\/\/samisiil.eu\/ru\/#website","url":"https:\/\/samisiil.eu\/ru\/","name":"S\u00c4MI SIIL SEIKLEB","description":"S\u00c4MI SIIL SEIKLEB","publisher":{"@id":"https:\/\/samisiil.eu\/ru\/#organization"},"potentialAction":[{"@type":"SearchAction","target":{"@type":"EntryPoint","urlTemplate":"https:\/\/samisiil.eu\/ru\/?s={search_term_string}"},"query-input":{"@type":"PropertyValueSpecification","valueRequired":true,"valueName":"search_term_string"}}],"inLanguage":"ru-RU"},{"@type":"Organization","@id":"https:\/\/samisiil.eu\/ru\/#organization","name":"S\u00e4mi Siil","url":"https:\/\/samisiil.eu\/ru\/","logo":{"@type":"ImageObject","inLanguage":"ru-RU","@id":"https:\/\/samisiil.eu\/ru\/#\/schema\/logo\/image\/","url":"https:\/\/samisiil.eu\/wp-content\/uploads\/2019\/07\/logo.png","contentUrl":"https:\/\/samisiil.eu\/wp-content\/uploads\/2019\/07\/logo.png","width":500,"height":230,"caption":"S\u00e4mi Siil"},"image":{"@id":"https:\/\/samisiil.eu\/ru\/#\/schema\/logo\/image\/"},"sameAs":["https:\/\/www.facebook.com\/samisiil"]}]}},"_links":{"self":[{"href":"https:\/\/samisiil.eu\/ru\/wp-json\/wp\/v2\/pages\/1452","targetHints":{"allow":["GET"]}}],"collection":[{"href":"https:\/\/samisiil.eu\/ru\/wp-json\/wp\/v2\/pages"}],"about":[{"href":"https:\/\/samisiil.eu\/ru\/wp-json\/wp\/v2\/types\/page"}],"author":[{"embeddable":true,"href":"https:\/\/samisiil.eu\/ru\/wp-json\/wp\/v2\/users\/1"}],"replies":[{"embeddable":true,"href":"https:\/\/samisiil.eu\/ru\/wp-json\/wp\/v2\/comments?post=1452"}],"version-history":[{"count":23,"href":"https:\/\/samisiil.eu\/ru\/wp-json\/wp\/v2\/pages\/1452\/revisions"}],"predecessor-version":[{"id":1773,"href":"https:\/\/samisiil.eu\/ru\/wp-json\/wp\/v2\/pages\/1452\/revisions\/1773"}],"wp:attachment":[{"href":"https:\/\/samisiil.eu\/ru\/wp-json\/wp\/v2\/media?parent=1452"}],"curies":[{"name":"wp","href":"https:\/\/api.w.org\/{rel}","templated":true}]}}