{"id":1461,"date":"2021-01-13T14:52:54","date_gmt":"2021-01-13T12:52:54","guid":{"rendered":"https:\/\/samisiil.eu\/%d0%bf%d1%80%d0%be%d0%b6%d0%b8%d0%b2%d0%b0%d0%bd%d0%b8%d0%b5\/"},"modified":"2021-01-13T20:15:14","modified_gmt":"2021-01-13T18:15:14","slug":"prozhivanie","status":"publish","type":"page","link":"https:\/\/samisiil.eu\/ru\/prozhivanie\/","title":{"rendered":"\u041f\u0440\u043e\u0436\u0438\u0432\u0430\u043d\u0438\u0435"},"content":{"rendered":"<div id='av_section_1'  class='avia-section main_color avia-section-large avia-no-border-styling  avia-bg-style-scroll  avia-builder-el-0  avia-builder-el-no-sibling   container_wrap sidebar_right' style=' '  ><div class='container' ><main  role=\"main\" itemprop=\"mainContentOfPage\"  class='template-page content  av-content-small alpha units'><div class='post-entry post-entry-type-page post-entry-1461'><div class='entry-content-wrapper clearfix'>\n<div class=\"flex_column av_two_fifth  flex_column_div av-zero-column-padding first  avia-builder-el-1  el_before_av_three_fifth  avia-builder-el-first  \" style='border-radius:0px; '><p><div  style='padding-bottom:10px; ' class='av-special-heading av-special-heading-h2  blockquote modern-quote  avia-builder-el-2  el_before_av_hr  avia-builder-el-first  '><h2 class='av-special-heading-tag '  itemprop=\"headline\"  >\u041f\u0440\u043e\u0436\u0438\u0432\u0430\u043d\u0438\u0435<\/h2><div class='special-heading-border'><div class='special-heading-inner-border' ><\/div><\/div><\/div><br \/>\n<div  style=' margin-top:20px; margin-bottom:30px;'  class='hr hr-custom hr-left hr-icon-no   avia-builder-el-3  el_after_av_heading  el_before_av_textblock '><span class='hr-inner  inner-border-av-border-fat' style=' width:50px;' ><span class='hr-inner-style'><\/span><\/span><\/div><br \/>\n<section class=\"av_textblock_section \"  itemscope=\"itemscope\" itemtype=\"https:\/\/schema.org\/CreativeWork\" ><div class='avia_textblock  '   itemprop=\"text\" ><p>\u0412 \u0434\u043e\u043c\u0438\u043a \u043e\u0431\u0449\u0435\u0439 \u043f\u043b\u043e\u0449\u0430\u0434\u044c\u044e 75 \u043c2 \u0432\u0445\u043e\u0434\u044f\u0442:<\/p>\n<ul>\n<li>7 \u0441\u043f\u0430\u043b\u044c\u043d\u044b\u0445 \u043c\u0435\u0441\u0442 (6 \u0441\u043f\u0430\u043b\u044c\u043d\u044b\u0445 \u043c\u0435\u0441\u0442, 1 \u0448\u0438\u0440\u043e\u043a\u0438\u0439 \u0434\u0438\u0432\u0430\u043d, \u043f\u043e\u0441\u0442\u0435\u043b\u044c\u043d\u043e\u0435 \u0431\u0435\u043b\u044c\u0435, \u0431\u0430\u043d\u043d\u044b\u0435 \u043f\u043e\u043b\u043e\u0442\u0435\u043d\u0446\u0430)<\/li>\n<li>\u041f\u0440\u043e\u0441\u0442\u043e\u0440\u043d\u0430\u044f \u043e\u0442\u043a\u0440\u044b\u0442\u0430\u044f \u043a\u0443\u0445\u043d\u044f (\u044d\u043b\u0435\u043a\u0442\u0440\u0438\u0447\u0435\u0441\u043a\u0430\u044f \u043f\u043b\u0438\u0442\u0430, \u0447\u0430\u0439\u043d\u0438\u043a, \u043f\u043e\u0441\u0443\u0434\u0430, \u043a\u0430\u0441\u0442\u0440\u044e\u043b\u044f, \u0441\u043a\u043e\u0432\u043e\u0440\u043e\u0434\u0430)<\/li>\n<li>\u0414\u0443\u0448\u0435\u0432\u0430\u044f<\/li>\n<li>\u0422\u0443\u0430\u043b\u0435\u0442\u044b<\/li>\n<li>\u0421\u0430\u0443\u043d\u0430 \u043d\u0430 \u0434\u0440\u043e\u0432\u0430\u0445 (\u043f\u043b\u0430\u0442\u043d\u043e)<\/li>\n<li>\u042f\u043f\u043e\u043d\u0441\u043a\u0430\u044f \u0431\u0430\u043d\u044f \u043d\u0430 \u0442\u0435\u0440\u0440\u0430\u0441\u0435 (\u043f\u043b\u0430\u0442\u043d\u043e)<\/li>\n<\/ul>\n<p><strong><a href=\"https:\/\/samisiil.eu\/ru\/prajs-list\/\">\u041f\u0420\u0410\u0419\u0421-\u041b\u0418\u0421\u0422<\/a><\/strong><\/p>\n<\/div><\/section><\/p><\/div><div class=\"flex_column av_three_fifth  flex_column_div av-zero-column-padding   avia-builder-el-5  el_after_av_two_fifth  avia-builder-el-last  \" style='border-radius:0px; '><div id='av-masonry-1' class='av-masonry  noHover av-flex-size av-large-gap av-hover-overlay- av-masonry-animation-active av-masonry-col-2 av-caption-always av-caption-style- av-masonry-gallery     '  ><div class='av-masonry-container isotope av-js-disabled ' ><div class='av-masonry-entry isotope-item av-masonry-item-no-image '><\/div><a href=\"https:\/\/samisiil.eu\/wp-content\/uploads\/2020\/10\/20200703_115235-1030x773.jpg\"  aria-label=\"image Saunamaja\"  id='av-masonry-1-item-1313' data-av-masonry-item='1313' class='av-masonry-entry isotope-item post-1313 attachment type-attachment status-inherit hentry  av-masonry-item-with-image' title=\"Saunamaja\" alt=\"\"   itemprop=\"thumbnailUrl\" ><div class='av-inner-masonry-sizer'><\/div><figure class='av-inner-masonry main_color'><div class=\"av-masonry-outerimage-container\"><div class=\"av-masonry-image-container\" ><img decoding=\"async\" width=\"705\" height=\"529\" class=\"wp-image-1313 avia-img-lazy-loading-not-1313\"  src=\"https:\/\/samisiil.eu\/wp-content\/uploads\/2020\/10\/20200703_115235-705x529.jpg\" title=\"Saunamaja\" alt=\"\" srcset=\"https:\/\/samisiil.eu\/wp-content\/uploads\/2020\/10\/20200703_115235-705x529.jpg 705w, https:\/\/samisiil.eu\/wp-content\/uploads\/2020\/10\/20200703_115235-300x225.jpg 300w, https:\/\/samisiil.eu\/wp-content\/uploads\/2020\/10\/20200703_115235-1030x773.jpg 1030w, https:\/\/samisiil.eu\/wp-content\/uploads\/2020\/10\/20200703_115235-768x576.jpg 768w, https:\/\/samisiil.eu\/wp-content\/uploads\/2020\/10\/20200703_115235-1536x1152.jpg 1536w, https:\/\/samisiil.eu\/wp-content\/uploads\/2020\/10\/20200703_115235-2048x1536.jpg 2048w, https:\/\/samisiil.eu\/wp-content\/uploads\/2020\/10\/20200703_115235-1500x1125.jpg 1500w\" sizes=\"(max-width: 705px) 100vw, 705px\" \/><\/div><\/div><\/figure><\/a><!--end av-masonry entry--><a href=\"https:\/\/samisiil.eu\/wp-content\/uploads\/2020\/02\/20200224_160540-773x1030.jpg\"  aria-label=\"image image with no title\"  id='av-masonry-1-item-1291' data-av-masonry-item='1291' class='av-masonry-entry isotope-item post-1291 attachment type-attachment status-inherit hentry  av-masonry-item-with-image' title=\"\" alt=\"\"   itemprop=\"thumbnailUrl\" ><div class='av-inner-masonry-sizer'><\/div><figure class='av-inner-masonry main_color'><div class=\"av-masonry-outerimage-container\"><div class=\"av-masonry-image-container\" ><img decoding=\"async\" width=\"529\" height=\"705\" class=\"wp-image-1291 avia-img-lazy-loading-not-1291\"  src=\"https:\/\/samisiil.eu\/wp-content\/uploads\/2020\/02\/20200224_160540-529x705.jpg\" title=\"\" alt=\"\" \/><\/div><\/div><\/figure><\/a><!--end av-masonry entry--><a href=\"https:\/\/samisiil.eu\/wp-content\/uploads\/2020\/10\/S\u00fcnni.jpg\"  aria-label=\"image S\u00fcnnip\u00e4eva laud\"  id='av-masonry-1-item-1311' data-av-masonry-item='1311' class='av-masonry-entry isotope-item post-1311 attachment type-attachment status-inherit hentry  av-masonry-item-with-image' title=\"S\u00fcnnip\u00e4eva laud\" alt=\"\"   itemprop=\"thumbnailUrl\" ><div class='av-inner-masonry-sizer'><\/div><figure class='av-inner-masonry main_color'><div class=\"av-masonry-outerimage-container\"><div class=\"av-masonry-image-container\" ><img decoding=\"async\" width=\"529\" height=\"705\" class=\"wp-image-1311 avia-img-lazy-loading-not-1311\"  src=\"https:\/\/samisiil.eu\/wp-content\/uploads\/2020\/10\/S\u00fcnni-529x705.jpg\" title=\"S\u00fcnnip\u00e4eva laud\" alt=\"\" srcset=\"https:\/\/samisiil.eu\/wp-content\/uploads\/2020\/10\/S\u00fcnni-529x705.jpg 529w, https:\/\/samisiil.eu\/wp-content\/uploads\/2020\/10\/S\u00fcnni-225x300.jpg 225w, https:\/\/samisiil.eu\/wp-content\/uploads\/2020\/10\/S\u00fcnni.jpg 750w\" sizes=\"(max-width: 529px) 100vw, 529px\" \/><\/div><\/div><\/figure><\/a><!--end av-masonry entry--><a href=\"https:\/\/samisiil.eu\/wp-content\/uploads\/2020\/02\/20200224_160326-773x1030.jpg\"  aria-label=\"image image with no title\"  id='av-masonry-1-item-1293' data-av-masonry-item='1293' class='av-masonry-entry isotope-item post-1293 attachment type-attachment status-inherit hentry  av-masonry-item-with-image' title=\"\" alt=\"\"   itemprop=\"thumbnailUrl\" ><div class='av-inner-masonry-sizer'><\/div><figure class='av-inner-masonry main_color'><div class=\"av-masonry-outerimage-container\"><div class=\"av-masonry-image-container\" ><img decoding=\"async\" width=\"529\" height=\"705\" class=\"wp-image-1293 avia-img-lazy-loading-not-1293\"  src=\"https:\/\/samisiil.eu\/wp-content\/uploads\/2020\/02\/20200224_160326-529x705.jpg\" title=\"\" alt=\"\" srcset=\"https:\/\/samisiil.eu\/wp-content\/uploads\/2020\/02\/20200224_160326-529x705.jpg 529w, https:\/\/samisiil.eu\/wp-content\/uploads\/2020\/02\/20200224_160326-225x300.jpg 225w, https:\/\/samisiil.eu\/wp-content\/uploads\/2020\/02\/20200224_160326-768x1024.jpg 768w, https:\/\/samisiil.eu\/wp-content\/uploads\/2020\/02\/20200224_160326-773x1030.jpg 773w, https:\/\/samisiil.eu\/wp-content\/uploads\/2020\/02\/20200224_160326-1125x1500.jpg 1125w, https:\/\/samisiil.eu\/wp-content\/uploads\/2020\/02\/20200224_160326-450x600.jpg 450w\" sizes=\"(max-width: 529px) 100vw, 529px\" \/><\/div><\/div><\/figure><\/a><!--end av-masonry entry--><a href=\"https:\/\/samisiil.eu\/wp-content\/uploads\/2020\/02\/20200224_151646-e1582642364813-773x1030.jpg\"  aria-label=\"image image with no title\"  id='av-masonry-1-item-1295' data-av-masonry-item='1295' class='av-masonry-entry isotope-item post-1295 attachment type-attachment status-inherit hentry  av-masonry-item-with-image' title=\"\" alt=\"\"   itemprop=\"thumbnailUrl\" ><div class='av-inner-masonry-sizer'><\/div><figure class='av-inner-masonry main_color'><div class=\"av-masonry-outerimage-container\"><div class=\"av-masonry-image-container\" ><img decoding=\"async\" width=\"529\" height=\"705\" class=\"wp-image-1295 avia-img-lazy-loading-not-1295\"  src=\"https:\/\/samisiil.eu\/wp-content\/uploads\/2020\/02\/20200224_151646-e1582642364813-529x705.jpg\" title=\"\" alt=\"\" srcset=\"https:\/\/samisiil.eu\/wp-content\/uploads\/2020\/02\/20200224_151646-e1582642364813-529x705.jpg 529w, https:\/\/samisiil.eu\/wp-content\/uploads\/2020\/02\/20200224_151646-e1582642364813-225x300.jpg 225w, https:\/\/samisiil.eu\/wp-content\/uploads\/2020\/02\/20200224_151646-e1582642364813-768x1024.jpg 768w, https:\/\/samisiil.eu\/wp-content\/uploads\/2020\/02\/20200224_151646-e1582642364813-773x1030.jpg 773w, https:\/\/samisiil.eu\/wp-content\/uploads\/2020\/02\/20200224_151646-e1582642364813-1125x1500.jpg 1125w, https:\/\/samisiil.eu\/wp-content\/uploads\/2020\/02\/20200224_151646-e1582642364813-450x600.jpg 450w\" sizes=\"(max-width: 529px) 100vw, 529px\" \/><\/div><\/div><\/figure><\/a><!--end av-masonry entry--><\/div><\/div><\/div><\/div><\/div><\/main><!-- close content main element --><\/div><\/div><div id='after_section_1'  class='main_color av_default_container_wrap container_wrap sidebar_right' style=' '  ><div class='container' ><div class='template-page content  av-content-small alpha units'><div class='post-entry post-entry-type-page post-entry-1461'><div class='entry-content-wrapper clearfix'>\n","protected":false},"excerpt":{"rendered":"","protected":false},"author":1,"featured_media":0,"parent":0,"menu_order":0,"comment_status":"closed","ping_status":"closed","template":"","meta":{"footnotes":""},"class_list":["post-1461","page","type-page","status-publish","hentry"],"yoast_head":"<!-- This site is optimized with the Yoast SEO plugin v24.9 - https:\/\/yoast.com\/wordpress\/plugins\/seo\/ -->\n<title>\u041f\u0440\u043e\u0436\u0438\u0432\u0430\u043d\u0438\u0435<\/title>\n<meta name=\"description\" content=\"A\u043a\u0442\u0438\u0432\u043d\u044b\u0439 \u043e\u0442\u0434\u044b\u0445 \u0432 \u041b\u044f\u044d\u043d\u0435-\u0412\u0438\u0440\u0443\u043c\u0430\u0430. \u041f\u043e\u0445\u043e\u0434\u044b \u043d\u0430 \u043a\u0430\u043d\u043e\u044d \u0438 \u043f\u0440\u043e\u043a\u0430\u0442 \u0441\u043d\u0430\u0440\u044f\u0436\u0435\u043d\u0438\u044f. Peotelkide ja \u00f5llem\u00f6\u00f6bli rent. \u041f\u0440\u043e\u0436\u0438\u0432\u0430\u043d\u0438\u0435 \u0438 \u0441\u0430\u0443\u043d\u0430\" \/>\n<meta name=\"robots\" content=\"index, follow, max-snippet:-1, max-image-preview:large, max-video-preview:-1\" \/>\n<link rel=\"canonical\" href=\"https:\/\/samisiil.eu\/ru\/prozhivanie\/\" \/>\n<meta property=\"og:locale\" content=\"ru_RU\" \/>\n<meta property=\"og:type\" content=\"article\" \/>\n<meta property=\"og:title\" content=\"\u041f\u0440\u043e\u0436\u0438\u0432\u0430\u043d\u0438\u0435\" \/>\n<meta property=\"og:description\" content=\"A\u043a\u0442\u0438\u0432\u043d\u044b\u0439 \u043e\u0442\u0434\u044b\u0445 \u0432 \u041b\u044f\u044d\u043d\u0435-\u0412\u0438\u0440\u0443\u043c\u0430\u0430. \u041f\u043e\u0445\u043e\u0434\u044b \u043d\u0430 \u043a\u0430\u043d\u043e\u044d \u0438 \u043f\u0440\u043e\u043a\u0430\u0442 \u0441\u043d\u0430\u0440\u044f\u0436\u0435\u043d\u0438\u044f. Peotelkide ja \u00f5llem\u00f6\u00f6bli rent. \u041f\u0440\u043e\u0436\u0438\u0432\u0430\u043d\u0438\u0435 \u0438 \u0441\u0430\u0443\u043d\u0430\" \/>\n<meta property=\"og:url\" content=\"https:\/\/samisiil.eu\/ru\/prozhivanie\/\" \/>\n<meta property=\"og:site_name\" content=\"S\u00c4MI SIIL SEIKLEB\" \/>\n<meta property=\"article:publisher\" content=\"https:\/\/www.facebook.com\/samisiil\" \/>\n<meta property=\"article:modified_time\" content=\"2021-01-13T18:15:14+00:00\" \/>\n<meta name=\"twitter:card\" content=\"summary_large_image\" \/>\n<meta name=\"twitter:label1\" content=\"\u041f\u0440\u0438\u043c\u0435\u0440\u043d\u043e\u0435 \u0432\u0440\u0435\u043c\u044f \u0434\u043b\u044f \u0447\u0442\u0435\u043d\u0438\u044f\" \/>\n\t<meta name=\"twitter:data1\" content=\"3 \u043c\u0438\u043d\u0443\u0442\u044b\" \/>\n<script type=\"application\/ld+json\" class=\"yoast-schema-graph\">{\"@context\":\"https:\/\/schema.org\",\"@graph\":[{\"@type\":\"WebPage\",\"@id\":\"https:\/\/samisiil.eu\/ru\/prozhivanie\/\",\"url\":\"https:\/\/samisiil.eu\/ru\/prozhivanie\/\",\"name\":\"\u041f\u0440\u043e\u0436\u0438\u0432\u0430\u043d\u0438\u0435\",\"isPartOf\":{\"@id\":\"https:\/\/samisiil.eu\/ru\/#website\"},\"datePublished\":\"2021-01-13T12:52:54+00:00\",\"dateModified\":\"2021-01-13T18:15:14+00:00\",\"description\":\"A\u043a\u0442\u0438\u0432\u043d\u044b\u0439 \u043e\u0442\u0434\u044b\u0445 \u0432 \u041b\u044f\u044d\u043d\u0435-\u0412\u0438\u0440\u0443\u043c\u0430\u0430. \u041f\u043e\u0445\u043e\u0434\u044b \u043d\u0430 \u043a\u0430\u043d\u043e\u044d \u0438 \u043f\u0440\u043e\u043a\u0430\u0442 \u0441\u043d\u0430\u0440\u044f\u0436\u0435\u043d\u0438\u044f. Peotelkide ja \u00f5llem\u00f6\u00f6bli rent. \u041f\u0440\u043e\u0436\u0438\u0432\u0430\u043d\u0438\u0435 \u0438 \u0441\u0430\u0443\u043d\u0430\",\"breadcrumb\":{\"@id\":\"https:\/\/samisiil.eu\/ru\/prozhivanie\/#breadcrumb\"},\"inLanguage\":\"ru-RU\",\"potentialAction\":[{\"@type\":\"ReadAction\",\"target\":[\"https:\/\/samisiil.eu\/ru\/prozhivanie\/\"]}]},{\"@type\":\"BreadcrumbList\",\"@id\":\"https:\/\/samisiil.eu\/ru\/prozhivanie\/#breadcrumb\",\"itemListElement\":[{\"@type\":\"ListItem\",\"position\":1,\"name\":\"Home\",\"item\":\"https:\/\/samisiil.eu\/ru\/\"},{\"@type\":\"ListItem\",\"position\":2,\"name\":\"\u041f\u0440\u043e\u0436\u0438\u0432\u0430\u043d\u0438\u0435\"}]},{\"@type\":\"WebSite\",\"@id\":\"https:\/\/samisiil.eu\/ru\/#website\",\"url\":\"https:\/\/samisiil.eu\/ru\/\",\"name\":\"S\u00c4MI SIIL SEIKLEB\",\"description\":\"S\u00c4MI SIIL SEIKLEB\",\"publisher\":{\"@id\":\"https:\/\/samisiil.eu\/ru\/#organization\"},\"potentialAction\":[{\"@type\":\"SearchAction\",\"target\":{\"@type\":\"EntryPoint\",\"urlTemplate\":\"https:\/\/samisiil.eu\/ru\/?s={search_term_string}\"},\"query-input\":{\"@type\":\"PropertyValueSpecification\",\"valueRequired\":true,\"valueName\":\"search_term_string\"}}],\"inLanguage\":\"ru-RU\"},{\"@type\":\"Organization\",\"@id\":\"https:\/\/samisiil.eu\/ru\/#organization\",\"name\":\"S\u00e4mi Siil\",\"url\":\"https:\/\/samisiil.eu\/ru\/\",\"logo\":{\"@type\":\"ImageObject\",\"inLanguage\":\"ru-RU\",\"@id\":\"https:\/\/samisiil.eu\/ru\/#\/schema\/logo\/image\/\",\"url\":\"https:\/\/samisiil.eu\/wp-content\/uploads\/2019\/07\/logo.png\",\"contentUrl\":\"https:\/\/samisiil.eu\/wp-content\/uploads\/2019\/07\/logo.png\",\"width\":500,\"height\":230,\"caption\":\"S\u00e4mi Siil\"},\"image\":{\"@id\":\"https:\/\/samisiil.eu\/ru\/#\/schema\/logo\/image\/\"},\"sameAs\":[\"https:\/\/www.facebook.com\/samisiil\"]}]}<\/script>\n<!-- \/ Yoast SEO plugin. -->","yoast_head_json":{"title":"\u041f\u0440\u043e\u0436\u0438\u0432\u0430\u043d\u0438\u0435","description":"A\u043a\u0442\u0438\u0432\u043d\u044b\u0439 \u043e\u0442\u0434\u044b\u0445 \u0432 \u041b\u044f\u044d\u043d\u0435-\u0412\u0438\u0440\u0443\u043c\u0430\u0430. \u041f\u043e\u0445\u043e\u0434\u044b \u043d\u0430 \u043a\u0430\u043d\u043e\u044d \u0438 \u043f\u0440\u043e\u043a\u0430\u0442 \u0441\u043d\u0430\u0440\u044f\u0436\u0435\u043d\u0438\u044f. Peotelkide ja \u00f5llem\u00f6\u00f6bli rent. \u041f\u0440\u043e\u0436\u0438\u0432\u0430\u043d\u0438\u0435 \u0438 \u0441\u0430\u0443\u043d\u0430","robots":{"index":"index","follow":"follow","max-snippet":"max-snippet:-1","max-image-preview":"max-image-preview:large","max-video-preview":"max-video-preview:-1"},"canonical":"https:\/\/samisiil.eu\/ru\/prozhivanie\/","og_locale":"ru_RU","og_type":"article","og_title":"\u041f\u0440\u043e\u0436\u0438\u0432\u0430\u043d\u0438\u0435","og_description":"A\u043a\u0442\u0438\u0432\u043d\u044b\u0439 \u043e\u0442\u0434\u044b\u0445 \u0432 \u041b\u044f\u044d\u043d\u0435-\u0412\u0438\u0440\u0443\u043c\u0430\u0430. \u041f\u043e\u0445\u043e\u0434\u044b \u043d\u0430 \u043a\u0430\u043d\u043e\u044d \u0438 \u043f\u0440\u043e\u043a\u0430\u0442 \u0441\u043d\u0430\u0440\u044f\u0436\u0435\u043d\u0438\u044f. Peotelkide ja \u00f5llem\u00f6\u00f6bli rent. \u041f\u0440\u043e\u0436\u0438\u0432\u0430\u043d\u0438\u0435 \u0438 \u0441\u0430\u0443\u043d\u0430","og_url":"https:\/\/samisiil.eu\/ru\/prozhivanie\/","og_site_name":"S\u00c4MI SIIL SEIKLEB","article_publisher":"https:\/\/www.facebook.com\/samisiil","article_modified_time":"2021-01-13T18:15:14+00:00","twitter_card":"summary_large_image","twitter_misc":{"\u041f\u0440\u0438\u043c\u0435\u0440\u043d\u043e\u0435 \u0432\u0440\u0435\u043c\u044f \u0434\u043b\u044f \u0447\u0442\u0435\u043d\u0438\u044f":"3 \u043c\u0438\u043d\u0443\u0442\u044b"},"schema":{"@context":"https:\/\/schema.org","@graph":[{"@type":"WebPage","@id":"https:\/\/samisiil.eu\/ru\/prozhivanie\/","url":"https:\/\/samisiil.eu\/ru\/prozhivanie\/","name":"\u041f\u0440\u043e\u0436\u0438\u0432\u0430\u043d\u0438\u0435","isPartOf":{"@id":"https:\/\/samisiil.eu\/ru\/#website"},"datePublished":"2021-01-13T12:52:54+00:00","dateModified":"2021-01-13T18:15:14+00:00","description":"A\u043a\u0442\u0438\u0432\u043d\u044b\u0439 \u043e\u0442\u0434\u044b\u0445 \u0432 \u041b\u044f\u044d\u043d\u0435-\u0412\u0438\u0440\u0443\u043c\u0430\u0430. \u041f\u043e\u0445\u043e\u0434\u044b \u043d\u0430 \u043a\u0430\u043d\u043e\u044d \u0438 \u043f\u0440\u043e\u043a\u0430\u0442 \u0441\u043d\u0430\u0440\u044f\u0436\u0435\u043d\u0438\u044f. Peotelkide ja \u00f5llem\u00f6\u00f6bli rent. \u041f\u0440\u043e\u0436\u0438\u0432\u0430\u043d\u0438\u0435 \u0438 \u0441\u0430\u0443\u043d\u0430","breadcrumb":{"@id":"https:\/\/samisiil.eu\/ru\/prozhivanie\/#breadcrumb"},"inLanguage":"ru-RU","potentialAction":[{"@type":"ReadAction","target":["https:\/\/samisiil.eu\/ru\/prozhivanie\/"]}]},{"@type":"BreadcrumbList","@id":"https:\/\/samisiil.eu\/ru\/prozhivanie\/#breadcrumb","itemListElement":[{"@type":"ListItem","position":1,"name":"Home","item":"https:\/\/samisiil.eu\/ru\/"},{"@type":"ListItem","position":2,"name":"\u041f\u0440\u043e\u0436\u0438\u0432\u0430\u043d\u0438\u0435"}]},{"@type":"WebSite","@id":"https:\/\/samisiil.eu\/ru\/#website","url":"https:\/\/samisiil.eu\/ru\/","name":"S\u00c4MI SIIL SEIKLEB","description":"S\u00c4MI SIIL SEIKLEB","publisher":{"@id":"https:\/\/samisiil.eu\/ru\/#organization"},"potentialAction":[{"@type":"SearchAction","target":{"@type":"EntryPoint","urlTemplate":"https:\/\/samisiil.eu\/ru\/?s={search_term_string}"},"query-input":{"@type":"PropertyValueSpecification","valueRequired":true,"valueName":"search_term_string"}}],"inLanguage":"ru-RU"},{"@type":"Organization","@id":"https:\/\/samisiil.eu\/ru\/#organization","name":"S\u00e4mi Siil","url":"https:\/\/samisiil.eu\/ru\/","logo":{"@type":"ImageObject","inLanguage":"ru-RU","@id":"https:\/\/samisiil.eu\/ru\/#\/schema\/logo\/image\/","url":"https:\/\/samisiil.eu\/wp-content\/uploads\/2019\/07\/logo.png","contentUrl":"https:\/\/samisiil.eu\/wp-content\/uploads\/2019\/07\/logo.png","width":500,"height":230,"caption":"S\u00e4mi Siil"},"image":{"@id":"https:\/\/samisiil.eu\/ru\/#\/schema\/logo\/image\/"},"sameAs":["https:\/\/www.facebook.com\/samisiil"]}]}},"_links":{"self":[{"href":"https:\/\/samisiil.eu\/ru\/wp-json\/wp\/v2\/pages\/1461","targetHints":{"allow":["GET"]}}],"collection":[{"href":"https:\/\/samisiil.eu\/ru\/wp-json\/wp\/v2\/pages"}],"about":[{"href":"https:\/\/samisiil.eu\/ru\/wp-json\/wp\/v2\/types\/page"}],"author":[{"embeddable":true,"href":"https:\/\/samisiil.eu\/ru\/wp-json\/wp\/v2\/users\/1"}],"replies":[{"embeddable":true,"href":"https:\/\/samisiil.eu\/ru\/wp-json\/wp\/v2\/comments?post=1461"}],"version-history":[{"count":4,"href":"https:\/\/samisiil.eu\/ru\/wp-json\/wp\/v2\/pages\/1461\/revisions"}],"predecessor-version":[{"id":1666,"href":"https:\/\/samisiil.eu\/ru\/wp-json\/wp\/v2\/pages\/1461\/revisions\/1666"}],"wp:attachment":[{"href":"https:\/\/samisiil.eu\/ru\/wp-json\/wp\/v2\/media?parent=1461"}],"curies":[{"name":"wp","href":"https:\/\/api.w.org\/{rel}","templated":true}]}}